{"id":252574,"date":"2023-07-04T18:44:37","date_gmt":"2023-07-04T17:44:37","guid":{"rendered":"https:\/\/www.moskito.cz\/?post_type=product&#038;p=252574"},"modified":"2025-05-07T10:52:00","modified_gmt":"2025-05-07T09:52:00","slug":"zaviraci-nuz-spyderco-sage-5-c123cfpcl","status":"publish","type":"product","link":"https:\/\/www.moskito.cz\/pl\/produkt\/zaviraci-nuz-spyderco-sage-5-c123cfpcl\/","title":{"rendered":"Zav\u00edrac\u00ed N\u016f\u017e Spyderco Sage 5 C123CFPCL"},"content":{"rendered":"<p>Zav\u00edrac\u00ed N\u016f\u017e <strong>Spyderco<\/strong> Sage 5 C123CFPCL<\/p>\n<p>\u0158ada Sage od <strong>Spyderco<\/strong> je rodina no\u017e\u016f, kter\u00e1 p\u0159edstavuje inovativn\u00ed uzamykac\u00ed mechanismy, kter\u00e9 pomohly definovat modern\u00ed technologii zav\u00edrac\u00edch no\u017e\u016f. Nejnov\u011bj\u0161\u00edm p\u0159\u00edr\u016fstkem do t\u00e9to jedine\u010dn\u00e9 s\u00e9rie je Sage 5, kter\u00fd vyzdvihuje vlastn\u00ed patentovan\u00fd mechanismus Compression Lock spole\u010dnosti Spyderco. Tento pr\u016flomov\u00fd z\u00e1mek pou\u017e\u00edv\u00e1 d\u011blenou vlo\u017eku v jedn\u00e9 ze \u0161upin rukojeti k zapojen\u00ed nahoru sm\u011b\u0159uj\u00edc\u00ed rampy na hrot \u010depele. Tam je vlo\u017eka stla\u010dena mezi rampou radlice a dorazov\u00fdm kol\u00edkem. Krom\u011b toho, \u017ee je podstatn\u011b pevn\u011bj\u0161\u00ed ne\u017e b\u011b\u017en\u00fd mechanismus liner lock, Compression Lock tak\u00e9 umo\u017e\u0148uje bezpe\u010dn\u00e9 zav\u0159en\u00ed no\u017ee pouze jednou rukou, ani\u017e byste vlo\u017eili prsty do dr\u00e1hy ost\u0159\u00ed.<\/p>\n<p>Kompresn\u00ed z\u00e1mek, zasazen\u00fd do ohromuj\u00edc\u00ed rukojeti s odlupovac\u00ed texturou z uhl\u00edkov\u00fdch vl\u00e1ken\/lamin\u00e1tov\u00fdch \u0161upin G10, je sp\u00e1rov\u00e1n s celoplo\u0161n\u011b brou\u0161enou \u010depel\u00ed ve tvaru listu vyrobenou z prvot\u0159\u00eddn\u00ed nerezov\u00e9 oceli CPM S30V z \u010d\u00e1sticov\u00e9 metalurgie. \u010cepel PlainEdge obsahuje kulat\u00fd otvor s ochrannou zn\u00e1mkou Spyderco pro rychl\u00e9, pozitivn\u00ed otev\u00edr\u00e1n\u00ed jednou rukou kteroukoli rukou. Ve stejn\u00e9m duchu je rukoje\u0165 Sage 5 vybavena oboustrannou dr\u00e1t\u011bnou sponou s hlubokou kapsou, kter\u00e1 umo\u017e\u0148uje diskr\u00e9tn\u00ed no\u0161en\u00ed na lev\u00e9 nebo prav\u00e9 stran\u011b.<br \/>\nSpyderco v\u011bnuje \u010d\u00e1st v\u00fdt\u011b\u017eku z prodeje ka\u017ed\u00e9 slo\u017eky Sage Series Alzheimerov\u011b asociaci, Colorado Chapter. Toto sdru\u017een\u00ed je p\u0159edn\u00ed dobrovolnou zdravotnickou organizac\u00ed v oblasti p\u00e9\u010de o Alzheimerovu chorobu, podpory a v\u00fdzkumu.<br \/>\nSpecifikace<\/p>\n<p>D\u00e9lka \u010depele: <span id=\"cwos\" class=\"qv3Wpe\">7.57<\/span> cm<br \/>\nD\u00e9lka v zav\u0159en\u00e9m stavu: <span id=\"cwos\" class=\"qv3Wpe\">10.42<\/span> cm<br \/>\nCelkov\u00e1 d\u00e9lka: 18 cm<br \/>\nTlou\u0161\u0165ka \u010depele: <span id=\"cwos\" class=\"qv3Wpe\">0.29<\/span> cm<br \/>\nMateri\u00e1l \u010depele: CPM S30V Nerezov\u00e1 ocel<br \/>\nBrou\u0161en\u00ed \u010depele: Pln\u011b ploch\u00e9<br \/>\nOst\u0159\u00ed \u010depele: Hladk\u00e9<br \/>\nMateri\u00e1l rukojeti: uhl\u00edkov\u00e9 vl\u00e1kno \/ lamin\u00e1t G10<br \/>\nUzamykac\u00ed mechanismus: Kompresn\u00ed z\u00e1mek<br \/>\nKapesn\u00ed klip: Vykl\u00e1p\u011bc\u00ed<br \/>\n\u010c\u00edslo modelu: C123CFPCL<br \/>\nN\u00e1zev modelu: Sage 5<br \/>\nHmotnost: 3,2 oz.<\/p>\n<p>&nbsp;<\/p>\n","protected":false},"excerpt":{"rendered":"<p><strong>\u0158ada Sage od Spyderco je rodina no\u017e\u016f, kter\u00e1 p\u0159edstavuje inovativn\u00ed uzamykac\u00ed mechanismy, kter\u00e9 pomohly definovat modern\u00ed technologii zav\u00edrac\u00edch no\u017e\u016f.<\/strong><\/p>\n","protected":false},"featured_media":252575,"comment_status":"open","ping_status":"closed","template":"","meta":[],"pwb-brand":[567],"product_brand":[],"product_cat":[22,17],"product_tag":[3667],"class_list":{"0":"post-252574","1":"product","2":"type-product","3":"status-publish","4":"has-post-thumbnail","6":"pwb-brand-spyderco","7":"product_cat-zaviraci-noze","8":"product_cat-noze","9":"product_tag-b2b","11":"first","12":"instock","13":"taxable","14":"shipping-taxable","15":"purchasable","16":"product-type-simple"},"brands":[{"id":567,"name":"Spyderco","slug":"spyderco"}],"_links":{"self":[{"href":"https:\/\/www.moskito.cz\/pl\/wp-json\/wp\/v2\/product\/252574","targetHints":{"allow":["GET"]}}],"collection":[{"href":"https:\/\/www.moskito.cz\/pl\/wp-json\/wp\/v2\/product"}],"about":[{"href":"https:\/\/www.moskito.cz\/pl\/wp-json\/wp\/v2\/types\/product"}],"replies":[{"embeddable":true,"href":"https:\/\/www.moskito.cz\/pl\/wp-json\/wp\/v2\/comments?post=252574"}],"wp:featuredmedia":[{"embeddable":true,"href":"https:\/\/www.moskito.cz\/pl\/wp-json\/wp\/v2\/media\/252575"}],"wp:attachment":[{"href":"https:\/\/www.moskito.cz\/pl\/wp-json\/wp\/v2\/media?parent=252574"}],"wp:term":[{"taxonomy":"pwb-brand","embeddable":true,"href":"https:\/\/www.moskito.cz\/pl\/wp-json\/wp\/v2\/pwb-brand?post=252574"},{"taxonomy":"product_brand","embeddable":true,"href":"https:\/\/www.moskito.cz\/pl\/wp-json\/wp\/v2\/product_brand?post=252574"},{"taxonomy":"product_cat","embeddable":true,"href":"https:\/\/www.moskito.cz\/pl\/wp-json\/wp\/v2\/product_cat?post=252574"},{"taxonomy":"product_tag","embeddable":true,"href":"https:\/\/www.moskito.cz\/pl\/wp-json\/wp\/v2\/product_tag?post=252574"}],"curies":[{"name":"wp","href":"https:\/\/api.w.org\/{rel}","templated":true}]}}