{"id":252913,"date":"2023-07-05T16:10:07","date_gmt":"2023-07-05T15:10:07","guid":{"rendered":"https:\/\/www.moskito.cz\/?post_type=product&#038;p=252913"},"modified":"2025-05-07T10:52:06","modified_gmt":"2025-05-07T09:52:06","slug":"zaviraci-nuz-spyderco-persistence-lightweight-c136sbbk","status":"publish","type":"product","link":"https:\/\/www.moskito.cz\/pl\/produkt\/zaviraci-nuz-spyderco-persistence-lightweight-c136sbbk\/","title":{"rendered":"Zav\u00edrac\u00ed N\u016f\u017e Spyderco Persistence Lightweight C136SBBK"},"content":{"rendered":"<p>Zav\u00edrac\u00ed N\u016f\u017e <strong>Spyderco<\/strong> Persistence Lightweight C136SBBK<\/p>\n<p>Od doby, kdy spole\u010dnost <strong>Spyderco<\/strong> p\u0159ed v\u00edce ne\u017e 40 lety vyrobila sv\u016fj prvn\u00ed p\u0159evratn\u00fd n\u016f\u017e CLIP-IT, se spole\u010dnost Spyderco v\u017edy soust\u0159edila na v\u00fdrobu absolutn\u011b nejlep\u0161\u00edch \u0159ezn\u00fdch n\u00e1stroj\u016f. V\u011bd\u00ed, \u017ee seri\u00f3zn\u00ed u\u017eivatel\u00e9 no\u017e\u016f oce\u0148uj\u00ed kvalitu a v\u00fdkon a jsou ochotni investovat do pr\u00e9miov\u00fdch produkt\u016f. Ch\u00e1pou v\u0161ak tak\u00e9, \u017ee st\u00e1t se v\u00e1\u017en\u00fdm u\u017eivatelem no\u017ee je proces. V\u0161ichni mus\u00edme n\u011bkde za\u010d\u00edt, a dokud nem\u00e1me dostatek zku\u0161enost\u00ed, abychom ocenili kvalitu, obvykle to znamen\u00e1 za\u010d\u00edt s no\u017ei s ni\u017e\u0161\u00ed cenou. Z tohoto d\u016fvodu Spyderco vytvo\u0159ilo sv\u00e9 slo\u017eky hodnot.<\/p>\n<p>C\u00edlem rodiny Value Folder bylo p\u0159edv\u00e9st v\u0161echny definuj\u00edc\u00ed vlastnosti Spyderco CLIP-IT v cenov\u011b p\u0159\u00edzniv\u00e9 form\u011b. To by umo\u017enilo za\u010d\u00ednaj\u00edc\u00edm u\u017eivatel\u016fm no\u017e\u016f za\u017e\u00edt rychl\u00e9, oboustrann\u00e9 otev\u00edr\u00e1n\u00ed kulat\u00e9ho otvoru Spyderco Trademark, pohodln\u00e9 p\u0159en\u00e1\u0161en\u00ed a okam\u017eit\u00fd p\u0159\u00edstup ke kapesn\u00ed spon\u011b a vylep\u0161en\u00fd \u0159ezn\u00fd v\u00fdkon \u010depele s v\u00fdjime\u010dnou geometri\u00ed ost\u0159\u00ed. Tato zku\u0161enost z prvn\u00ed ruky by jim umo\u017enila ocenit tyto funkce a v\u00e9st je k tomu, aby se stali d\u016fvtipn\u00fdmi a zku\u0161en\u00fdmi u\u017eivateli no\u017e\u016f.<\/p>\n<p>Pro lidi, kte\u0159\u00ed ji\u017e ocenili v\u00fdhody platformy CLIP-IT, p\u0159edstavovala Value Folders tak\u00e9 cenov\u011b dostupn\u00e9 \u201e\u0161leha\u010dsk\u00e9\u201c no\u017ee, \u201ep\u016fj\u010dovac\u00ed\u201c no\u017ee pro spolupracovn\u00edky a perfektn\u00ed d\u00e1rky pro za\u010d\u00ednaj\u00edc\u00ed nad\u0161ence no\u017e\u016f.<\/p>\n<p>P\u016fvodn\u00ed slo\u017eka hodnot \u2013 a st\u00e1le vlajkov\u00e1 lo\u010f rodiny \u2013 byla Tenacious. Nastavila standard pro tuto s\u00e9rii, obsahuje \u010depel 8Cr13MoV s pln\u011b ploch\u00fdm brou\u0161en\u00edm, pln\u011b skeletonizovan\u00e9 vlo\u017eky z nerezov\u00e9 oceli, robustn\u00ed mechanismus LinerLock, snadno \u010distiteln\u00fd styl konstrukce s otev\u0159en\u00fdm h\u0159betem, \u0161upiny G10 s odlupovac\u00ed vrstvou a pln\u011b nastaviteln\u00fd \u010dty\u0159polohov\u00fd kapesn\u00ed klip. P\u0159esto\u017ee to byl perfektn\u00ed \u201estartovac\u00ed\u201c n\u016f\u017e pro generaci fanou\u0161k\u016f Spyderca, pro pot\u0159eby n\u011bkter\u00fdch u\u017eivatel\u016f byl p\u0159eci jen trochu moc velk\u00fd. K vy\u0159e\u0161en\u00ed tohoto probl\u00e9mu byla vytvo\u0159ena Persistence.<\/p>\n<p><strong>Vytrvalost<\/strong><\/p>\n<p>O 11 % men\u0161\u00ed ne\u017e Tenacious, Persistence byl navr\u017een tak, aby poskytoval stejn\u00e9 dostupn\u00e9 pohodl\u00ed, v\u0161estrannost a s\u00edlu, ale v kompaktn\u011bj\u0161\u00edm form\u00e1tu. Ide\u00e1ln\u00ed pro men\u0161\u00ed ruce a no\u0161en\u00ed v jurisdikc\u00edch, kter\u00e9 omezuj\u00ed z\u00e1konnou d\u00e9lku \u010depele na m\u00e9n\u011b ne\u017e t\u0159i palce, poskytuje v\u00fdjime\u010dnou rovnov\u00e1hu mezi pohodl\u00edm a komplexn\u00edm v\u00fdkonem \u0159ez\u00e1n\u00ed.<\/p>\n<p>P\u016fvodn\u00ed verze Persistence, p\u0159edstaven\u00e1 v roce 2009, v\u011brn\u011b nab\u00edz\u00ed stejn\u00e9 kl\u00ed\u010dov\u00e9 vlastnosti jako Tenacious, v\u010detn\u011b pln\u00fdch, skeletovan\u00fdch vlo\u017eek z nerezov\u00e9 oceli, \u0161upin G10 s odlupovac\u00ed vrstvou, bezpe\u010dn\u00e9ho mechanismu LinerLock a \u010dty\u0159polohov\u00e9 spony, kter\u00e1 podporuje levou nebo no\u0161en\u00ed na prav\u00e9 stran\u011b, naklon\u011bn\u00edm nahoru nebo dol\u016f. \u010cepel je precizn\u011b vyrobena z nerezov\u00e9 oceli 8Cr13MoV \u2013 odoln\u00e9, spolehliv\u00e9 oceli \u010depele, kter\u00e1 poskytuje vynikaj\u00edc\u00ed rovnov\u00e1hu mezi \u0159ezn\u00fdm v\u00fdkonem, odolnost\u00ed proti korozi a snadn\u00fdm ost\u0159en\u00edm. Jeho vysok\u00e9, zcela ploch\u00e9 brou\u0161en\u00ed vytv\u00e1\u0159\u00ed p\u016fsobivou geometrii b\u0159itu pro efektivitu \u0159ez\u00e1n\u00ed s n\u00edzk\u00fdm t\u0159en\u00edm a na rozd\u00edl od v\u011bt\u0161iny sklada\u010d\u016f Spyderco sah\u00e1 jeho hrana a\u017e k rukojeti. Minim\u00e1ln\u00ed ricasso (nezkosen\u00e1 oblast \u010depele nejbl\u00ed\u017ee rukojeti) a absence ukazov\u00e1\u010dku poskytuj\u00ed \u0159eznou hranu po cel\u00e9 d\u00e9lce, vynikaj\u00edc\u00ed kontrolu p\u0159i pou\u017eit\u00ed \u201epatky\u201c \u010depele a v\u00fdjime\u010dnou \u0159eznou s\u00edlu po cel\u00e9 d\u00e9lce Hrana je uvedena do hry.<\/p>\n<p><strong>Persistence Lightweight<\/strong><\/p>\n<p>Aby byl Persistence je\u0161t\u011b dostupn\u011bj\u0161\u00ed a v\u0161estrann\u011bj\u0161\u00ed \u2013 a n\u00e1sledovalo to ve stop\u00e1ch model\u016f Tenacious a Resilience \u2013 Spyderco s hrdost\u00ed p\u0159edstavuje odleh\u010denou verzi designu s vst\u0159ikovan\u00fdmi stupnicemi z nylonu vyztu\u017een\u00e9ho skeln\u00fdmi vl\u00e1kny (FRN). Lehk\u00e9 \u0161upiny tvarovan\u00e9 s typick\u00fdm vzorem Bi-Directional Texture spole\u010dnosti Spyderco poskytuj\u00ed zv\u00fd\u0161enou bezpe\u010dnost \u00fachopu a sni\u017euj\u00ed celkovou hmotnost no\u017ee t\u00e9m\u011b\u0159 o 10 %. V\u0161echny ostatn\u00ed funkce jsou v\u011brn\u011b konzistentn\u00ed s p\u016fvodn\u00ed verz\u00ed s rukojet\u00ed G10 s v\u00fdjimkou mo\u017enost\u00ed hran. Zat\u00edmco p\u016fvodn\u00ed Persistence je k dispozici pouze s \u010depel\u00ed PlainEdge, Lightweight nab\u00eddne na v\u00fdb\u011br PlainEdge, CombinationEdge a pln\u011b zoubkovan\u00e9 SpyderEdge. Fanou\u0161ci Astute Spyderco si mo\u017en\u00e1 vzpomenou, \u017ee ozn\u00e1men\u00ed Persistence Lightweight v Reveal 9 specifikovalo pouze PlainEdge a CombinationEdge; Spyderco v\u0161ak ned\u00e1vno potvrdilo, \u017ee jejich v\u00fdrobn\u00ed partner bude tak\u00e9 schopen poskytnout verzi SpyderEdge.<\/p>\n<p>Pro taktick\u00e9 koncov\u00e9 u\u017eivatele a ty, kte\u0159\u00ed preferuj\u00ed pouze vzhled z\u00e1kladn\u00ed \u010dern\u00e9, bude Persistence Lightweight tak\u00e9 vyrobena v celo\u010dern\u00e9 verzi s \u010dern\u00fdm oxidov\u00fdm povlakem \u010depele a \u010dern\u011b pota\u017een\u00fdmi vlo\u017ekami a madlem. Stejn\u011b jako jeho prot\u011bj\u0161ek se sat\u00e9nov\u00fdm povrchem bude i celo\u010dern\u00e1 verze k dispozici ve v\u0161ech t\u0159ech konfigurac\u00edch hran.<\/p>\n<p>Persistence a Persistence Lightweight nab\u00edz\u00ed v\u00fdjime\u010dnou rovnov\u00e1hu mezi v\u00fdkonem a hodnotou. A\u0165 u\u017e jste za\u010d\u00e1te\u010dn\u00edk nebo zku\u0161en\u00fd u\u017eivatel no\u017e\u016f, jsme si jisti, \u017ee spln\u00ed nejen va\u0161e pot\u0159eby, ale p\u0159ed\u010d\u00ed va\u0161e o\u010dek\u00e1v\u00e1n\u00ed.<br \/>\nSpecifikace<\/p>\n<p>D\u00e9lka \u010depele: 7 cm<br \/>\nCelkov\u00e1 d\u00e9lka: 17.5 cm<br \/>\nD\u00e9lka v zav\u0159en\u00e9m stavu: 10.5 cm<br \/>\nMateri\u00e1l \u010depele: Nerezov\u00e1 ocel 8CR13MoV<br \/>\nTlou\u0161\u0165ka \u010depele: 0.31 cm<br \/>\nPovrchov\u00e1 \u00faprava \u010depele: \u010dern\u00e1<br \/>\nOst\u0159\u00ed \u010depele: Vroubkovan\u00e9<br \/>\nMateri\u00e1l rukojeti: \u010dern\u00e1 FRN<br \/>\nUzamykac\u00ed mechanismus: Liner Lock<br \/>\nHmotnost: 3,3 oz. (94 g)<br \/>\nKapesn\u00ed klip: 4-cestn\u00fd; Tip-Up\/Tip Down; P\u0159en\u00e1\u0161en\u00ed vlevo\/vpravo<\/p>\n<p>&nbsp;<\/p>\n<p>&nbsp;<\/p>\n","protected":false},"excerpt":{"rendered":"<p><strong>Od doby, kdy spole\u010dnost Spyderco p\u0159ed v\u00edce ne\u017e 40 lety vyrobila sv\u016fj prvn\u00ed p\u0159evratn\u00fd n\u016f\u017e CLIP-IT, se spole\u010dnost Spyderco v\u017edy soust\u0159edila na v\u00fdrobu absolutn\u011b nejlep\u0161\u00edch \u0159ezn\u00fdch n\u00e1stroj\u016f.<\/strong><\/p>\n","protected":false},"featured_media":252914,"comment_status":"open","ping_status":"closed","template":"","meta":[],"pwb-brand":[567],"product_brand":[],"product_cat":[22,17],"product_tag":[3667],"class_list":{"0":"post-252913","1":"product","2":"type-product","3":"status-publish","4":"has-post-thumbnail","6":"pwb-brand-spyderco","7":"product_cat-zaviraci-noze","8":"product_cat-noze","9":"product_tag-b2b","11":"first","12":"instock","13":"taxable","14":"shipping-taxable","15":"purchasable","16":"product-type-simple"},"brands":[{"id":567,"name":"Spyderco","slug":"spyderco"}],"_links":{"self":[{"href":"https:\/\/www.moskito.cz\/pl\/wp-json\/wp\/v2\/product\/252913","targetHints":{"allow":["GET"]}}],"collection":[{"href":"https:\/\/www.moskito.cz\/pl\/wp-json\/wp\/v2\/product"}],"about":[{"href":"https:\/\/www.moskito.cz\/pl\/wp-json\/wp\/v2\/types\/product"}],"replies":[{"embeddable":true,"href":"https:\/\/www.moskito.cz\/pl\/wp-json\/wp\/v2\/comments?post=252913"}],"wp:featuredmedia":[{"embeddable":true,"href":"https:\/\/www.moskito.cz\/pl\/wp-json\/wp\/v2\/media\/252914"}],"wp:attachment":[{"href":"https:\/\/www.moskito.cz\/pl\/wp-json\/wp\/v2\/media?parent=252913"}],"wp:term":[{"taxonomy":"pwb-brand","embeddable":true,"href":"https:\/\/www.moskito.cz\/pl\/wp-json\/wp\/v2\/pwb-brand?post=252913"},{"taxonomy":"product_brand","embeddable":true,"href":"https:\/\/www.moskito.cz\/pl\/wp-json\/wp\/v2\/product_brand?post=252913"},{"taxonomy":"product_cat","embeddable":true,"href":"https:\/\/www.moskito.cz\/pl\/wp-json\/wp\/v2\/product_cat?post=252913"},{"taxonomy":"product_tag","embeddable":true,"href":"https:\/\/www.moskito.cz\/pl\/wp-json\/wp\/v2\/product_tag?post=252913"}],"curies":[{"name":"wp","href":"https:\/\/api.w.org\/{rel}","templated":true}]}}