{"id":253677,"date":"2023-07-11T21:11:20","date_gmt":"2023-07-11T20:11:20","guid":{"rendered":"https:\/\/www.moskito.cz\/?post_type=product&#038;p=253677"},"modified":"2025-05-07T10:52:19","modified_gmt":"2025-05-07T09:52:19","slug":"zaviraci-nuz-spyderco-endela-lightweight-c243fpk390","status":"publish","type":"product","link":"https:\/\/www.moskito.cz\/pl\/produkt\/zaviraci-nuz-spyderco-endela-lightweight-c243fpk390\/","title":{"rendered":"Zav\u00edrac\u00ed N\u016f\u017e Spyderco Endela Lightweight C243FPK390"},"content":{"rendered":"<p>Zav\u00edrac\u00ed N\u016f\u017e <strong>Spyderco<\/strong> Endela Lightweight C243FPK390<\/p>\n<p>K390 MICROCLEAN je nejmodern\u011bj\u0161\u00ed n\u00e1strojov\u00e1 ocel pro tv\u00e1\u0159en\u00ed za studena od firmy Bohler-Uddeholm. Speci\u00e1ln\u011b navr\u017een\u00fd tak, aby odolal \u00faskal\u00edm n\u00e1ro\u010dn\u00fdch pr\u016fmyslov\u00fdch aplikac\u00ed, jeho pokro\u010dil\u00e9 slitinov\u00e9 slo\u017een\u00ed z n\u011bj tak\u00e9 d\u011bl\u00e1 v\u00fdjime\u010dnou \u010depelovou ocel \u2013 a definuj\u00edc\u00ed rys elitn\u00ed rodiny lehk\u00fdch no\u017e\u016f Spyderco. K390 Endela, hrd\u00fd p\u0159\u00edr\u016fstek tohoto plemene, p\u0159edstavuje tento pozoruhodn\u00fd materi\u00e1l \u010depele v dokonal\u00e9 velikosti &#8222;mezi&#8221; pro ka\u017edodenn\u00ed no\u0161en\u00ed no\u017ee. Jeho dvousm\u011brn\u00e1 texturovan\u00e1 rukoje\u0165 je tak\u00e9 vst\u0159ikovan\u00e1 v v\u00fdrazn\u00e9 modr\u00e9 barv\u011b vyhrazen\u00e9 pro tuto vysoce v\u00fdkonnou rodinu \u0159ezn\u00fdch n\u00e1stroj\u016f.<\/p>\n<p>Pozn\u00e1mka: K390 je vysoce v\u00fdkonn\u00e1 nerezov\u00e1 ocel, kter\u00e1 m\u016f\u017ee p\u0159i nespr\u00e1vn\u00e9 p\u00e9\u010di rezav\u011bt. Po pou\u017eit\u00ed \u010depel v\u017edy o\u010dist\u011bte a osu\u0161te a v p\u0159\u00edpad\u011b pot\u0159eby naneste olej nebo jin\u00e9 p\u0159\u00edpravky zabra\u0148uj\u00edc\u00ed korozi .<\/p>\n<p>Specifikace<br \/>\nD\u00e9lka \u010depele: 8.7 cm<br \/>\nD\u00e9lka v zav\u0159en\u00e9m stavu: 11.9 cm<br \/>\nCelkov\u00e1 d\u00e9lka: 20.6 cm<br \/>\nMateri\u00e1l \u010depele: N\u00e1strojov\u00e1 ocel Bohler K390<br \/>\nTlou\u0161\u0165ka \u010depele: 0.3 cm<br \/>\nStyl \u010depele: Drop Point<br \/>\nBrou\u0161en\u00ed \u010depele: Pln\u011b ploch\u00e9<br \/>\nPovrchov\u00e1 \u00faprava \u010depele: sat\u00e9n<br \/>\nMateri\u00e1l rukojeti: Modr\u00e1 FRN<br \/>\nMateri\u00e1l vlo\u017eky: Nerezov\u00e1 ocel<br \/>\nUzamykac\u00ed mechanismus: Lockback<br \/>\nKapesn\u00ed spona: \u010cern\u00e1 nerezov\u00e1 ocel (Tip-Up\/Down, Right\/Left carry)<br \/>\nHmotnost: 3,1 oz. (88 g)<br \/>\nVyrobeno v Japonsku<\/p>\n","protected":false},"excerpt":{"rendered":"<p><strong>K390 MICROCLEAN je nejmodern\u011bj\u0161\u00ed n\u00e1strojov\u00e1 ocel pro tv\u00e1\u0159en\u00ed za studena od firmy Bohler-Uddeholm.<\/strong><\/p>\n","protected":false},"featured_media":253678,"comment_status":"open","ping_status":"closed","template":"","meta":[],"pwb-brand":[567],"product_brand":[],"product_cat":[22,17],"product_tag":[3667],"class_list":{"0":"post-253677","1":"product","2":"type-product","3":"status-publish","4":"has-post-thumbnail","6":"pwb-brand-spyderco","7":"product_cat-zaviraci-noze","8":"product_cat-noze","9":"product_tag-b2b","11":"first","12":"instock","13":"taxable","14":"shipping-taxable","15":"purchasable","16":"product-type-simple"},"brands":[{"id":567,"name":"Spyderco","slug":"spyderco"}],"_links":{"self":[{"href":"https:\/\/www.moskito.cz\/pl\/wp-json\/wp\/v2\/product\/253677","targetHints":{"allow":["GET"]}}],"collection":[{"href":"https:\/\/www.moskito.cz\/pl\/wp-json\/wp\/v2\/product"}],"about":[{"href":"https:\/\/www.moskito.cz\/pl\/wp-json\/wp\/v2\/types\/product"}],"replies":[{"embeddable":true,"href":"https:\/\/www.moskito.cz\/pl\/wp-json\/wp\/v2\/comments?post=253677"}],"wp:featuredmedia":[{"embeddable":true,"href":"https:\/\/www.moskito.cz\/pl\/wp-json\/wp\/v2\/media\/253678"}],"wp:attachment":[{"href":"https:\/\/www.moskito.cz\/pl\/wp-json\/wp\/v2\/media?parent=253677"}],"wp:term":[{"taxonomy":"pwb-brand","embeddable":true,"href":"https:\/\/www.moskito.cz\/pl\/wp-json\/wp\/v2\/pwb-brand?post=253677"},{"taxonomy":"product_brand","embeddable":true,"href":"https:\/\/www.moskito.cz\/pl\/wp-json\/wp\/v2\/product_brand?post=253677"},{"taxonomy":"product_cat","embeddable":true,"href":"https:\/\/www.moskito.cz\/pl\/wp-json\/wp\/v2\/product_cat?post=253677"},{"taxonomy":"product_tag","embeddable":true,"href":"https:\/\/www.moskito.cz\/pl\/wp-json\/wp\/v2\/product_tag?post=253677"}],"curies":[{"name":"wp","href":"https:\/\/api.w.org\/{rel}","templated":true}]}}