{"id":254433,"date":"2023-07-18T14:28:20","date_gmt":"2023-07-18T13:28:20","guid":{"rendered":"https:\/\/www.moskito.cz\/?post_type=product&#038;p=254433"},"modified":"2025-12-02T18:19:24","modified_gmt":"2025-12-02T17:19:24","slug":"pevny-nuz-muela-wildboar-16r","status":"publish","type":"product","link":"https:\/\/www.moskito.cz\/pl\/produkt\/pevny-nuz-muela-wildboar-16r\/","title":{"rendered":"Pevn\u00fd N\u016f\u017e Muela WildBoar-16R"},"content":{"rendered":"<p>Pevn\u00fd N\u016f\u017e <strong>Muela<\/strong> WildBoar-16R<\/p>\n<p>No\u017ee a no\u017ee Muela, kter\u00e9 za\u010dala v 50. letech v mal\u00e9 m\u00edstnosti vyr\u00e1b\u011bt rodina Muela, se dnes vyv\u00e1\u017e\u00ed do v\u00edce ne\u017e 50 zem\u00ed na 5 kontinentech.<br \/>\nMuela, kter\u00e1 m\u00e1 ro\u010dn\u00ed v\u00fdrobn\u00ed kapacitu 350 000 no\u017e\u016f, vyr\u00e1b\u00ed 70 % sv\u00e9 produkce pro zahrani\u010d\u00ed a druhou \u010d\u00e1st pro tuzemsko.<br \/>\nVe v\u0161ech kapesn\u00edch no\u017e\u00edch a no\u017e\u00edch jsou pou\u017eity rohy, d\u0159evo a exotick\u00e1 d\u0159eva pe\u010dliv\u011b vybran\u00e1 do nejjemn\u011bj\u0161\u00edho detailu a pot\u00e9 jsou vyztu\u017eena speci\u00e1ln\u00edmi n\u00e1t\u011bry.<\/p>\n<p>N\u016f\u017e Muela WildBoar 16R je zam\u011b\u0159en na lovce a sb\u011bratele.<br \/>\nRukoje\u0165 je vyrobena ze d\u0159eva pakka, z\u00e1\u0161tita je vyrobena z mosazi a \u010depel je vyrobena ze slitiny chrom-molybden-vanad (ocel zvan\u00e1 'MoVa&#8217;), tato slitina je ur\u010dena pro lovce, proto\u017ee dok\u00e1\u017ee udr\u017eet ost\u0159\u00ed ostr\u00e9 d\u00e9le ne\u017e klasick\u00e9 no\u017ee.<br \/>\nKonec rukojeti je ozdoben figurkou kan\u010d\u00ed hlavy z mosazi.<br \/>\nVlastnosti:<br \/>\n-D\u00e9lka \u010depele: 16 cm<br \/>\nMateri\u00e1l \u010depele: slitina oceli s n\u00e1zvem 'MoVa&#8217;<br \/>\nMateri\u00e1l rukojeti: d\u0159evo pakka<br \/>\nD\u00e9lka rukojeti: 13 cm<br \/>\nZ\u00e1\u0161tita: mosaz<br \/>\nVyrobeno ve \u0160pan\u011blsku<br \/>\nSou\u010d\u00e1st\u00ed je ko\u017een\u00e9 pouzdo.<\/p>\n<p>&nbsp;<\/p>\n","protected":false},"excerpt":{"rendered":"<p><strong>N\u016f\u017e Muela WildBoar 16R je zam\u011b\u0159en na lovce a sb\u011bratele.<\/strong><\/p>\n","protected":false},"featured_media":254434,"comment_status":"open","ping_status":"closed","template":"","meta":[],"pwb-brand":[191],"product_brand":[],"product_cat":[23,17],"product_tag":[3667],"class_list":{"0":"post-254433","1":"product","2":"type-product","3":"status-publish","4":"has-post-thumbnail","6":"pwb-brand-muela","7":"product_cat-pevne-noze","8":"product_cat-noze","9":"product_tag-b2b","11":"first","12":"outofstock","13":"taxable","14":"shipping-taxable","15":"purchasable","16":"product-type-simple"},"brands":[{"id":191,"name":"Muela","slug":"muela"}],"_links":{"self":[{"href":"https:\/\/www.moskito.cz\/pl\/wp-json\/wp\/v2\/product\/254433","targetHints":{"allow":["GET"]}}],"collection":[{"href":"https:\/\/www.moskito.cz\/pl\/wp-json\/wp\/v2\/product"}],"about":[{"href":"https:\/\/www.moskito.cz\/pl\/wp-json\/wp\/v2\/types\/product"}],"replies":[{"embeddable":true,"href":"https:\/\/www.moskito.cz\/pl\/wp-json\/wp\/v2\/comments?post=254433"}],"wp:featuredmedia":[{"embeddable":true,"href":"https:\/\/www.moskito.cz\/pl\/wp-json\/wp\/v2\/media\/254434"}],"wp:attachment":[{"href":"https:\/\/www.moskito.cz\/pl\/wp-json\/wp\/v2\/media?parent=254433"}],"wp:term":[{"taxonomy":"pwb-brand","embeddable":true,"href":"https:\/\/www.moskito.cz\/pl\/wp-json\/wp\/v2\/pwb-brand?post=254433"},{"taxonomy":"product_brand","embeddable":true,"href":"https:\/\/www.moskito.cz\/pl\/wp-json\/wp\/v2\/product_brand?post=254433"},{"taxonomy":"product_cat","embeddable":true,"href":"https:\/\/www.moskito.cz\/pl\/wp-json\/wp\/v2\/product_cat?post=254433"},{"taxonomy":"product_tag","embeddable":true,"href":"https:\/\/www.moskito.cz\/pl\/wp-json\/wp\/v2\/product_tag?post=254433"}],"curies":[{"name":"wp","href":"https:\/\/api.w.org\/{rel}","templated":true}]}}