{"id":254780,"date":"2023-08-08T19:56:21","date_gmt":"2023-08-08T18:56:21","guid":{"rendered":"https:\/\/www.moskito.cz\/?post_type=product&#038;p=254780"},"modified":"2025-05-07T10:52:41","modified_gmt":"2025-05-07T09:52:41","slug":"zaviraci-nuz-muela-zx-8-ol","status":"publish","type":"product","link":"https:\/\/www.moskito.cz\/pl\/produkt\/zaviraci-nuz-muela-zx-8-ol\/","title":{"rendered":"Zav\u00edrac\u00ed N\u016f\u017e Muela ZX-8.OL"},"content":{"rendered":"<p>Zav\u00edrac\u00ed N\u016f\u017e <strong>Muela<\/strong> ZX-8.OL<\/p>\n<p>N\u016f\u017e Muela ZX-8OL je skv\u011bl\u00fdm p\u0159\u00edkladem loveck\u00e9ho dopl\u0148ku. \u010cepel je vyrobena ze \u0161pan\u011blsk\u00e9 oceli MoVa a na rukojeti je vz\u00e1cn\u00e9 olivov\u00e9 d\u0159evo. N\u016f\u017e je zam\u011b\u0159en\u00fd na lov , ale ve schopn\u00fdch rukou m\u016f\u017ee b\u00fdt v\u00edce\u00fa\u010delov\u00fd. Jeho uzamykac\u00edm syst\u00e9mem je prodlou\u017een\u00fd Back Lock .<\/p>\n<p>Model no\u017ee ZX-8OL je jedine\u010dn\u00fdm \u0159emesln\u00fdm d\u00edlem . \u0160pan\u011blsk\u00fd v\u00fdrobce obzvl\u00e1\u0161t\u011b db\u00e1 na to, aby jeho produkty m\u011bly dobrou povrchovou \u00fapravu, ale z\u00e1rove\u0148 cht\u011bj\u00ed, aby byly u\u017eite\u010dn\u00e9 ve sv\u00fdch funkc\u00edch.<\/p>\n<p>Ocel, ze kter\u00e9 je \u010depel no\u017ee ZX-8OL vyrobena, je tzv. MoVa . N\u00e1zev odkazuje na zahrnut\u00ed prvk\u016f molybden a vanad. Molybden m\u00e1 schopnost neexpandovat teplem a je odoln\u00fd v\u016f\u010di korozi. Tvrdost mu dod\u00e1v\u00e1 vanad.<\/p>\n<p>Tato ocel je zvolena pro kusy ur\u010den\u00e9 pro denn\u00ed pou\u017eit\u00ed nebo lov. Specifick\u00e9 slo\u017een\u00ed je 0,53 % uhl\u00edku, 0,50 % manganu, 0,35 % k\u0159em\u00edku, 14,50 % chr\u00f3mu, 0,50 % molybdenu a 0,18 % vanadu; a tvrdost 57-61 HRC.<\/p>\n<p>N\u016f\u017e ZX-8OL je ur\u010den pro n\u00e1ro\u010dn\u00e9 pr\u00e1ce. Z tohoto d\u016fvodu je z\u00e1mek ur\u010den\u00fd pro tento kus ze strany v\u00fdrobce \u00fasp\u011b\u0161n\u00fd. Back Lock je jedn\u00edm z nejbezpe\u010dn\u011bj\u0161\u00edch syst\u00e9m\u016f.<\/p>\n<p>Skl\u00e1d\u00e1 se z h\u00e1\u010dku, kter\u00fd dr\u017e\u00ed list, kter\u00fd se uvoln\u00ed zatla\u010den\u00edm na zadn\u00ed stranu kusu. S t\u00edmto velmi bezpe\u010dn\u00fdm syst\u00e9mem jsou \u010dasy otev\u00edr\u00e1n\u00ed a zav\u00edr\u00e1n\u00ed na\u0161eho no\u017ee optimalizov\u00e1ny.<\/p>\n<p>Tvar \u010depele zvolen\u00fd pro ZX-8OL je zn\u00e1m\u00fd jako Clip Point . Dnes pat\u0159\u00ed k nejobl\u00edben\u011bj\u0161\u00edm, zejm\u00e9na v kusech ur\u010den\u00fdch k lovu.<\/p>\n<p>Okrajov\u00e1 \u010d\u00e1st vytv\u00e1\u0159\u00ed konvexn\u00ed k\u0159ivku podobnou bodu Drop Point. H\u0159bet vych\u00e1z\u00ed p\u0159\u00edmo z rukojeti a z poloviny je vykrojen do konk\u00e1vn\u00edho tvaru. T\u00edmto zp\u016fsobem z\u00edsk\u00e1me jemn\u011bj\u0161\u00ed hrot a z\u00e1rove\u0148 rovnob\u011b\u017en\u00fd se st\u0159edem no\u017ee.<\/p>\n<p>ZX-8OL m\u00e1 \u0161upiny z olivov\u00e9ho d\u0159eva . Ka\u017ed\u00fd kus je ru\u010dn\u011b vyroben\u00fd, co\u017e znamen\u00e1, \u017ee ka\u017ed\u00fd kus je jedine\u010dn\u00fd.<\/p>\n<p>Volba tohoto materi\u00e1lu zaru\u010duje dobrou p\u0159ilnavost. Jeliko\u017e se v\u0161ak nejedn\u00e1 o syntetick\u00fd prvek, je \u00fadr\u017eba pon\u011bkud n\u00e1ro\u010dn\u011bj\u0161\u00ed ne\u017e u ostatn\u00edch.<\/p>\n<p>Pouzdro k no\u017ei ZX-8OL je vyrobeno z odoln\u00e9ho nylonu. Na zadn\u00ed stran\u011b m\u00e1 klopu, kter\u00e1 n\u00e1m umo\u017e\u0148uje pohodln\u00e9 p\u0159ipevn\u011bn\u00ed k opasku.<\/p>\n<p>Celkov\u00e1 d\u00e9lka: 19,0 cm<br \/>\nD\u00e9lka \u010depele: 8,0 cm<br \/>\nTlou\u0161\u0165ka \u010depele: 2,5 mm<br \/>\nTyp oceli: MoVa<br \/>\nTyp z\u00e1mku: Back Lock<br \/>\nOtev\u00edr\u00e1n\u00ed: Manu\u00e1ln\u00ed<br \/>\nKlip: Nem\u00e1<br \/>\nTvrdost oceli: 57-61 HRC<br \/>\nStyl \u010depele: Clip Point<br \/>\nModel ost\u0159en\u00ed: Rovn\u00fd<br \/>\nPovrchov\u00e1 \u00faprava \u010depele: sat\u00e9n<br \/>\nTyp hrany: Ploch\u00e1<br \/>\nD\u00e9lka rukojeti: 11,0 cm<br \/>\nMateri\u00e1l rukojeti: Olivov\u00e9 d\u0159evo<br \/>\nBarva rukojeti: Hn\u011bd\u00e1<br \/>\nHmotnost: 99 gram\u016f<br \/>\nZem\u011b p\u016fvodu: \u0160pan\u011blsko<\/p>\n<p>&nbsp;<\/p>\n<p>&nbsp;<\/p>\n<p>&nbsp;<\/p>\n","protected":false},"excerpt":{"rendered":"<p><strong>N\u016f\u017e Muela ZX-8OL je skv\u011bl\u00fdm p\u0159\u00edkladem loveck\u00e9ho dopl\u0148ku. \u010cepel je vyrobena ze \u0161pan\u011blsk\u00e9 oceli MoVa a na rukojeti je vz\u00e1cn\u00e9 olivov\u00e9 d\u0159evo.<\/strong><\/p>\n","protected":false},"featured_media":254782,"comment_status":"open","ping_status":"closed","template":"","meta":[],"pwb-brand":[191],"product_brand":[],"product_cat":[22,17],"product_tag":[3667],"class_list":{"0":"post-254780","1":"product","2":"type-product","3":"status-publish","4":"has-post-thumbnail","6":"pwb-brand-muela","7":"product_cat-zaviraci-noze","8":"product_cat-noze","9":"product_tag-b2b","11":"first","12":"instock","13":"taxable","14":"shipping-taxable","15":"purchasable","16":"product-type-simple"},"brands":[{"id":191,"name":"Muela","slug":"muela"}],"_links":{"self":[{"href":"https:\/\/www.moskito.cz\/pl\/wp-json\/wp\/v2\/product\/254780","targetHints":{"allow":["GET"]}}],"collection":[{"href":"https:\/\/www.moskito.cz\/pl\/wp-json\/wp\/v2\/product"}],"about":[{"href":"https:\/\/www.moskito.cz\/pl\/wp-json\/wp\/v2\/types\/product"}],"replies":[{"embeddable":true,"href":"https:\/\/www.moskito.cz\/pl\/wp-json\/wp\/v2\/comments?post=254780"}],"wp:featuredmedia":[{"embeddable":true,"href":"https:\/\/www.moskito.cz\/pl\/wp-json\/wp\/v2\/media\/254782"}],"wp:attachment":[{"href":"https:\/\/www.moskito.cz\/pl\/wp-json\/wp\/v2\/media?parent=254780"}],"wp:term":[{"taxonomy":"pwb-brand","embeddable":true,"href":"https:\/\/www.moskito.cz\/pl\/wp-json\/wp\/v2\/pwb-brand?post=254780"},{"taxonomy":"product_brand","embeddable":true,"href":"https:\/\/www.moskito.cz\/pl\/wp-json\/wp\/v2\/product_brand?post=254780"},{"taxonomy":"product_cat","embeddable":true,"href":"https:\/\/www.moskito.cz\/pl\/wp-json\/wp\/v2\/product_cat?post=254780"},{"taxonomy":"product_tag","embeddable":true,"href":"https:\/\/www.moskito.cz\/pl\/wp-json\/wp\/v2\/product_tag?post=254780"}],"curies":[{"name":"wp","href":"https:\/\/api.w.org\/{rel}","templated":true}]}}