{"id":255101,"date":"2023-08-09T20:52:20","date_gmt":"2023-08-09T19:52:20","guid":{"rendered":"https:\/\/www.moskito.cz\/?post_type=product&#038;p=255101"},"modified":"2025-05-07T10:52:43","modified_gmt":"2025-05-07T09:52:43","slug":"zaviraci-nuz-muela-duque-25a","status":"publish","type":"product","link":"https:\/\/www.moskito.cz\/pl\/produkt\/zaviraci-nuz-muela-duque-25a\/","title":{"rendered":"Pevn\u00fd N\u016f\u017e Muela Duque-25A"},"content":{"rendered":"<p>Pevn\u00fd N\u016f\u017e <strong>Muela<\/strong> Duque-25A<\/p>\n<p>Velk\u00fd loveck\u00fd n\u016f\u017e od firmy <strong>Muela<\/strong> vyroben\u00fd z molibden vanadiov\u00e9 oceli o tvrdosti 58 &#8211; 61 HRC. Jedn\u00e1 se o pasovac\u00ed tes\u00e1k, kter\u00fd je v\u0161ak samoz\u0159ejm\u011b norm\u00e1ln\u011b pou\u017eiteln\u00fd. \u0160irok\u00e1 \u010depel m\u00e1 ost\u0159\u00ed i na dvou t\u0159etin\u00e1ch h\u0159betu. Z\u00e1\u0161tita je oboustrann\u00e1, kovov\u00e1 ve zlat\u00e9 barv\u011b. Rukoje\u0165 je vyrobena z jednoho kusu parohu, patka je kovov\u00e1 ve zlat\u00e9 barv\u011b, zakon\u010den\u00e1 matic\u00ed. Sou\u010d\u00e1st\u00ed je ko\u017een\u00e9 pouzdro se zdobn\u00fdm pro\u0161\u00edv\u00e1n\u00edm, zap\u00ednan\u00e9 p\u0159ezkou s opaskovou sponou.<\/p>\n<p>D\u00e9lka \u010depele: 25 cm.<br \/>\nD\u00e9lka rukojeti: 13 cm.<br \/>\nCelkov\u00e1 d\u00e9lka: 38 cm.<br \/>\nTlou\u0161\u0165ka \u010depele: 5 mm.<br \/>\nZahrnuje pr\u00e9miov\u00e9 ko\u017een\u00e9 pouzdro.<br \/>\nMolybden Vanadium Plech z nerezov\u00e9 oceli.<br \/>\nHmotnost: 945 g (v\u010detn\u011b krytu).<br \/>\nTvrdost: 56\/58 HRc.<br \/>\nMateri\u00e1l rukojeti: Jelen\u00ed roh.<br \/>\nMateri\u00e1l z\u00e1\u0161tity: mosaz.<br \/>\nMateri\u00e1l knofl\u00edku: mosaz.<br \/>\nVyrobeno ve \u0160pan\u011blsku.<\/p>\n","protected":false},"excerpt":{"rendered":"<p><strong>Velk\u00fd loveck\u00fd n\u016f\u017e od firmy Muela vyroben\u00fd z molibden vanadiov\u00e9 oceli o tvrdosti.<\/strong><\/p>\n","protected":false},"featured_media":255105,"comment_status":"open","ping_status":"closed","template":"","meta":[],"pwb-brand":[191],"product_brand":[],"product_cat":[23,17],"product_tag":[3667],"class_list":{"0":"post-255101","1":"product","2":"type-product","3":"status-publish","4":"has-post-thumbnail","6":"pwb-brand-muela","7":"product_cat-pevne-noze","8":"product_cat-noze","9":"product_tag-b2b","11":"first","12":"instock","13":"taxable","14":"shipping-taxable","15":"purchasable","16":"product-type-simple"},"brands":[{"id":191,"name":"Muela","slug":"muela"}],"_links":{"self":[{"href":"https:\/\/www.moskito.cz\/pl\/wp-json\/wp\/v2\/product\/255101","targetHints":{"allow":["GET"]}}],"collection":[{"href":"https:\/\/www.moskito.cz\/pl\/wp-json\/wp\/v2\/product"}],"about":[{"href":"https:\/\/www.moskito.cz\/pl\/wp-json\/wp\/v2\/types\/product"}],"replies":[{"embeddable":true,"href":"https:\/\/www.moskito.cz\/pl\/wp-json\/wp\/v2\/comments?post=255101"}],"wp:featuredmedia":[{"embeddable":true,"href":"https:\/\/www.moskito.cz\/pl\/wp-json\/wp\/v2\/media\/255105"}],"wp:attachment":[{"href":"https:\/\/www.moskito.cz\/pl\/wp-json\/wp\/v2\/media?parent=255101"}],"wp:term":[{"taxonomy":"pwb-brand","embeddable":true,"href":"https:\/\/www.moskito.cz\/pl\/wp-json\/wp\/v2\/pwb-brand?post=255101"},{"taxonomy":"product_brand","embeddable":true,"href":"https:\/\/www.moskito.cz\/pl\/wp-json\/wp\/v2\/product_brand?post=255101"},{"taxonomy":"product_cat","embeddable":true,"href":"https:\/\/www.moskito.cz\/pl\/wp-json\/wp\/v2\/product_cat?post=255101"},{"taxonomy":"product_tag","embeddable":true,"href":"https:\/\/www.moskito.cz\/pl\/wp-json\/wp\/v2\/product_tag?post=255101"}],"curies":[{"name":"wp","href":"https:\/\/api.w.org\/{rel}","templated":true}]}}