{"id":256818,"date":"2023-09-14T19:20:08","date_gmt":"2023-09-14T18:20:08","guid":{"rendered":"https:\/\/www.moskito.cz\/?post_type=product&#038;p=256818"},"modified":"2025-05-07T10:53:16","modified_gmt":"2025-05-07T09:53:16","slug":"microtech-unisex-tricko-claw-camo-crew-neck-vel-xl","status":"publish","type":"product","link":"https:\/\/www.moskito.cz\/pl\/produkt\/microtech-unisex-tricko-claw-camo-crew-neck-vel-xl\/","title":{"rendered":"MICROTECH UNISEX TRI\u010cKO CLAW CAMO CREW NECK vel.XL"},"content":{"rendered":"<p><strong>MICROTECH<\/strong> UNISEX TRI\u010cKO CLAW CAMO CREW NECK vel.XL<\/p>\n<p>Unisex ti\u010dko americk\u00e9 v\u00fdroby m\u00e1 klasick\u00e9 dr\u00e1pov\u00e9 logo Microtech na mask\u00e1\u010dov\u00e9m tri\u010dku s v\u00fdst\u0159ihem.<\/p>\n<p>50% \u010desan\u00e1 ring-spun bavlna, 50% polyester<br \/>\nUnisex kr\u00e1tk\u00fd ruk\u00e1v s v\u00fdst\u0159ihem<br \/>\nTagless \u2013 ti\u0161t\u011bn\u00fd \u0161t\u00edtek<br \/>\nKontrastn\u00ed \u017eebrovan\u00fd v\u00fdst\u0159ih<\/p>\n","protected":false},"excerpt":{"rendered":"<p>MICROTECH UNISEX TRI\u010cKO CLAW CAMO CREW NECK vel.XL Unisex ti\u010dko americk\u00e9 v\u00fdroby m\u00e1 klasick\u00e9 dr\u00e1pov\u00e9 logo Microtech na mask\u00e1\u010dov\u00e9m tri\u010dku s v\u00fdst\u0159ihem. 50% \u010desan\u00e1 ring-spun bavlna, 50% polyester Unisex kr\u00e1tk\u00fd ruk\u00e1v s v\u00fdst\u0159ihem Tagless \u2013 ti\u0161t\u011bn\u00fd \u0161t\u00edtek Kontrastn\u00ed \u017eebrovan\u00fd v\u00fdst\u0159ih<\/p>\n","protected":false},"featured_media":256819,"comment_status":"open","ping_status":"closed","template":"","meta":[],"pwb-brand":[431],"product_brand":[],"product_cat":[2019,17],"product_tag":[3667],"class_list":{"0":"post-256818","1":"product","2":"type-product","3":"status-publish","4":"has-post-thumbnail","6":"pwb-brand-microtech","7":"product_cat-vystrelovaci-noze","8":"product_cat-noze","9":"product_tag-b2b","11":"first","12":"instock","13":"taxable","14":"shipping-taxable","15":"purchasable","16":"product-type-simple"},"brands":[{"id":431,"name":"Microtech","slug":"microtech"}],"_links":{"self":[{"href":"https:\/\/www.moskito.cz\/pl\/wp-json\/wp\/v2\/product\/256818","targetHints":{"allow":["GET"]}}],"collection":[{"href":"https:\/\/www.moskito.cz\/pl\/wp-json\/wp\/v2\/product"}],"about":[{"href":"https:\/\/www.moskito.cz\/pl\/wp-json\/wp\/v2\/types\/product"}],"replies":[{"embeddable":true,"href":"https:\/\/www.moskito.cz\/pl\/wp-json\/wp\/v2\/comments?post=256818"}],"wp:featuredmedia":[{"embeddable":true,"href":"https:\/\/www.moskito.cz\/pl\/wp-json\/wp\/v2\/media\/256819"}],"wp:attachment":[{"href":"https:\/\/www.moskito.cz\/pl\/wp-json\/wp\/v2\/media?parent=256818"}],"wp:term":[{"taxonomy":"pwb-brand","embeddable":true,"href":"https:\/\/www.moskito.cz\/pl\/wp-json\/wp\/v2\/pwb-brand?post=256818"},{"taxonomy":"product_brand","embeddable":true,"href":"https:\/\/www.moskito.cz\/pl\/wp-json\/wp\/v2\/product_brand?post=256818"},{"taxonomy":"product_cat","embeddable":true,"href":"https:\/\/www.moskito.cz\/pl\/wp-json\/wp\/v2\/product_cat?post=256818"},{"taxonomy":"product_tag","embeddable":true,"href":"https:\/\/www.moskito.cz\/pl\/wp-json\/wp\/v2\/product_tag?post=256818"}],"curies":[{"name":"wp","href":"https:\/\/api.w.org\/{rel}","templated":true}]}}