{"id":257330,"date":"2023-10-05T10:56:52","date_gmt":"2023-10-05T09:56:52","guid":{"rendered":"https:\/\/www.moskito.cz\/?post_type=product&#038;p=257330"},"modified":"2025-09-13T17:46:22","modified_gmt":"2025-09-13T16:46:22","slug":"cold-steel-chinese-leaf-gim-cs-sw-chngim","status":"publish","type":"product","link":"https:\/\/www.moskito.cz\/pl\/produkt\/cold-steel-chinese-leaf-gim-cs-sw-chngim\/","title":{"rendered":"Cold Steel CHINESE LEAF GIM CS-SW-CHNGIM"},"content":{"rendered":"<p><strong>Cold Stee<\/strong>l CHINESE LEAF GIM CS-SW-CHNGIM<\/p>\n<p>Chinese Leaf Gim je pova\u017eov\u00e1n za civiln\u00ed zbra\u0148. Nen\u00ed dob\u0159e ur\u010den pro drsn\u00e9 bitvy, kde by se mu mohly postavit mnohem v\u011bt\u0161\u00ed a t\u011b\u017e\u0161\u00ed zbran\u011b. Byla to v\u00edcem\u00e9n\u011b gentlemansk\u00e1 postrann\u00ed pa\u017ee, kter\u00e1 vypadala p\u016fsobiv\u011b, ale byla dostate\u010dn\u011b pevn\u00e1, aby nab\u00edzela dobrou obranu v ulic\u00edch nebo na otev\u0159en\u00fdch pol\u00edch. V\u00fdklad Cold Steel\u00ae m\u00e1 33 \u00bc palcovou vysoce uhl\u00edkovou, tepeln\u011b zpracovanou \u010depel. Je relativn\u011b lehk\u00fd, tak\u017ee s n\u00edm lze manipulovat prsty, z\u00e1p\u011bst\u00edm a p\u0159edlokt\u00edm podobn\u011b jako westernov\u00fd mal\u00fd me\u010d. Tradi\u010dn\u011b se pou\u017e\u00edv\u00e1 p\u0159edev\u0161\u00edm k tla\u010den\u00ed, je t\u00e9m\u011b\u0159 stejn\u011b zb\u011bhl\u00fd v \u0159ez\u00e1n\u00ed a sek\u00e1n\u00ed a dok\u00e1\u017ee zasadit skute\u010dn\u011b d\u011bsivou r\u00e1nu. Rukoje\u0165 z palisandrov\u00e9ho d\u0159eva a odpov\u00eddaj\u00edc\u00ed pochva dopl\u0148uj\u00ed z\u00e1\u0161titu, hlavici a dal\u0161\u00ed kov\u00e1n\u00ed, kter\u00e9 jsou odlity z nerezov\u00e9 oceli, aby odol\u00e1valy korozi. Chinese Leaf Gim m\u00e1 b\u00fdt snadno p\u0159enosn\u00fdm, vysoce funk\u010dn\u00edm ka\u017edodenn\u00edm me\u010dem vhodn\u00fdm do na\u0161eho modern\u00edho prost\u0159ed\u00ed s tolika ozdobami, aby skute\u010dn\u011b upoutal va\u0161e oko a poskytoval roky pot\u011b\u0161en\u00ed a ochrany.<\/p>\n<p>Materi\u00e1l \u010depele: 1060<br \/>\nMateri\u00e1l rukojeti: Nerezov\u00e1 ocel, Palisander<br \/>\nMateri\u00e1l pouzdra: D\u0159evo, Kov<br \/>\nD\u00e9lka \u010depele: 84.5 cm<br \/>\nCelkov\u00e1 d\u00e9lka: 101.6 cm<br \/>\nD\u00e9lka rukojeti: 17.1 cm<br \/>\nHmotnost: 1044 g<br \/>\nTyp no\u017ee: Pevn\u00fd, Me\u010d<br \/>\nBarva: Hn\u011bd\u00e1, St\u0159\u00edbrn\u00e1<\/p>\n","protected":false},"excerpt":{"rendered":"<p><strong>\u010c\u00ednsk\u00fd Leaf Gim je pova\u017eov\u00e1n za civiln\u00ed zbra\u0148. Nen\u00ed ur\u010den pro n\u00e1ro\u010dn\u00e9 bitvy, kde by mu mohly \u010delit mnohem v\u011bt\u0161\u00ed a t\u011b\u017e\u0161\u00ed zbran\u011b.<\/strong><\/p>\n","protected":false},"featured_media":257331,"comment_status":"open","ping_status":"closed","template":"","meta":[],"pwb-brand":[211],"product_brand":[],"product_cat":[24,1942],"product_tag":[3667],"class_list":{"0":"post-257330","1":"product","2":"type-product","3":"status-publish","4":"has-post-thumbnail","6":"pwb-brand-cold-steel","7":"product_cat-katany-a-mece","8":"product_cat-mece-dyky-repliky","9":"product_tag-b2b","11":"first","12":"instock","13":"sale","14":"taxable","15":"shipping-taxable","16":"purchasable","17":"product-type-simple"},"brands":[{"id":211,"name":"Cold Steel","slug":"cold-steel"}],"_links":{"self":[{"href":"https:\/\/www.moskito.cz\/pl\/wp-json\/wp\/v2\/product\/257330","targetHints":{"allow":["GET"]}}],"collection":[{"href":"https:\/\/www.moskito.cz\/pl\/wp-json\/wp\/v2\/product"}],"about":[{"href":"https:\/\/www.moskito.cz\/pl\/wp-json\/wp\/v2\/types\/product"}],"replies":[{"embeddable":true,"href":"https:\/\/www.moskito.cz\/pl\/wp-json\/wp\/v2\/comments?post=257330"}],"wp:featuredmedia":[{"embeddable":true,"href":"https:\/\/www.moskito.cz\/pl\/wp-json\/wp\/v2\/media\/257331"}],"wp:attachment":[{"href":"https:\/\/www.moskito.cz\/pl\/wp-json\/wp\/v2\/media?parent=257330"}],"wp:term":[{"taxonomy":"pwb-brand","embeddable":true,"href":"https:\/\/www.moskito.cz\/pl\/wp-json\/wp\/v2\/pwb-brand?post=257330"},{"taxonomy":"product_brand","embeddable":true,"href":"https:\/\/www.moskito.cz\/pl\/wp-json\/wp\/v2\/product_brand?post=257330"},{"taxonomy":"product_cat","embeddable":true,"href":"https:\/\/www.moskito.cz\/pl\/wp-json\/wp\/v2\/product_cat?post=257330"},{"taxonomy":"product_tag","embeddable":true,"href":"https:\/\/www.moskito.cz\/pl\/wp-json\/wp\/v2\/product_tag?post=257330"}],"curies":[{"name":"wp","href":"https:\/\/api.w.org\/{rel}","templated":true}]}}