{"id":257421,"date":"2023-10-05T16:18:16","date_gmt":"2023-10-05T15:18:16","guid":{"rendered":"https:\/\/www.moskito.cz\/?post_type=product&#038;p=257421"},"modified":"2025-05-07T10:53:22","modified_gmt":"2025-05-07T09:53:22","slug":"cold-steel-sipky-do-foukacky-stun-dart-raze-625-blowgun-50-ks","status":"publish","type":"product","link":"https:\/\/www.moskito.cz\/pl\/produkt\/cold-steel-sipky-do-foukacky-stun-dart-raze-625-blowgun-50-ks\/","title":{"rendered":"Cold Steel \u0160ipky do fouka\u010dky Stun Dart, r\u00e1\u017ee .625 Blowgun (50 ks)"},"content":{"rendered":"<p><strong>Cold Steel<\/strong> \u0160ipky do fouka\u010dky Stun Dart, r\u00e1\u017ee .625 Blowgun (50 ks)<\/p>\n<p>Pln\u011b plastov\u00e9 tr\u00e9ninkov\u00e9 st\u0159ely do fouka\u010dky r\u00e1\u017ee .625 Blowgun, Stun Dart, dok\u00e1\u017eou na 10 metr\u016f rozb\u00edt asfaltov\u00e9 holuby. St\u0159ely o velikosti 75 mm a v\u00e1ze 5 g, maj\u00ed soust\u0159ed\u011bn\u00e9 t\u011b\u017ei\u0161t\u011b do p\u0159edn\u00ed \u010d\u00e1sti st\u0159ely, hlavice. D\u00edky tomu z\u00edskaj\u00ed v\u00fdraznou razanci p\u0159i dopadu.<\/p>\n<p>Barva: \u010cern\u00e1\/Oran\u017eov\u00e1<br \/>\nMateri\u00e1l rukojeti: Polypropylene Plastic<br \/>\nCelkov\u00e1 velikost: 7.6 cm<br \/>\nHmotnost: 5 g<br \/>\nOcel: Polypropylene<\/p>\n","protected":false},"excerpt":{"rendered":"<p><strong>Tr\u00e9ninkov\u00e9 st\u0159ely do fouka\u010dky r\u00e1\u017ee .625 Blowgun, Stun Dart, dok\u00e1\u017eou na 10 metr\u016f rozb\u00edt asfaltov\u00e9 holuby.<\/strong><\/p>\n","protected":false},"featured_media":257422,"comment_status":"open","ping_status":"closed","template":"","meta":[],"pwb-brand":[211],"product_brand":[],"product_cat":[22,17],"product_tag":[3667],"class_list":{"0":"post-257421","1":"product","2":"type-product","3":"status-publish","4":"has-post-thumbnail","6":"pwb-brand-cold-steel","7":"product_cat-zaviraci-noze","8":"product_cat-noze","9":"product_tag-b2b","11":"first","12":"outofstock","13":"taxable","14":"shipping-taxable","15":"purchasable","16":"product-type-simple"},"brands":[{"id":211,"name":"Cold Steel","slug":"cold-steel"}],"_links":{"self":[{"href":"https:\/\/www.moskito.cz\/pl\/wp-json\/wp\/v2\/product\/257421","targetHints":{"allow":["GET"]}}],"collection":[{"href":"https:\/\/www.moskito.cz\/pl\/wp-json\/wp\/v2\/product"}],"about":[{"href":"https:\/\/www.moskito.cz\/pl\/wp-json\/wp\/v2\/types\/product"}],"replies":[{"embeddable":true,"href":"https:\/\/www.moskito.cz\/pl\/wp-json\/wp\/v2\/comments?post=257421"}],"wp:featuredmedia":[{"embeddable":true,"href":"https:\/\/www.moskito.cz\/pl\/wp-json\/wp\/v2\/media\/257422"}],"wp:attachment":[{"href":"https:\/\/www.moskito.cz\/pl\/wp-json\/wp\/v2\/media?parent=257421"}],"wp:term":[{"taxonomy":"pwb-brand","embeddable":true,"href":"https:\/\/www.moskito.cz\/pl\/wp-json\/wp\/v2\/pwb-brand?post=257421"},{"taxonomy":"product_brand","embeddable":true,"href":"https:\/\/www.moskito.cz\/pl\/wp-json\/wp\/v2\/product_brand?post=257421"},{"taxonomy":"product_cat","embeddable":true,"href":"https:\/\/www.moskito.cz\/pl\/wp-json\/wp\/v2\/product_cat?post=257421"},{"taxonomy":"product_tag","embeddable":true,"href":"https:\/\/www.moskito.cz\/pl\/wp-json\/wp\/v2\/product_tag?post=257421"}],"curies":[{"name":"wp","href":"https:\/\/api.w.org\/{rel}","templated":true}]}}