{"id":257427,"date":"2023-10-05T18:47:37","date_gmt":"2023-10-05T17:47:37","guid":{"rendered":"https:\/\/www.moskito.cz\/?post_type=product&#038;p=257427"},"modified":"2025-06-28T20:30:17","modified_gmt":"2025-06-28T19:30:17","slug":"zaviraci-nuz-spyderco-manix-2-xl-satin-c95gp2","status":"publish","type":"product","link":"https:\/\/www.moskito.cz\/pl\/produkt\/zaviraci-nuz-spyderco-manix-2-xl-satin-c95gp2\/","title":{"rendered":"Zav\u00edrac\u00ed N\u016f\u017e Spyderco Manix 2 XL Satin C95GP2"},"content":{"rendered":"<p>Zav\u00edrac\u00ed N\u016f\u017e <strong>Spyderco<\/strong> Manix 2 XL Satin C95GP2<\/p>\n<p>Mega-<strong>Manix<\/strong> m\u00e1 <strong>Spyderco<\/strong> patentovan\u00fd z\u00e1mek kuli\u010dkov\u00e9ho lo\u017eiska. Pln\u00e9 vnit\u0159n\u00ed vlo\u017eky rukojeti p\u0159esahuj\u00ed rukojeti G-10 a jsou po obvodu vroubkovan\u00e9, co\u017e zaji\u0161\u0165uje v\u00fdjime\u010dn\u00fd \u00fachop a ovl\u00e1d\u00e1n\u00ed rukojeti.<\/p>\n<p>Manix 2 XL je nadrozm\u011brn\u00e1 verze Manix 2 s \u010depel\u00ed, kter\u00e1 je t\u011bsn\u011b pod \u010dty\u0159mi palci. \u010cepel je uzam\u010dena otev\u0159en\u00e1 pomoc\u00ed patentovan\u00e9ho Ball Bearing Lock\u2122 spole\u010dnosti Spyderco. Z\u00e1mek se skl\u00e1d\u00e1 z voln\u011b plovouc\u00edho ocelov\u00e9ho kuli\u010dkov\u00e9ho lo\u017eiska zapouzd\u0159en\u00e9ho v high-tech polymerov\u00e9 kleci. Po otev\u0159en\u00ed se kuli\u010dkov\u00e9 lo\u017eisko posune dop\u0159edu na rampu \u010depele, kde je zakl\u00edn\u011bno, \u010d\u00edm\u017e se \u010depel bezpe\u010dn\u011b zablokuje.<\/p>\n<p>Kulovit\u00fd tvar koule se voln\u011b ot\u00e1\u010d\u00ed, co\u017e umo\u017e\u0148uje, aby se z\u00e1mek s\u00e1m nastavil na velk\u00e9m povrchu, co\u017e zaji\u0161\u0165uje hladk\u00e9 a spolehliv\u00e9 uzam\u010den\u00ed p\u0159i ka\u017ed\u00e9m otev\u0159en\u00ed. \u010cepel je CPM S30V, pln\u011b ploch\u00e1 brou\u0161en\u00e1 a m\u00e1 nadrozm\u011brn\u00fd 14mm kulat\u00fd otvor <strong>Spyderco<\/strong>.<\/p>\n<p>Vlo\u017eky uvnit\u0159 rukojeti G-10 p\u0159esahuj\u00ed\u00a0 a vytv\u00e1\u0159ej\u00ed vroubkovan\u00fd vzor po obvodu rukojeti pro lep\u0161\u00ed uchopen\u00ed. Tato funkce zabra\u0148uje vyklouznut\u00ed no\u017ee z ruky a funguje dob\u0159e v rukavic\u00edch. Vlo\u017eky slou\u017e\u00ed dvoj\u00edmu \u00fa\u010delu t\u00edm, \u017ee dod\u00e1vaj\u00ed rukojeti tuhost a lehkou pevnost. Spona se t\u0159emi \u0161rouby m\u016f\u017ee b\u00fdt um\u00edst\u011bna oboustrann\u011b, vykl\u00e1p\u011bc\u00ed pro pohodl\u00ed a no\u0161en\u00ed v kapse. N\u016f\u017e m\u00e1 tak\u00e9 velkou \u0161\u0148\u016frku pro ochranu r\u016fzn\u00fdch typ\u016f \u0161\u0148\u016fr nebo \u0159em\u00ednk\u016f.<\/p>\n<p>Specifikace<br \/>\nCelkov\u00e1: 22.7 cm<br \/>\n\u010cepel: 0.98 cm<br \/>\nUzav\u0159eno: 12.9 cm<br \/>\nHmotnost: 147 g<br \/>\nZem\u011b p\u016fvodu: Golden, Colorado USA<\/p>\n","protected":false},"excerpt":{"rendered":"<p><strong>Manix 2 XL m\u00e1 stejn\u00e9 kvality jako Manix 2, ale je v podstatn\u011b v\u011bt\u0161\u00edm form\u00e1tu, kter\u00fd je ide\u00e1ln\u00ed pro v\u011bt\u0161\u00ed ruce a n\u00e1ro\u010dn\u011bj\u0161\u00ed\u00a0 pr\u00e1ci. <\/strong><\/p>\n","protected":false},"featured_media":257428,"comment_status":"open","ping_status":"closed","template":"","meta":[],"pwb-brand":[567],"product_brand":[],"product_cat":[22,17],"product_tag":[3667],"class_list":{"0":"post-257427","1":"product","2":"type-product","3":"status-publish","4":"has-post-thumbnail","6":"pwb-brand-spyderco","7":"product_cat-zaviraci-noze","8":"product_cat-noze","9":"product_tag-b2b","11":"first","12":"instock","13":"sale","14":"taxable","15":"shipping-taxable","16":"purchasable","17":"product-type-simple"},"brands":[{"id":567,"name":"Spyderco","slug":"spyderco"}],"_links":{"self":[{"href":"https:\/\/www.moskito.cz\/pl\/wp-json\/wp\/v2\/product\/257427","targetHints":{"allow":["GET"]}}],"collection":[{"href":"https:\/\/www.moskito.cz\/pl\/wp-json\/wp\/v2\/product"}],"about":[{"href":"https:\/\/www.moskito.cz\/pl\/wp-json\/wp\/v2\/types\/product"}],"replies":[{"embeddable":true,"href":"https:\/\/www.moskito.cz\/pl\/wp-json\/wp\/v2\/comments?post=257427"}],"wp:featuredmedia":[{"embeddable":true,"href":"https:\/\/www.moskito.cz\/pl\/wp-json\/wp\/v2\/media\/257428"}],"wp:attachment":[{"href":"https:\/\/www.moskito.cz\/pl\/wp-json\/wp\/v2\/media?parent=257427"}],"wp:term":[{"taxonomy":"pwb-brand","embeddable":true,"href":"https:\/\/www.moskito.cz\/pl\/wp-json\/wp\/v2\/pwb-brand?post=257427"},{"taxonomy":"product_brand","embeddable":true,"href":"https:\/\/www.moskito.cz\/pl\/wp-json\/wp\/v2\/product_brand?post=257427"},{"taxonomy":"product_cat","embeddable":true,"href":"https:\/\/www.moskito.cz\/pl\/wp-json\/wp\/v2\/product_cat?post=257427"},{"taxonomy":"product_tag","embeddable":true,"href":"https:\/\/www.moskito.cz\/pl\/wp-json\/wp\/v2\/product_tag?post=257427"}],"curies":[{"name":"wp","href":"https:\/\/api.w.org\/{rel}","templated":true}]}}