{"id":258496,"date":"2023-10-23T14:06:30","date_gmt":"2023-10-23T13:06:30","guid":{"rendered":"https:\/\/www.moskito.cz\/?post_type=product&#038;p=258496"},"modified":"2025-07-23T17:10:53","modified_gmt":"2025-07-23T16:10:53","slug":"vystrelovaci-nuz-a-g-a-campolin-zero-3","status":"publish","type":"product","link":"https:\/\/www.moskito.cz\/pl\/produkt\/vystrelovaci-nuz-a-g-a-campolin-zero-3\/","title":{"rendered":"Vyst\u0159elovac\u00ed N\u016f\u017e A.G.A. CAMPOLIN ZERO"},"content":{"rendered":"<p>Vyst\u0159elovac\u00ed N\u016f\u017e <strong>A.G.A. CAMPOLIN<\/strong> ZERO<\/p>\n<p>Jsem hrd\u00fd na to, \u017ee mohu p\u0159edstavit <strong>&#8222;ZERO&#8221;<\/strong>, nov\u00fd modern\u00ed automatick\u00fd n\u016f\u017e inspirovan\u00fd tradi\u010dn\u00edmi italsk\u00fdmi vyst\u0159elov\u00e1ky. S nulov\u00fdmi kompromisy v designu a kvalit\u011b, &#8222;ZERO&#8221; jist\u011b nastav\u00ed nov\u00fd standard v automatick\u00fdch no\u017e\u00edch.<br \/>\n<strong>Angelo Campolin<\/strong><\/p>\n<p><strong>ZERO<\/strong> je modern\u00ed stiletto s p\u00e1kov\u00fdm mechanismem. M\u00e1 \u010depel z nerezov\u00e9 oceli N690Co s \u010dern\u00fdm povlakem idroglideru a pevnou ocelovou \u010depel AISI 430 otryskanou sklen\u011bn\u00fdmi kor\u00e1lky. Dvojit\u00e1 pru\u017eina poskytuje rychlej\u0161\u00ed akci a zaru\u010duje del\u0161\u00ed \u017eivotnost. Obr\u00e1cen\u00e1 p\u00e1ka pro rychl\u00e9 otev\u0159en\u00ed. \u010cern\u00e1 rukoje\u0165 G-10 s 3D texturou pro lep\u0161\u00ed \u00fachop. Nerezov\u00fd klip na kapsu lze snadno vyjmout a nahradit mal\u00fdm ocelov\u00fdm \u0161t\u00edtem.<br \/>\nNa ZERO se vztahuje z\u00e1ruka 1 rok od data n\u00e1kupu p\u016fvodn\u00edho koncov\u00e9ho u\u017eivatele.<\/p>\n<p>Celkov\u00e1 d\u00e9lka: 22 cm<br \/>\nD\u00e9lka \u010depele: 10 cm<br \/>\nTlou\u0161\u0165ka \u010depele: 3,5 mm<br \/>\nHmotnost: 170 g<\/p>\n<p>&nbsp;<\/p>\n","protected":false},"excerpt":{"rendered":"<p><strong>Jsem hrd\u00fd na to, \u017ee mohu p\u0159edstavit &#8222;ZERO&#8221;, nov\u00fd modern\u00ed automatick\u00fd n\u016f\u017e inspirovan\u00fd tradi\u010dn\u00edmi italsk\u00fdmi vyst\u0159elov\u00e1ky.<\/strong><\/p>\n<p><strong>Doprava zdarma.<\/strong><\/p>\n","protected":false},"featured_media":258497,"comment_status":"open","ping_status":"closed","template":"","meta":[],"pwb-brand":[3245],"product_brand":[],"product_cat":[2019,17],"product_tag":[],"class_list":{"0":"post-258496","1":"product","2":"type-product","3":"status-publish","4":"has-post-thumbnail","6":"pwb-brand-a-g-a-campolin","7":"product_cat-vystrelovaci-noze","8":"product_cat-noze","10":"first","11":"outofstock","12":"taxable","13":"shipping-taxable","14":"purchasable","15":"product-type-simple"},"brands":[{"id":3245,"name":"A.G.A. CAMPOLIN","slug":"a-g-a-campolin"}],"_links":{"self":[{"href":"https:\/\/www.moskito.cz\/pl\/wp-json\/wp\/v2\/product\/258496","targetHints":{"allow":["GET"]}}],"collection":[{"href":"https:\/\/www.moskito.cz\/pl\/wp-json\/wp\/v2\/product"}],"about":[{"href":"https:\/\/www.moskito.cz\/pl\/wp-json\/wp\/v2\/types\/product"}],"replies":[{"embeddable":true,"href":"https:\/\/www.moskito.cz\/pl\/wp-json\/wp\/v2\/comments?post=258496"}],"wp:featuredmedia":[{"embeddable":true,"href":"https:\/\/www.moskito.cz\/pl\/wp-json\/wp\/v2\/media\/258497"}],"wp:attachment":[{"href":"https:\/\/www.moskito.cz\/pl\/wp-json\/wp\/v2\/media?parent=258496"}],"wp:term":[{"taxonomy":"pwb-brand","embeddable":true,"href":"https:\/\/www.moskito.cz\/pl\/wp-json\/wp\/v2\/pwb-brand?post=258496"},{"taxonomy":"product_brand","embeddable":true,"href":"https:\/\/www.moskito.cz\/pl\/wp-json\/wp\/v2\/product_brand?post=258496"},{"taxonomy":"product_cat","embeddable":true,"href":"https:\/\/www.moskito.cz\/pl\/wp-json\/wp\/v2\/product_cat?post=258496"},{"taxonomy":"product_tag","embeddable":true,"href":"https:\/\/www.moskito.cz\/pl\/wp-json\/wp\/v2\/product_tag?post=258496"}],"curies":[{"name":"wp","href":"https:\/\/api.w.org\/{rel}","templated":true}]}}