{"id":259223,"date":"2023-11-04T20:12:56","date_gmt":"2023-11-04T19:12:56","guid":{"rendered":"https:\/\/www.moskito.cz\/?post_type=product&#038;p=259223"},"modified":"2025-05-07T10:53:59","modified_gmt":"2025-05-07T09:53:59","slug":"vystrelovaci-nuz-kershaw-launch-9-stonewashed-7250olsw","status":"publish","type":"product","link":"https:\/\/www.moskito.cz\/pl\/produkt\/vystrelovaci-nuz-kershaw-launch-9-stonewashed-7250olsw\/","title":{"rendered":"Vyst\u0159elovac\u00ed N\u016f\u017e Kershaw Launch 9 Stonewashed 7250OLSW"},"content":{"rendered":"<p>Vyst\u0159elovac\u00ed N\u016f\u017e <strong>Kershaw<\/strong> Launch 9 Stonewashed 7250OLSW<\/p>\n<p>Popularita Launch 4 spustila n\u011bkolik men\u0161\u00edch automat\u016f od <strong>Kershaw Knives<\/strong>.<\/p>\n<p>Toto je Launch 9. A i kdy\u017e to m\u016f\u017ee vypadat jako men\u0161\u00ed verze nejprod\u00e1van\u011bj\u0161\u00edho Launch 2 od Kershaw, Launch 9 m\u00e1 svou zvl\u00e1\u0161tn\u00ed p\u0159ita\u017elivost. D\u00edky kompaktn\u00ed velikosti se snadno p\u0159en\u00e1\u0161\u00ed \u2013 a hod\u00ed se v r\u016fzn\u00fdch situac\u00edch, kdy byste agresivn\u011bji vypadaj\u00edc\u00ed n\u016f\u017e nevyt\u00e1hli. Nab\u00edz\u00ed rafinovan\u00fd vzhled; t\u00e9m\u011b\u0159 gentlemansk\u00e1 automatika.<\/p>\n<p>Ale jen \u201eskoro\u201c. \u010cepel Launch 9 je CPM-154 s hlubok\u00fdm kamenn\u00fdm povrchem. Ocel CPM-154 m\u00e1 a dr\u017e\u00ed vynikaj\u00edc\u00ed ost\u0159\u00ed, nab\u00edz\u00ed dobrou odolnost proti korozi, odolnost proti opot\u0159eben\u00ed a hou\u017eevnatost.<\/p>\n<p>Stejn\u011b jako zbytek s\u00e9rie Launch je rukoje\u0165 Launch 9 z eloxovan\u00e9ho hlin\u00edku. V tomto p\u0159\u00edpad\u011b je eloxov\u00e1n do olivov\u00e9ho odst\u00ednu pro ka\u017edodenn\u00ed dobr\u00fd vzhled. Tla\u010d\u00edtko na rukojeti n\u016f\u017e rychle otev\u0159e. Op\u011btovn\u00fdm stisknut\u00edm tla\u010d\u00edtka uvoln\u00edte \u010depel a slo\u017e\u00edte ji zp\u011bt do rukojeti.<\/p>\n<p>Launch 9 je vybaven integrovanou backspacer s otvorem pro \u0161\u0148\u016frku &#8211; ide\u00e1ln\u00ed pro p\u0159ipevn\u011bn\u00ed paracordu &#8211; a oboustrannou (lev\u00e1\/prav\u00e1, sklopn\u00e1) kapesn\u00ed sponou.<\/p>\n<p>Z\u00e1mek tla\u010d\u00edtka \u2013 Nach\u00e1z\u00ed se na skl\u00e1dac\u00ed pile Kershaw, b\u011bhem pou\u017e\u00edv\u00e1n\u00ed uzamkne \u010depel v otev\u0159en\u00e9 poloze a pot\u00e9 se uvoln\u00ed stisknut\u00edm tla\u010d\u00edtka pro ulo\u017een\u00ed.<br \/>\nOboustrann\u00e9 &#8211; P\u0159edvrtan\u00e9 otvory v rukojeti umo\u017e\u0148uj\u00ed u\u017eivateli zm\u011bnit polohu hrotu nebo stranu, na kter\u00e9 n\u016f\u017e nese.<br \/>\nVyrobeno v USA &#8211; Kdy\u017e to vid\u00edte na jednom z no\u017e\u016f <strong>Kershaw<\/strong>, znamen\u00e1 to, \u017ee n\u016f\u017e byl vyroben v jejich v\u00fdrobn\u00edm z\u00e1vod\u011b v Tualatinu v Oregonu zku\u0161en\u00fdmi no\u017e\u00ed\u0159i <strong>Kershaw<\/strong>.<\/p>\n<p>Specifikace<br \/>\nVyrobeno v USA<br \/>\nIntegrovan\u00fd backspacer s otvorem pro \u0161\u0148\u016frku<br \/>\nOtev\u0159en\u00ed tla\u010d\u00edtkem<br \/>\nUvoln\u011bn\u00ed z\u00e1mku tla\u010d\u00edtkem<br \/>\nOboustrann\u00e1 spona na hlubokou kapsu (prav\u00e1\/lev\u00e1, sklopn\u00e1)<br \/>\nOcel: CPM 154, povrchov\u00e1 \u00faprava stonewash<br \/>\nRukoje\u0165: hlin\u00edk 6061-T6, olivov\u011b eloxovan\u00fd<br \/>\nD\u00e9lka \u010depele: 4,6 cm<br \/>\nD\u00e9lka v zav\u0159en\u00e9m stavu: 8,3 cm<br \/>\nCelkov\u00e1 d\u00e9lka: 12,7 cm<br \/>\nHmotnost: 45 g<\/p>\n<p>&nbsp;<\/p>\n","protected":false},"excerpt":{"rendered":"<p><strong>Popularita Launch 4 spustila n\u011bkolik men\u0161\u00edch automat\u016f od Kershaw Knives.<\/strong><\/p>\n<p><strong>Doprava zdarma.<\/strong><\/p>\n","protected":false},"featured_media":259224,"comment_status":"open","ping_status":"closed","template":"","meta":[],"pwb-brand":[385],"product_brand":[],"product_cat":[2019,17],"product_tag":[],"class_list":{"0":"post-259223","1":"product","2":"type-product","3":"status-publish","4":"has-post-thumbnail","6":"pwb-brand-kershaw","7":"product_cat-vystrelovaci-noze","8":"product_cat-noze","10":"first","11":"outofstock","12":"taxable","13":"shipping-taxable","14":"purchasable","15":"product-type-simple"},"brands":[{"id":385,"name":"Kershaw","slug":"kershaw"}],"_links":{"self":[{"href":"https:\/\/www.moskito.cz\/pl\/wp-json\/wp\/v2\/product\/259223","targetHints":{"allow":["GET"]}}],"collection":[{"href":"https:\/\/www.moskito.cz\/pl\/wp-json\/wp\/v2\/product"}],"about":[{"href":"https:\/\/www.moskito.cz\/pl\/wp-json\/wp\/v2\/types\/product"}],"replies":[{"embeddable":true,"href":"https:\/\/www.moskito.cz\/pl\/wp-json\/wp\/v2\/comments?post=259223"}],"wp:featuredmedia":[{"embeddable":true,"href":"https:\/\/www.moskito.cz\/pl\/wp-json\/wp\/v2\/media\/259224"}],"wp:attachment":[{"href":"https:\/\/www.moskito.cz\/pl\/wp-json\/wp\/v2\/media?parent=259223"}],"wp:term":[{"taxonomy":"pwb-brand","embeddable":true,"href":"https:\/\/www.moskito.cz\/pl\/wp-json\/wp\/v2\/pwb-brand?post=259223"},{"taxonomy":"product_brand","embeddable":true,"href":"https:\/\/www.moskito.cz\/pl\/wp-json\/wp\/v2\/product_brand?post=259223"},{"taxonomy":"product_cat","embeddable":true,"href":"https:\/\/www.moskito.cz\/pl\/wp-json\/wp\/v2\/product_cat?post=259223"},{"taxonomy":"product_tag","embeddable":true,"href":"https:\/\/www.moskito.cz\/pl\/wp-json\/wp\/v2\/product_tag?post=259223"}],"curies":[{"name":"wp","href":"https:\/\/api.w.org\/{rel}","templated":true}]}}