{"id":260116,"date":"2023-11-19T11:02:00","date_gmt":"2023-11-19T10:02:00","guid":{"rendered":"https:\/\/www.moskito.cz\/?post_type=product&#038;p=260116"},"modified":"2025-05-07T10:54:17","modified_gmt":"2025-05-07T09:54:17","slug":"zaviraci-nuz-zaviraci-spyderco-leafjumper-k390-c262pblk390","status":"publish","type":"product","link":"https:\/\/www.moskito.cz\/pl\/produkt\/zaviraci-nuz-zaviraci-spyderco-leafjumper-k390-c262pblk390\/","title":{"rendered":"Zav\u00edrac\u00ed N\u016f\u017e Zav\u00edrac\u00ed Spyderco LeafJumper K390 C262PBLK390"},"content":{"rendered":"<p>Zav\u00edrac\u00ed N\u016f\u017e Zav\u00edrac\u00ed <strong>Spyderco<\/strong> LeafJumper K390 C262PBLK390<\/p>\n<p>Spoluzakladatel Spyderco Sal Glesser m\u011bl v\u017edy velk\u00fd z\u00e1jem o navrhov\u00e1n\u00ed no\u017e\u016f, kter\u00e9 spl\u0148uj\u00ed specifick\u00e1 v\u00fdkonnostn\u00ed krit\u00e9ria. Jeho zvl\u00e1\u0161tn\u00ed schopnost porozum\u011bt pot\u0159eb\u00e1m koncov\u00fdch u\u017eivatel\u016f a identifikovat se s nimi vedla k n\u011bkter\u00fdm z nejzn\u00e1m\u011bj\u0161\u00edch n\u00e1vrh\u016f Spyderco, v\u010detn\u011b Mariner, Police Model, Civilian, Military, Rescue a Assist, abychom jmenovali jen n\u011bkter\u00e9.<\/p>\n<p>Nov\u011bj\u0161\u00edm p\u0159\u00edkladem Salova specifick\u00e9ho p\u0159\u00edstupu k designu no\u017e\u016f je RockJumper, kter\u00fd vytvo\u0159il, aby uspokojil n\u00e1ro\u010dn\u00e9 po\u017eadavky outdoorov\u00fdch nad\u0161enc\u016f a horolezc\u016f. RockJumper, kter\u00fd byl p\u0159edstaven v roce 2020, si nejen vyslou\u017eil oddan\u00e9 p\u0159\u00edznivce, ale tak\u00e9 inspiroval popt\u00e1vku po verzi s konven\u010dn\u011bj\u0161\u00edm tvarem \u010depele. Sal\u016fv nejnov\u011bj\u0161\u00ed design, LeafJumper, odpov\u00edd\u00e1 na toto vol\u00e1n\u00ed.<\/p>\n<p>Evoluce designu<\/p>\n<p>Salov\u00fdm c\u00edlem p\u0159i navrhov\u00e1n\u00ed RockJumperu bylo vytvo\u0159it lehk\u00fd zav\u00edrac\u00ed n\u016f\u017e, kter\u00fd nab\u00edz\u00ed p\u016fsobiv\u00fd \u0159ezn\u00fd v\u00fdkon a rychl\u00e9, oboustrann\u00e9 ovl\u00e1d\u00e1n\u00ed jednou rukou. Aby toho dos\u00e1hl v pohodln\u00e9m a snadno p\u0159enosn\u00e9m balen\u00ed, upravil design tak, aby zapadl do dokonal\u00e9ho \u201est\u0159edu\u201c mezi Delica 4 a Endura 4 Lightweights a p\u0159itom st\u00e1le poskytoval v\u0161echny stejn\u00e9 \u010dasem prov\u011b\u0159en\u00e9 funkce a v\u00fdhody.<\/p>\n<p>Mnoh\u00e9 z definuj\u00edc\u00edch vlastnost\u00ed Delica 4 a Endura 4 lze nal\u00e9zt v jejich konstrukci rukojeti. Jejich lehk\u00e9, ergonomick\u00e9 rukojeti jsou postaveny na konstrukci z nerezov\u00e9 oceli. Vlo\u017eky jsou skeletonizovan\u00e9 pro sn\u00ed\u017een\u00ed hmotnosti a dod\u00e1vaj\u00ed no\u017e\u016fm p\u016fsobivou struktur\u00e1ln\u00ed pevnost, podporuj\u00ed jejich robustn\u00ed mechanismus zadn\u00edho z\u00e1mku a poskytuj\u00ed pevn\u00e9 kotevn\u00ed body pro jejich \u010dty\u0159polohov\u00e9 kapesn\u00ed spony. Vlo\u017eky jsou zasazeny do \u0161upin vst\u0159ikovan\u00fdch z tvrd\u00e9ho nylonu vyztu\u017een\u00e9ho skeln\u00fdmi vl\u00e1kny (FRN) a maj\u00ed typick\u00fd vzor Bi-Directional Texture spole\u010dnosti Spyderco pro bezpe\u010dn\u00fd, neklouzav\u00fd \u00fachop. Odpov\u00eddaj\u00edc\u00ed zadn\u00ed rozp\u011brky FRN p\u0159id\u00e1vaj\u00ed dal\u0161\u00ed s\u00edlu a ukotvuj\u00ed pru\u017einy pro mechanismus zadn\u00edho z\u00e1mku no\u017e\u016f, kter\u00fd lze snadno ovl\u00e1dat kteroukoli rukou.<\/p>\n<p>V\u0161echny tyto vlastnosti jsou v\u011brn\u011b zakomponov\u00e1ny do rukojeti RockJumperu, kter\u00e1 se vyzna\u010duje \u0161irok\u00fdm profilem, kter\u00fd se na obou konc\u00edch roz\u0161i\u0159uje a \u201eupev\u0148uje\u201c ruku u\u017eivatele pro v\u011bt\u0161\u00ed bezpe\u010dnost \u00fachopu. Design ru\u010dn\u00edho pln\u011bn\u00ed tak\u00e9 le\u017e\u00ed naplocho p\u0159es dla\u0148, aby umo\u017enil instinktivn\u00ed hmatovou orientaci roviny a hrany \u010depele. Proto\u017ee mnoho outdoorov\u00fdch nad\u0161enc\u016f a horolezc\u016f s oblibou pou\u017e\u00edv\u00e1 na sv\u00fdch no\u017e\u00edch bezpe\u010dnostn\u00ed lana, je na zadn\u00edm konci rukojeti tak\u00e9 nadm\u011brn\u011b velk\u00fd otvor pro lano.<\/p>\n<p>Na &#8222;podnikatelsk\u00e9m konci&#8221; m\u00e1 RockJumper celoplo\u0161n\u011b brou\u0161enou \u010depel z nerezov\u00e9 oceli VG-10 s klasick\u00fdm profilem Wharncliffe. H\u0159bet \u010depele se elegantn\u011b zak\u0159ivuje, aby se setkal s dokonale rovn\u00fdm ost\u0159\u00edm ve v\u00fdjime\u010dn\u011b ostr\u00e9m bod\u011b. V\u00fdsledkem je \u010depel, kter\u00e1 nab\u00edz\u00ed v\u0161e od p\u0159esnosti p\u0159ipom\u00ednaj\u00edc\u00ed skalpel a\u017e po extr\u00e9mn\u00ed \u0159eznou s\u00edlu v jedin\u00e9m balen\u00ed. Je k dispozici v r\u016fzn\u00fdch konfigurac\u00edch PlainEdge nebo pln\u011b zoubkovan\u00fdch SpyderEdge a hrd\u011b se vyzna\u010duje pln\u011b p\u0159\u00edstupn\u00fdm kulat\u00fdm otvorem pro pozitivn\u00ed otv\u00edr\u00e1n\u00ed jednou rukou jednou rukou.<\/p>\n<p>Oto\u010den\u00ed nov\u00e9ho listu<\/p>\n<p>P\u0159esto\u017ee je tvar \u010depele Wharncliffe mimo\u0159\u00e1dn\u011b praktick\u00fd a v\u0161estrann\u00fd, n\u011bkte\u0159\u00ed u\u017eivatel\u00e9 no\u017e\u016f preferuj\u00ed v\u00edce \u201eb\u0159icha\u201c p\u0159ed jejich ost\u0159\u00edmi a robustn\u011bj\u0161\u00ed hrot, kter\u00fd je bl\u00ed\u017ee st\u0159edov\u00e9 ose no\u017ee. Aby vyhov\u011bl t\u011bmto preferenc\u00edm, rozhodl se Sal vybavit rukoje\u0165 RockJumper \u0161irokou \u010depel\u00ed ve tvaru listu a LeafJumper byl na sv\u011bt\u011b.<\/p>\n<p>Jak ji\u017e n\u00e1zev napov\u00edd\u00e1, ur\u010duj\u00edc\u00edm znakem LeafJumperu je tvar jeho \u010depele, kter\u00e1 p\u0159ipom\u00edn\u00e1 symetrick\u00fd profil bambusov\u00e9ho listu. A\u010dkoli je tento tvar standardem od doby, kdy \u010dlov\u011bk p\u0159ed 2,5 miliony let vyrobil prvn\u00ed no\u017ee, Spyderco je mo\u017en\u00e1 nejl\u00e9pe zn\u00e1m\u00e9 t\u00edm, \u017ee jej p\u0159edv\u00e1d\u00ed v modern\u00edm designu zav\u00edrac\u00edch no\u017e\u016f. Manix 2 a Manix 2 XL, UK Penknife, Chaparral family, Caly 3.5 a Lil&#8217; Temperance 3 Lightweight jsou toho d\u016fkazem.<\/p>\n<p>\u010cepel LeafJumper je k dispozici v r\u016fzn\u00fdch form\u00e1tech PlainEdge nebo pln\u011b zoubkovan\u00fdch SpyderEdge a je um\u011bleck\u00fdm d\u00edlem. Jeho pln\u011b p\u0159\u00edstupn\u00fd kulat\u00fd otvor s ochrannou zn\u00e1mkou prohla\u0161uje rodokmen no\u017ee Spyderco a umo\u017e\u0148uje rychl\u00e9 a spolehliv\u00e9 otev\u00edr\u00e1n\u00ed jednou rukou kteroukoli rukou. Stejn\u011b jako RockJumper m\u00e1 \u010depel LeafJumper minim\u00e1ln\u00ed ricasso (nezkosen\u00e1 oblast pln\u00e9 tlou\u0161\u0165ky nejbl\u00ed\u017ee rukojeti), kter\u00e1 nab\u00edz\u00ed maxim\u00e1ln\u00ed d\u00e9lku ost\u0159\u00ed. To funguje ve shod\u011b s vyt\u0159\u00edbenou ergonomi\u00ed rukojeti, aby byla ruka um\u00edst\u011bna d\u00e1le vp\u0159ed a umo\u017enila vy\u0161\u0161\u00ed \u0159ezn\u00fd v\u00fdkon v bl\u00edzkosti paty \u010depele, nejbl\u00ed\u017ee rukojeti. Pln\u011b ploch\u00fd povrch a kr\u00e1sn\u011b sat\u00e9nov\u00fd povrch pro zaji\u0161t\u011bn\u00ed \u0159ezn\u00e9ho v\u00fdkonu s n\u00edzk\u00fdm t\u0159en\u00edm, m\u00edrn\u011b zvednut\u00e1 hrana \u010depele zved\u00e1 hrot a vyrovn\u00e1v\u00e1 jej na st\u0159edovou osu no\u017ee. Zvednut\u00ed hrotu jej tak\u00e9 zahust\u00ed a zpevn\u00ed, tak\u017ee se l\u00e9pe hod\u00ed pro piercing a dal\u0161\u00ed bodov\u011b orientovan\u00e9 \u00fakoly.<\/p>\n<p>S v\u00fdjimkou sv\u00e9ho vst\u0159ikovan\u00e9ho n\u00e1zvu je rukoje\u0165 LeafJumper \u00fapln\u011b stejn\u00e1 jako u RockJumperu a v\u011brn\u011b poskytuje v\u0161echny stejn\u00e9 v\u00fdhody. \u0160irok\u00e1 rukoje\u0165 s ru\u010dn\u00edm pln\u011bn\u00edm, postaven\u00e1 na konstrukci ze skeletonizovan\u00fdch vlo\u017eek z nerezov\u00e9 oceli, je vybavena stupnic\u00ed FRN, tvarovanou zadn\u00ed vlo\u017ekou FRN a robustn\u00edm mechanismem zadn\u00edho z\u00e1mku s pozitivn\u00ed funkc\u00ed samozav\u00edr\u00e1n\u00ed. V\u00e1hy FRN jsou vst\u0159ikov\u00e1ny s na\u0161\u00edm vysoce trak\u010dn\u00edm dvousm\u011brn\u00fdm texturov\u00fdm vzorem, kter\u00fd poskytuje bezpe\u010dn\u00fd, neklouzav\u00fd \u00fachop i v t\u011bch nejn\u00e1ro\u010dn\u011bj\u0161\u00edch podm\u00ednk\u00e1ch. Pro zaji\u0161t\u011bn\u00ed snadn\u00e9ho p\u0159en\u00e1\u0161en\u00ed a udr\u017een\u00ed no\u017ee p\u0159ipraven\u00e9ho pro okam\u017eit\u00fd p\u0159\u00edstup je rukoje\u0165 vybavena \u010dty\u0159polohovou kapesn\u00ed sponou p\u0159es\u00fdpac\u00edch hodin, kterou lze konfigurovat pro no\u0161en\u00ed levou nebo pravou stranou nahoru nebo dol\u016f. Pro u\u017eivatele, kte\u0159\u00ed up\u0159ednost\u0148uj\u00ed zv\u00fd\u0161enou bezpe\u010dnost bezpe\u010dnostn\u00edch \u0161\u0148\u016fr a p\u0159\u00edv\u011bsk\u016f, nab\u00edz\u00ed zadn\u00ed konec rukojeti velkoryse dimenzovan\u00fd otvor pro \u0161\u0148\u016frku. Spole\u010dn\u011b tyto vlastnosti d\u011blaj\u00ed design LeafJumperu zcela symetrick\u00fd a umo\u017e\u0148uj\u00ed, aby ka\u017ed\u00fd aspekt jeho no\u0161en\u00ed, nasazen\u00ed a provozu byl zcela oboustrann\u00fd.<\/p>\n<p>LeafJumper, inspirovan\u00fd origin\u00e1ln\u00edm designem RockJumper od Sala Glessera, je st\u0159edn\u011b velk\u00fd zav\u00edrac\u00ed n\u016f\u017e se zadn\u00edm z\u00e1mkem se \u0161irokou, ergonomickou rukojet\u00ed a v\u0161estrannou \u010depel\u00ed ve tvaru listu. Tento elitn\u00ed v\u00fdraz p\u0159epl\u0148uje design s \u010depel\u00ed z oceli Bohler K390. Nejmodern\u011bj\u0161\u00ed n\u00e1strojov\u00e1 ocel vytvo\u0159en\u00e1 tak, aby vydr\u017eela n\u00e1ro\u010dn\u00e9 pr\u016fmyslov\u00e9 \u0159ez\u00e1n\u00ed, vysek\u00e1v\u00e1n\u00ed a d\u011brov\u00e1n\u00ed, K390 nab\u00edz\u00ed v\u00fdjime\u010dnou pevnost a zachov\u00e1n\u00ed ost\u0159\u00ed p\u0159i pou\u017eit\u00ed na \u010depele no\u017e\u016f. Rukoje\u0165 FRN K390 LeafJumper je vylisov\u00e1na ve v\u00fdrazn\u00e9 modr\u00e9 barv\u011b vyhrazen\u00e9 pro elitn\u00ed rodinu no\u017e\u016f Spyderco K390.<\/p>\n<p>LeafJumper je impozantn\u00ed \u0159ezn\u00fd n\u00e1stroj, kter\u00fd p\u0159eb\u00edr\u00e1 v\u0161echny osv\u011bd\u010den\u00e9 vlastnosti RockJumperu a vyjad\u0159uje je v\u00fdhodami \u010depele ve tvaru listu. Pokud hled\u00e1te zav\u00edrac\u00ed n\u016f\u017e st\u0159edn\u00ed velikosti, kter\u00fd nab\u00edz\u00ed jak neutuchaj\u00edc\u00ed v\u00fdkon, tak ikonick\u00fd styl <strong>Spyderco<\/strong>, u\u017e nehledejte.<\/p>\n<p>Specifikace<br \/>\nD\u00e9lka \u010depele: 7.8 cm<br \/>\nD\u00e9lka v zav\u0159en\u00e9m stavu: 11.3 cm<br \/>\nCelkov\u00e1 d\u00e9lka: 19.1 cm<br \/>\n\u0158ezn\u00e1 hrana: 7.3 cm<br \/>\nTlou\u0161\u0165ka \u010depele: 0,3 cm<br \/>\nMateri\u00e1l \u010depele: N\u00e1strojov\u00e1 ocel Bohler K390<br \/>\nStyl \u010depele: Tvar listu<br \/>\nBrou\u0161en\u00ed \u010depele: Pln\u011b ploch\u00e9<br \/>\nPovrchov\u00e1 \u00faprava \u010depele: sat\u00e9n<br \/>\nOst\u0159\u00ed \u010depele: Hladk\u00e9<br \/>\nMateri\u00e1l rukojeti: FRN<br \/>\nBarva rukojeti: Modr\u00e1<br \/>\nUzamykac\u00ed mechanismus: Lockback<br \/>\nKapesn\u00ed spona: Nerezov\u00e1 ocel (Tip-Up\/Down, Right\/Left carry)<br \/>\n\u010c\u00edslo modelu: C262PBLK390<br \/>\nN\u00e1zev modelu: LeafJumper K390<br \/>\nDesign\u00e9r: Sal Glesser<br \/>\nHmotnost: 3,00 oz. (85 g)<br \/>\nVyrobeno v Japonsku<\/p>\n","protected":false},"excerpt":{"rendered":"<p><strong>Spole\u010dnost Bohler-Uddeholm vyvinula K390 MICROCLEAN, aby zajistila extr\u00e9mn\u00ed odolnost proti opot\u0159eben\u00ed a vysokou pevnost.<\/strong><\/p>\n<p><strong>Doprava zdarma.<\/strong><\/p>\n","protected":false},"featured_media":260117,"comment_status":"open","ping_status":"closed","template":"","meta":[],"pwb-brand":[567],"product_brand":[],"product_cat":[22,17],"product_tag":[3667],"class_list":{"0":"post-260116","1":"product","2":"type-product","3":"status-publish","4":"has-post-thumbnail","6":"pwb-brand-spyderco","7":"product_cat-zaviraci-noze","8":"product_cat-noze","9":"product_tag-b2b","11":"first","12":"instock","13":"taxable","14":"shipping-taxable","15":"purchasable","16":"product-type-simple"},"brands":[{"id":567,"name":"Spyderco","slug":"spyderco"}],"_links":{"self":[{"href":"https:\/\/www.moskito.cz\/pl\/wp-json\/wp\/v2\/product\/260116","targetHints":{"allow":["GET"]}}],"collection":[{"href":"https:\/\/www.moskito.cz\/pl\/wp-json\/wp\/v2\/product"}],"about":[{"href":"https:\/\/www.moskito.cz\/pl\/wp-json\/wp\/v2\/types\/product"}],"replies":[{"embeddable":true,"href":"https:\/\/www.moskito.cz\/pl\/wp-json\/wp\/v2\/comments?post=260116"}],"wp:featuredmedia":[{"embeddable":true,"href":"https:\/\/www.moskito.cz\/pl\/wp-json\/wp\/v2\/media\/260117"}],"wp:attachment":[{"href":"https:\/\/www.moskito.cz\/pl\/wp-json\/wp\/v2\/media?parent=260116"}],"wp:term":[{"taxonomy":"pwb-brand","embeddable":true,"href":"https:\/\/www.moskito.cz\/pl\/wp-json\/wp\/v2\/pwb-brand?post=260116"},{"taxonomy":"product_brand","embeddable":true,"href":"https:\/\/www.moskito.cz\/pl\/wp-json\/wp\/v2\/product_brand?post=260116"},{"taxonomy":"product_cat","embeddable":true,"href":"https:\/\/www.moskito.cz\/pl\/wp-json\/wp\/v2\/product_cat?post=260116"},{"taxonomy":"product_tag","embeddable":true,"href":"https:\/\/www.moskito.cz\/pl\/wp-json\/wp\/v2\/product_tag?post=260116"}],"curies":[{"name":"wp","href":"https:\/\/api.w.org\/{rel}","templated":true}]}}