{"id":260254,"date":"2023-11-19T18:37:46","date_gmt":"2023-11-19T17:37:46","guid":{"rendered":"https:\/\/www.moskito.cz\/?post_type=product&#038;p=260254"},"modified":"2025-05-07T10:54:22","modified_gmt":"2025-05-07T09:54:22","slug":"zaviraci-nuz-spyderco-salt-2-yellow-c88pyl2","status":"publish","type":"product","link":"https:\/\/www.moskito.cz\/pl\/produkt\/zaviraci-nuz-spyderco-salt-2-yellow-c88pyl2\/","title":{"rendered":"Zav\u00edrac\u00ed N\u016f\u017e Spyderco Salt 2 Yellow C88PYL2"},"content":{"rendered":"<p>Zav\u00edrac\u00ed N\u016f\u017e <strong>Spyderco<\/strong> Salt 2 Yellow C88PYL2<\/p>\n<p><strong>Spyderco<\/strong> Salt 2 vyu\u017e\u00edv\u00e1 v\u0161echny pokro\u010dil\u00e9 funkce nejlep\u0161\u00edho zav\u00edrac\u00edho no\u017ee Delica 4 ve sv\u00e9 t\u0159\u00edd\u011b a p\u0159epl\u0148uje je 100% nerezav\u011bj\u00edc\u00ed ocel\u00ed \u010depele H-1 na b\u00e1zi dus\u00edku, kter\u00e1 je extr\u00e9mn\u011b odoln\u00e1 proti korozi. Jeho \u010depel s dut\u00fdm brou\u0161en\u00edm je k dispozici s \u0159ezn\u00fdmi hranami PlainEdge nebo SpyderEdge a m\u00e1 pln\u011b p\u0159\u00edstupn\u00fd kulat\u00fd otvor pro oboustrann\u00e9 otev\u00edr\u00e1n\u00ed jednou rukou. Je doprov\u00e1zen vysoce pevn\u00fdm zadn\u00edm z\u00e1mkov\u00fdm mechanismem um\u00edst\u011bn\u00fdm ve vst\u0159ikovan\u00e9 rukojeti z nylonu vyztu\u017een\u00e9ho sklen\u011bn\u00fdmi vl\u00e1kny (FRN). Jasn\u011b \u017elut\u00e1 rukoje\u0165 bez vlo\u017eky m\u00e1 obousm\u011brnou texturu pro bezpe\u010dn\u00e9 uchopen\u00ed ve vod\u011b i mimo ni a \u010dty\u0159i sady z\u00e1vitov\u00fdch vlo\u017eek pro ukotven\u00ed univerz\u00e1ln\u00ed, \u010dty\u0159polohov\u00e9 titanov\u00e9 kapesn\u00ed spony. Zcela oboustrann\u00fd a absolutn\u011b odoln\u00fd v\u016f\u010di korozi, Salt 2 je p\u0159edur\u010den k vytv\u00e1\u0159en\u00ed velk\u00fdch vln.<\/p>\n<p>Specifikace<br \/>\nD\u00e9lka \u010depele: 7.5 cm<br \/>\nCelkov\u00e1 d\u00e9lka: 18.12 cm<br \/>\nMateri\u00e1l \u010depele: H1\/H2 Ultra-korozi odoln\u00e1 ocel*<br \/>\nStyl \u010depele: Sheepfoot<br \/>\nBrou\u0161en\u00ed \u010depele: Dut\u00e9<br \/>\nPovrchov\u00e1 \u00faprava \u010depele: sat\u00e9n<br \/>\nOst\u0159\u00ed \u010depele: Hladk\u00e9<br \/>\nMateri\u00e1l rukojeti: FRN<br \/>\nBarva rukojeti: \u017elut\u00e1<br \/>\nUzamykac\u00ed mechanismus: Lockback<br \/>\nKapesn\u00ed klip: Titan (sklopen\u00ed nahoru\/dol\u016f, lev\u00e9\/prav\u00e9 no\u0161en\u00ed)<br \/>\n\u010c\u00edslo modelu: C88PYL2<br \/>\nN\u00e1zev modelu: Salt 2 Yellow<br \/>\nHmotnost: 2,1 oz.<br \/>\nVyrobeno v Japonsku<\/p>\n","protected":false},"excerpt":{"rendered":"<p><strong>Spyderco Salt 2 vyu\u017e\u00edv\u00e1 v\u0161echny pokro\u010dil\u00e9 funkce nejlep\u0161\u00edho zav\u00edrac\u00edho no\u017ee Delica 4 ve sv\u00e9 t\u0159\u00edd\u011b a p\u0159epl\u0148uje je 100% nerezav\u011bj\u00edc\u00ed ocel\u00ed \u010depele H-1 na b\u00e1zi dus\u00edku, kter\u00e1 je extr\u00e9mn\u011b odoln\u00e1 proti korozi.<\/strong><\/p>\n<p>&nbsp;<\/p>\n","protected":false},"featured_media":260255,"comment_status":"open","ping_status":"closed","template":"","meta":[],"pwb-brand":[567],"product_brand":[],"product_cat":[22,17],"product_tag":[3667],"class_list":{"0":"post-260254","1":"product","2":"type-product","3":"status-publish","4":"has-post-thumbnail","6":"pwb-brand-spyderco","7":"product_cat-zaviraci-noze","8":"product_cat-noze","9":"product_tag-b2b","11":"first","12":"instock","13":"taxable","14":"shipping-taxable","15":"purchasable","16":"product-type-simple"},"brands":[{"id":567,"name":"Spyderco","slug":"spyderco"}],"_links":{"self":[{"href":"https:\/\/www.moskito.cz\/pl\/wp-json\/wp\/v2\/product\/260254","targetHints":{"allow":["GET"]}}],"collection":[{"href":"https:\/\/www.moskito.cz\/pl\/wp-json\/wp\/v2\/product"}],"about":[{"href":"https:\/\/www.moskito.cz\/pl\/wp-json\/wp\/v2\/types\/product"}],"replies":[{"embeddable":true,"href":"https:\/\/www.moskito.cz\/pl\/wp-json\/wp\/v2\/comments?post=260254"}],"wp:featuredmedia":[{"embeddable":true,"href":"https:\/\/www.moskito.cz\/pl\/wp-json\/wp\/v2\/media\/260255"}],"wp:attachment":[{"href":"https:\/\/www.moskito.cz\/pl\/wp-json\/wp\/v2\/media?parent=260254"}],"wp:term":[{"taxonomy":"pwb-brand","embeddable":true,"href":"https:\/\/www.moskito.cz\/pl\/wp-json\/wp\/v2\/pwb-brand?post=260254"},{"taxonomy":"product_brand","embeddable":true,"href":"https:\/\/www.moskito.cz\/pl\/wp-json\/wp\/v2\/product_brand?post=260254"},{"taxonomy":"product_cat","embeddable":true,"href":"https:\/\/www.moskito.cz\/pl\/wp-json\/wp\/v2\/product_cat?post=260254"},{"taxonomy":"product_tag","embeddable":true,"href":"https:\/\/www.moskito.cz\/pl\/wp-json\/wp\/v2\/product_tag?post=260254"}],"curies":[{"name":"wp","href":"https:\/\/api.w.org\/{rel}","templated":true}]}}