{"id":260845,"date":"2023-12-02T11:49:42","date_gmt":"2023-12-02T10:49:42","guid":{"rendered":"https:\/\/www.moskito.cz\/?post_type=product&#038;p=260845"},"modified":"2025-06-28T12:01:21","modified_gmt":"2025-06-28T11:01:21","slug":"zaviraci-nuz-spyderco-roc-c177gp","status":"publish","type":"product","link":"https:\/\/www.moskito.cz\/pl\/produkt\/zaviraci-nuz-spyderco-roc-c177gp\/","title":{"rendered":"Zav\u00edrac\u00ed N\u016f\u017e Spyderco Roc C177GP"},"content":{"rendered":"<p>Zav\u00edrac\u00ed N\u016f\u017e <strong>Spyderco<\/strong> Roc C177GP<\/p>\n<p>Serge Panchenko narozen\u00fd na Ukrajin\u011b\u00a0 vyr\u00e1b\u00ed no\u017ee na zak\u00e1zku teprve n\u011bkolik let, ale za tu dobu si na\u0161el p\u0159\u00edznivce. Jeho prvn\u00ed spolupr\u00e1ce se Spydercem, Roc, kombinuje jedine\u010dnou \u010depel ve stylu sek\u00e1\u010dku s elegantn\u011b zak\u0159ivenou rukojet\u00ed s skeletonizovan\u00fdmi celonerezov\u00fdmi vlo\u017ekami a texturovan\u00fdmi \u010dern\u00fdmi stupnicemi G-10. \u010cepel z nerezov\u00e9 oceli VG-10 je z d\u016fvodu pevnosti brou\u0161en\u00e1 \u0161avl\u00ed a m\u00e1 u\u017eitkovou povrchovou \u00fapravu s otrysk\u00e1n\u00edm. Je podporov\u00e1n robustn\u00edm mechanismem Walker LinerLock a konstrukc\u00ed rukojeti s otev\u0159enou p\u00e1te\u0159\u00ed pro n\u00edzkou hmotnost a snadn\u00e9 \u010di\u0161t\u011bn\u00ed. Oboustrann\u00e1 dr\u00e1t\u011bn\u00e1 spona s hlubokou kapsou umo\u017e\u0148uje vykl\u00e1p\u011bn\u00ed, no\u0161en\u00ed vlevo\/vpravo a zaji\u0161\u0165uje, \u017ee tento jedine\u010dn\u00fd n\u00e1stroj bude v\u017edy p\u0159ipraven.<\/p>\n<p>Specifikace<br \/>\nD\u00e9lka \u010depele: 7.8 cm<br \/>\nCelkov\u00e1 d\u00e9lka: 19.7 cm<br \/>\nD\u00e9lka v zav\u0159en\u00e9m stavu: 11.9 cm<br \/>\nTlou\u0161\u0165ka \u010depele: 0,118&#8243; (3 mm)<br \/>\nPr\u016fm\u011br otvoru: 0,11 cm<br \/>\nMateri\u00e1l \u010depele: VG10 Nerezov\u00e1 ocel<br \/>\nPovrchov\u00e1 \u00faprava \u010depele: Bead Blast<br \/>\nMateri\u00e1l rukojeti: G10<br \/>\nUzamykac\u00ed mechanismus: Michael Walker LinerLock<br \/>\nHmotnost: 133 g<br \/>\nVyrobeno v Japonsku<\/p>\n","protected":false},"excerpt":{"rendered":"<p><strong>Serge Panchenko narozen\u00fd na Ukrajin\u011b\u00a0 vyr\u00e1b\u00ed no\u017ee na zak\u00e1zku teprve n\u011bkolik let, ale za tu dobu si na\u0161el p\u0159\u00edznivce.<\/strong><\/p>\n<p><strong>Doprava zdarma.<\/strong><\/p>\n","protected":false},"featured_media":260846,"comment_status":"open","ping_status":"closed","template":"","meta":[],"pwb-brand":[567],"product_brand":[],"product_cat":[22,17],"product_tag":[3667],"class_list":{"0":"post-260845","1":"product","2":"type-product","3":"status-publish","4":"has-post-thumbnail","6":"pwb-brand-spyderco","7":"product_cat-zaviraci-noze","8":"product_cat-noze","9":"product_tag-b2b","11":"first","12":"instock","13":"taxable","14":"shipping-taxable","15":"purchasable","16":"product-type-simple"},"brands":[{"id":567,"name":"Spyderco","slug":"spyderco"}],"_links":{"self":[{"href":"https:\/\/www.moskito.cz\/pl\/wp-json\/wp\/v2\/product\/260845","targetHints":{"allow":["GET"]}}],"collection":[{"href":"https:\/\/www.moskito.cz\/pl\/wp-json\/wp\/v2\/product"}],"about":[{"href":"https:\/\/www.moskito.cz\/pl\/wp-json\/wp\/v2\/types\/product"}],"replies":[{"embeddable":true,"href":"https:\/\/www.moskito.cz\/pl\/wp-json\/wp\/v2\/comments?post=260845"}],"wp:featuredmedia":[{"embeddable":true,"href":"https:\/\/www.moskito.cz\/pl\/wp-json\/wp\/v2\/media\/260846"}],"wp:attachment":[{"href":"https:\/\/www.moskito.cz\/pl\/wp-json\/wp\/v2\/media?parent=260845"}],"wp:term":[{"taxonomy":"pwb-brand","embeddable":true,"href":"https:\/\/www.moskito.cz\/pl\/wp-json\/wp\/v2\/pwb-brand?post=260845"},{"taxonomy":"product_brand","embeddable":true,"href":"https:\/\/www.moskito.cz\/pl\/wp-json\/wp\/v2\/product_brand?post=260845"},{"taxonomy":"product_cat","embeddable":true,"href":"https:\/\/www.moskito.cz\/pl\/wp-json\/wp\/v2\/product_cat?post=260845"},{"taxonomy":"product_tag","embeddable":true,"href":"https:\/\/www.moskito.cz\/pl\/wp-json\/wp\/v2\/product_tag?post=260845"}],"curies":[{"name":"wp","href":"https:\/\/api.w.org\/{rel}","templated":true}]}}