{"id":260893,"date":"2023-12-03T21:04:52","date_gmt":"2023-12-03T20:04:52","guid":{"rendered":"https:\/\/www.moskito.cz\/?post_type=product&#038;p=260893"},"modified":"2025-06-28T20:24:52","modified_gmt":"2025-06-28T19:24:52","slug":"zaviraci-nuz-spyderco-manbug-mbklfs","status":"publish","type":"product","link":"https:\/\/www.moskito.cz\/pl\/produkt\/zaviraci-nuz-spyderco-manbug-mbklfs\/","title":{"rendered":"Zav\u00edrac\u00ed N\u016f\u017e Spyderco Manbug MBKLFS"},"content":{"rendered":"<p>Zav\u00edrac\u00ed N\u016f\u017e <strong>Spyderco<\/strong> Manbug MBKLFS<\/p>\n<p><strong>Manbug<\/strong>, p\u016fvodn\u011b vytvo\u0159en\u00fd jako o n\u011bco \u0161ir\u0161\u00ed, mu\u017en\u011bj\u0161\u00ed v\u00fdraz klasick\u00e9 Ladybug, je zav\u00edrac\u00ed n\u016f\u017e s pojistkou na kl\u00ed\u010de, kter\u00fd \u0159e\u017ee s autoritou daleko za svou velikost\u00ed. Nejnov\u011bj\u0161\u00ed verze tohoto obl\u00edben\u00e9ho designu p\u0159edstavuje ikonick\u00fd profil \u010depele Spyderco ve tvaru listu. P\u016fvabn\u00e9 k\u0159ivky celoplo\u0161n\u011b brou\u0161en\u00e9 \u010depele z nerezov\u00e9 oceli VG-10, inspirovan\u00e9 tvarem bambusov\u00e9ho listu, soust\u0159ed\u00ed jeho \u0161pi\u010dku a poskytuj\u00ed v\u00fdjime\u010dnou rovnov\u00e1hu geometrie ost\u0159\u00ed a \u0161pi\u010dky.<\/p>\n<p>Specifikace<br \/>\nD\u00e9lka \u010depele: 4.8 cm<br \/>\nD\u00e9lka v zav\u0159en\u00e9m stavu: 6.4 cm<br \/>\nCelkov\u00e1 d\u00e9lka: 11.2 cm<br \/>\nMateri\u00e1l \u010depele: VG10 Nerezov\u00e1 ocel<br \/>\nTlou\u0161\u0165ka \u010depele: 0,25 cm<br \/>\nStyl \u010depele: ve tvaru listu<br \/>\nBrou\u0161en\u00ed \u010depele: Pln\u011b ploch\u00e9<br \/>\nPovrchov\u00e1 \u00faprava \u010depele: sat\u00e9n<br \/>\nMateri\u00e1l rukojeti: \u010dern\u00e1 FRN<br \/>\nUzamykac\u00ed mechanismus: Lockback<br \/>\nKapesn\u00ed klip: \u017d\u00e1dn\u00fd<br \/>\nHmotnost: 20 g<br \/>\nVyrobeno v Japonsku<\/p>\n","protected":false},"excerpt":{"rendered":"<p><strong>Manbug, p\u016fvodn\u011b vytvo\u0159en\u00fd jako o n\u011bco \u0161ir\u0161\u00ed, mu\u017en\u011bj\u0161\u00ed v\u00fdraz klasick\u00e9 Ladybug, je zav\u00edrac\u00ed n\u016f\u017e s pojistkou na kl\u00ed\u010de.<\/strong><\/p>\n","protected":false},"featured_media":260894,"comment_status":"open","ping_status":"closed","template":"","meta":[],"pwb-brand":[567],"product_brand":[],"product_cat":[22,17],"product_tag":[3667],"class_list":{"0":"post-260893","1":"product","2":"type-product","3":"status-publish","4":"has-post-thumbnail","6":"pwb-brand-spyderco","7":"product_cat-zaviraci-noze","8":"product_cat-noze","9":"product_tag-b2b","11":"first","12":"instock","13":"sale","14":"taxable","15":"shipping-taxable","16":"purchasable","17":"product-type-simple"},"brands":[{"id":567,"name":"Spyderco","slug":"spyderco"}],"_links":{"self":[{"href":"https:\/\/www.moskito.cz\/pl\/wp-json\/wp\/v2\/product\/260893","targetHints":{"allow":["GET"]}}],"collection":[{"href":"https:\/\/www.moskito.cz\/pl\/wp-json\/wp\/v2\/product"}],"about":[{"href":"https:\/\/www.moskito.cz\/pl\/wp-json\/wp\/v2\/types\/product"}],"replies":[{"embeddable":true,"href":"https:\/\/www.moskito.cz\/pl\/wp-json\/wp\/v2\/comments?post=260893"}],"wp:featuredmedia":[{"embeddable":true,"href":"https:\/\/www.moskito.cz\/pl\/wp-json\/wp\/v2\/media\/260894"}],"wp:attachment":[{"href":"https:\/\/www.moskito.cz\/pl\/wp-json\/wp\/v2\/media?parent=260893"}],"wp:term":[{"taxonomy":"pwb-brand","embeddable":true,"href":"https:\/\/www.moskito.cz\/pl\/wp-json\/wp\/v2\/pwb-brand?post=260893"},{"taxonomy":"product_brand","embeddable":true,"href":"https:\/\/www.moskito.cz\/pl\/wp-json\/wp\/v2\/product_brand?post=260893"},{"taxonomy":"product_cat","embeddable":true,"href":"https:\/\/www.moskito.cz\/pl\/wp-json\/wp\/v2\/product_cat?post=260893"},{"taxonomy":"product_tag","embeddable":true,"href":"https:\/\/www.moskito.cz\/pl\/wp-json\/wp\/v2\/product_tag?post=260893"}],"curies":[{"name":"wp","href":"https:\/\/api.w.org\/{rel}","templated":true}]}}