{"id":261007,"date":"2023-12-04T19:23:24","date_gmt":"2023-12-04T18:23:24","guid":{"rendered":"https:\/\/www.moskito.cz\/?post_type=product&#038;p=261007"},"modified":"2025-06-28T12:01:23","modified_gmt":"2025-06-28T11:01:23","slug":"zaviraci-nuz-spyderco-siren-c247gp","status":"publish","type":"product","link":"https:\/\/www.moskito.cz\/pl\/produkt\/zaviraci-nuz-spyderco-siren-c247gp\/","title":{"rendered":"Zav\u00edrac\u00ed N\u016f\u017e Spyderco Siren C247GP"},"content":{"rendered":"<p>Zav\u00edrac\u00ed N\u016f\u017e <strong>Spyderco<\/strong> Siren C247GP<\/p>\n<p><strong>Spyderco<\/strong> sir\u00e9na C247GP je perfektn\u00ed kapesn\u00ed n\u016f\u017e pro ka\u017ed\u00e9ho, kdo tr\u00e1v\u00ed hodn\u011b \u010dasu na vod\u011b nebo kolem vody. Sir\u00e9nu navrhl Lance Clinton. Profesion\u00e1l, pokud jde o j\u00edzdu na kajaku. V\u00fdsledek je skv\u011bl\u00fd! Odbornost Clintonov\u00e9 v kombinaci s vynikaj\u00edc\u00ed kvalitou v\u00fdroby Spyderco a znalost\u00ed materi\u00e1lu vedla k \u00fa\u017easn\u00e9mu produktu.<\/p>\n<p><strong>Spyderco<\/strong> Siren nab\u00edz\u00ed optimalizovanou ergonomii pro je\u0161t\u011b lep\u0161\u00ed kontrolu nad no\u017eem. \u010cepel vyrobena z oceli LC200N, zaru\u010duje enormn\u00ed \u0159ezn\u00fd v\u00fdkon pro v\u0161echny vybran\u00e9 \u0159ezn\u00e9 pr\u00e1ce. Palec se m\u016f\u017ee pohodln\u011b op\u0159\u00edt o tvarovanou vrchn\u00ed stranu \u010depele, co\u017e umo\u017e\u0148uje je\u0161t\u011b lep\u0161\u00ed rozlo\u017een\u00ed tlaku p\u0159i \u0159ezac\u00edch \u00fakonech. Otev\u00edr\u00e1 se manu\u00e1ln\u011b, kruhov\u00fdm otvorem na \u010depeli. Otev\u0159en\u00fd n\u016f\u017e spolehliv\u011b zamyk\u00e1 pojistka BackLock. Protiskluzov\u00e1 rukoje\u0165 je vyrobena z \u010dern\u00e9ho materi\u00e1lu G-10 a je vyztu\u017eena ocelov\u00fdmi vlo\u017ekami, kter\u00e9 dod\u00e1vaj\u00ed rukojeti zes\u00edlen\u00ed a pot\u0159ebnou pevnost. Klip na s\u00e1\u010dek je \u010dty\u0159polohov\u00fd co\u017e znamen\u00e1, \u017ee si jej m\u016f\u017eete p\u0159izp\u016fsobit podle pot\u0159eby no\u0161en\u00ed.<\/p>\n<p>&nbsp;<\/p>\n<p>Materi\u00e1l \u010depele: CPM-S30V<br \/>\nMateri\u00e1l rukojeti: G-10<br \/>\nPojistka: Backlock<br \/>\nD\u00e9lka \u010depele: 9.2 cm<br \/>\nCelkov\u00e1 d\u00e9lka: 22.2 cm<br \/>\nD\u00e9lka slo\u017een\u00e9ho no\u017ee: 13.1 cm<br \/>\nTlou\u0161\u0165ka \u010depele: 0.32 cm<br \/>\nHmotnost:<br \/>\n02 g<\/p>\n","protected":false},"excerpt":{"rendered":"<p><strong>Spyderco sir\u00e9na C247GP je perfektn\u00ed kapesn\u00ed n\u016f\u017e pro ka\u017ed\u00e9ho, kdo tr\u00e1v\u00ed hodn\u011b \u010dasu na vod\u011b nebo kolem vody.<\/strong><\/p>\n<p><strong>Doprava zdarma.<\/strong><\/p>\n","protected":false},"featured_media":261008,"comment_status":"open","ping_status":"closed","template":"","meta":[],"pwb-brand":[567],"product_brand":[],"product_cat":[22,17],"product_tag":[3667],"class_list":{"0":"post-261007","1":"product","2":"type-product","3":"status-publish","4":"has-post-thumbnail","6":"pwb-brand-spyderco","7":"product_cat-zaviraci-noze","8":"product_cat-noze","9":"product_tag-b2b","11":"first","12":"instock","13":"taxable","14":"shipping-taxable","15":"purchasable","16":"product-type-simple"},"brands":[{"id":567,"name":"Spyderco","slug":"spyderco"}],"_links":{"self":[{"href":"https:\/\/www.moskito.cz\/pl\/wp-json\/wp\/v2\/product\/261007","targetHints":{"allow":["GET"]}}],"collection":[{"href":"https:\/\/www.moskito.cz\/pl\/wp-json\/wp\/v2\/product"}],"about":[{"href":"https:\/\/www.moskito.cz\/pl\/wp-json\/wp\/v2\/types\/product"}],"replies":[{"embeddable":true,"href":"https:\/\/www.moskito.cz\/pl\/wp-json\/wp\/v2\/comments?post=261007"}],"wp:featuredmedia":[{"embeddable":true,"href":"https:\/\/www.moskito.cz\/pl\/wp-json\/wp\/v2\/media\/261008"}],"wp:attachment":[{"href":"https:\/\/www.moskito.cz\/pl\/wp-json\/wp\/v2\/media?parent=261007"}],"wp:term":[{"taxonomy":"pwb-brand","embeddable":true,"href":"https:\/\/www.moskito.cz\/pl\/wp-json\/wp\/v2\/pwb-brand?post=261007"},{"taxonomy":"product_brand","embeddable":true,"href":"https:\/\/www.moskito.cz\/pl\/wp-json\/wp\/v2\/product_brand?post=261007"},{"taxonomy":"product_cat","embeddable":true,"href":"https:\/\/www.moskito.cz\/pl\/wp-json\/wp\/v2\/product_cat?post=261007"},{"taxonomy":"product_tag","embeddable":true,"href":"https:\/\/www.moskito.cz\/pl\/wp-json\/wp\/v2\/product_tag?post=261007"}],"curies":[{"name":"wp","href":"https:\/\/api.w.org\/{rel}","templated":true}]}}