{"id":261151,"date":"2023-12-06T20:26:19","date_gmt":"2023-12-06T19:26:19","guid":{"rendered":"https:\/\/www.moskito.cz\/?post_type=product&#038;p=261151"},"modified":"2025-05-07T10:54:35","modified_gmt":"2025-05-07T09:54:35","slug":"zaviraci-nuz-spyderco-ambitious-lightweight-c148pbl","status":"publish","type":"product","link":"https:\/\/www.moskito.cz\/pl\/produkt\/zaviraci-nuz-spyderco-ambitious-lightweight-c148pbl\/","title":{"rendered":"Zav\u00edrac\u00ed N\u016f\u017e Spyderco Ambitious Lightweight C148PBL"},"content":{"rendered":"<p>Zav\u00edrac\u00ed N\u016f\u017e <strong>Spyderco<\/strong> Ambitious Lightweight C148PBL<\/p>\n<p>Po vzoru sv\u00fdch v\u011bt\u0161\u00edch bratr\u016f Tenacious, Resilience a Persistence, toto elitn\u00ed vyj\u00e1d\u0159en\u00ed Ambitious Lightweight p\u0159evy\u0161uje sv\u016fj v\u00fdkon ocel\u00ed \u010depele Crucible CPM-S35VN. Jemn\u011b vylad\u011bn\u00e1 chemie t\u00e9to americk\u00e9 oceli pro \u010d\u00e1sticovou metalurgii podporuje tvorbu karbid\u016f niobu spolu s karbidy vanadu a chr\u00f3mu, \u010d\u00edm\u017e se zvy\u0161uje jej\u00ed hou\u017eevnatost bez ob\u011btov\u00e1n\u00ed odolnosti proti opot\u0159eben\u00ed. Pln\u011b ploch\u00e1 \u010depel tohoto no\u017ee pln\u011b vyu\u017e\u00edv\u00e1 t\u011bchto vlastnost\u00ed a je k dispozici ve v\u00fdb\u011bru form\u00e1tu PlainEdge nebo pln\u011b zoubkovan\u00e9ho SpyderEdge. Sat\u00e9nov\u00e1 \u010depel je um\u00edst\u011bna v rukojeti s jasn\u011b modr\u00fdmi stupnicemi z nylonu vyztu\u017een\u00e9ho skeln\u00fdmi vl\u00e1kny (FRN), protiskluzovou obousm\u011brnou texturou, skeletonizovan\u00fdmi vlo\u017ekami z nerezov\u00e9 oceli, pevn\u00fdm mechanismem Liner Lock a v\u0161estrannou \u010dty\u0159polohovou kapsou. klip, kter\u00fd nab\u00edz\u00ed mo\u017enost no\u0161en\u00ed na lev\u00e9 nebo prav\u00e9 stran\u011b, nakl\u00e1p\u011bn\u00ed nebo skl\u00e1p\u011bn\u00ed.<\/p>\n<p>Specifikace<br \/>\nD\u00e9lka \u010depele: 5.9 cm<br \/>\nD\u00e9lka v zav\u0159en\u00e9m stavu: 9.1 cm<br \/>\nCelkov\u00e1 d\u00e9lka: 14.9 cm<br \/>\nTlou\u0161\u0165ka \u010depele: 0,3 cm<br \/>\nMateri\u00e1l \u010depele: CPM-S35VN Nerezov\u00e1 ocel<br \/>\nStyl \u010depele: ve tvaru olova<br \/>\nBrou\u0161en\u00ed \u010depele: Pln\u011b ploch\u00e9<br \/>\nPovrchov\u00e1 \u00faprava \u010depele: sat\u00e9n<br \/>\nOst\u0159\u00ed \u010depele: Hladk\u00e9<br \/>\nMateri\u00e1l rukojeti: FRN<br \/>\nBarva rukojeti: Modr\u00e1<br \/>\nUzamykac\u00ed mechanismus: Liner Lock<br \/>\nKapesn\u00ed spona: Nerezov\u00e1 ocel (Tip-Up\/Down, Right\/Left carry)<br \/>\n\u010c\u00edslo modelu: C148PBL<br \/>\nN\u00e1zev modelu: Ambitious Lightweight CPM-S35VN<br \/>\nHmotnost: 79 g<\/p>\n","protected":false},"excerpt":{"rendered":"<p><strong>Po vzoru sv\u00fdch v\u011bt\u0161\u00edch bratr\u016f Tenacious, Resilience a Persistence, toto elitn\u00ed vyj\u00e1d\u0159en\u00ed Ambitious Lightweight p\u0159evy\u0161uje sv\u016fj v\u00fdkon ocel\u00ed \u010depele Crucible CPM-S35VN.<\/strong><\/p>\n","protected":false},"featured_media":261152,"comment_status":"open","ping_status":"closed","template":"","meta":[],"pwb-brand":[567],"product_brand":[],"product_cat":[22,17],"product_tag":[3667],"class_list":{"0":"post-261151","1":"product","2":"type-product","3":"status-publish","4":"has-post-thumbnail","6":"pwb-brand-spyderco","7":"product_cat-zaviraci-noze","8":"product_cat-noze","9":"product_tag-b2b","11":"first","12":"instock","13":"taxable","14":"shipping-taxable","15":"purchasable","16":"product-type-simple"},"brands":[{"id":567,"name":"Spyderco","slug":"spyderco"}],"_links":{"self":[{"href":"https:\/\/www.moskito.cz\/pl\/wp-json\/wp\/v2\/product\/261151","targetHints":{"allow":["GET"]}}],"collection":[{"href":"https:\/\/www.moskito.cz\/pl\/wp-json\/wp\/v2\/product"}],"about":[{"href":"https:\/\/www.moskito.cz\/pl\/wp-json\/wp\/v2\/types\/product"}],"replies":[{"embeddable":true,"href":"https:\/\/www.moskito.cz\/pl\/wp-json\/wp\/v2\/comments?post=261151"}],"wp:featuredmedia":[{"embeddable":true,"href":"https:\/\/www.moskito.cz\/pl\/wp-json\/wp\/v2\/media\/261152"}],"wp:attachment":[{"href":"https:\/\/www.moskito.cz\/pl\/wp-json\/wp\/v2\/media?parent=261151"}],"wp:term":[{"taxonomy":"pwb-brand","embeddable":true,"href":"https:\/\/www.moskito.cz\/pl\/wp-json\/wp\/v2\/pwb-brand?post=261151"},{"taxonomy":"product_brand","embeddable":true,"href":"https:\/\/www.moskito.cz\/pl\/wp-json\/wp\/v2\/product_brand?post=261151"},{"taxonomy":"product_cat","embeddable":true,"href":"https:\/\/www.moskito.cz\/pl\/wp-json\/wp\/v2\/product_cat?post=261151"},{"taxonomy":"product_tag","embeddable":true,"href":"https:\/\/www.moskito.cz\/pl\/wp-json\/wp\/v2\/product_tag?post=261151"}],"curies":[{"name":"wp","href":"https:\/\/api.w.org\/{rel}","templated":true}]}}