{"id":261173,"date":"2023-12-06T20:46:02","date_gmt":"2023-12-06T19:46:02","guid":{"rendered":"https:\/\/www.moskito.cz\/?post_type=product&#038;p=261173"},"modified":"2025-05-07T10:54:36","modified_gmt":"2025-05-07T09:54:36","slug":"zaviraci-nuz-spyderco-lil-native-slipit-c230nlgp","status":"publish","type":"product","link":"https:\/\/www.moskito.cz\/pl\/produkt\/zaviraci-nuz-spyderco-lil-native-slipit-c230nlgp\/","title":{"rendered":"Zav\u00edrac\u00ed N\u016f\u017e Spyderco Lil&#8217; Native SLIPIT C230NLGP"},"content":{"rendered":"<p>Zav\u00edrac\u00ed N\u016f\u017e <strong>Spyderco<\/strong> Lil&#8217; Native SLIPIT C230NLGP<\/p>\n<p>Pozoruhodn\u00e1 rodina no\u017e\u016f SLIPIT spole\u010dnosti <strong>Spyderco<\/strong> kombinuje v\u00fdhody no\u0161en\u00ed klipem a snadn\u00e9ho otev\u00edr\u00e1n\u00ed jednou rukou. Jedn\u00edm z \u010dlen\u016f tohoto jedine\u010dn\u00e9ho plemene je Lil&#8217; Native SLIPIT, kter\u00fd nahrazuje Compression Lock a lockback p\u016fvodn\u00edho modelu mechanismem Spyderco \u201enotched-joint\u201c. Tento mechanismus, vylep\u0161en\u00e1 verze tradi\u010dn\u00edho kluzn\u00e9ho kloubu, vyu\u017e\u00edv\u00e1 tlak pru\u017einy k udr\u017een\u00ed \u010depele no\u017ee CPM-S30V s pln\u00fdm povrchem otev\u0159en\u00e9, ale nezamyk\u00e1 ji. \u0160upiny G10 s texturou slupovac\u00ed vrstvy zaji\u0161\u0165uj\u00ed protiskluzov\u00e9 uchopen\u00ed a \u0161irok\u00e1 spona se \u010dty\u0159mi polohami nab\u00edz\u00ed oboustrann\u00e9 no\u0161en\u00ed nakl\u00e1p\u011bn\u00edm nebo \u0161pi\u010dkou dol\u016f.<\/p>\n<p>Specifikace<br \/>\nD\u00e9lka \u010depele: 6.1 cm<br \/>\nD\u00e9lka v zav\u0159en\u00e9m stavu: 8.8 cm<br \/>\nCelkov\u00e1 d\u00e9lka: 15 cm<br \/>\nTlou\u0161\u0165ka \u010depele: 0,32 cm<br \/>\nMateri\u00e1l \u010depele: CPM-S30V Nerezov\u00e1 ocel<br \/>\nStyl \u010depele: ve tvaru olova<br \/>\nBrou\u0161en\u00ed \u010depele: Pln\u011b ploch\u00e9<br \/>\nPovrchov\u00e1 \u00faprava \u010depele: sat\u00e9n<br \/>\nOst\u0159\u00ed \u010depele: Hladk\u00e9<br \/>\nMateri\u00e1l rukojeti: Peel-Ply G10<br \/>\nBarva rukojeti: \u010cern\u00e1<br \/>\nUzamykac\u00ed mechanismus: Kluzn\u00fd kloub<br \/>\nKapesn\u00ed spona: Nerezov\u00e1 ocel (Tip-Up\/Down, Right\/Left carry)<br \/>\n\u010c\u00edslo modelu: C230NLGP<br \/>\nN\u00e1zev modelu: Lil&#8217; Native SLIPIT<br \/>\nHmotnost: 71 g<br \/>\nVyrobeno v USA<\/p>\n","protected":false},"excerpt":{"rendered":"<p><strong>Pozoruhodn\u00e1 rodina no\u017e\u016f SLIPIT spole\u010dnosti Spyderco kombinuje v\u00fdhody no\u0161en\u00ed klipem a snadn\u00e9ho otev\u00edr\u00e1n\u00ed jednou rukou.<\/strong><\/p>\n<p><strong>Doprava zdarma.<\/strong><\/p>\n","protected":false},"featured_media":261174,"comment_status":"open","ping_status":"closed","template":"","meta":[],"pwb-brand":[567],"product_brand":[],"product_cat":[22,17],"product_tag":[3667],"class_list":{"0":"post-261173","1":"product","2":"type-product","3":"status-publish","4":"has-post-thumbnail","6":"pwb-brand-spyderco","7":"product_cat-zaviraci-noze","8":"product_cat-noze","9":"product_tag-b2b","11":"first","12":"instock","13":"taxable","14":"shipping-taxable","15":"purchasable","16":"product-type-simple"},"brands":[{"id":567,"name":"Spyderco","slug":"spyderco"}],"_links":{"self":[{"href":"https:\/\/www.moskito.cz\/pl\/wp-json\/wp\/v2\/product\/261173","targetHints":{"allow":["GET"]}}],"collection":[{"href":"https:\/\/www.moskito.cz\/pl\/wp-json\/wp\/v2\/product"}],"about":[{"href":"https:\/\/www.moskito.cz\/pl\/wp-json\/wp\/v2\/types\/product"}],"replies":[{"embeddable":true,"href":"https:\/\/www.moskito.cz\/pl\/wp-json\/wp\/v2\/comments?post=261173"}],"wp:featuredmedia":[{"embeddable":true,"href":"https:\/\/www.moskito.cz\/pl\/wp-json\/wp\/v2\/media\/261174"}],"wp:attachment":[{"href":"https:\/\/www.moskito.cz\/pl\/wp-json\/wp\/v2\/media?parent=261173"}],"wp:term":[{"taxonomy":"pwb-brand","embeddable":true,"href":"https:\/\/www.moskito.cz\/pl\/wp-json\/wp\/v2\/pwb-brand?post=261173"},{"taxonomy":"product_brand","embeddable":true,"href":"https:\/\/www.moskito.cz\/pl\/wp-json\/wp\/v2\/product_brand?post=261173"},{"taxonomy":"product_cat","embeddable":true,"href":"https:\/\/www.moskito.cz\/pl\/wp-json\/wp\/v2\/product_cat?post=261173"},{"taxonomy":"product_tag","embeddable":true,"href":"https:\/\/www.moskito.cz\/pl\/wp-json\/wp\/v2\/product_tag?post=261173"}],"curies":[{"name":"wp","href":"https:\/\/api.w.org\/{rel}","templated":true}]}}