{"id":261617,"date":"2023-12-16T09:04:39","date_gmt":"2023-12-16T08:04:39","guid":{"rendered":"https:\/\/www.moskito.cz\/?post_type=product&#038;p=261617"},"modified":"2025-05-13T13:09:53","modified_gmt":"2025-05-13T12:09:53","slug":"zaviraci-nuz-spyderco-paramilitary-2-c81gs2","status":"publish","type":"product","link":"https:\/\/www.moskito.cz\/pl\/produkt\/zaviraci-nuz-spyderco-paramilitary-2-c81gs2\/","title":{"rendered":"Zav\u00edrac\u00ed N\u016f\u017e Spyderco Paramilitary 2 C81GS2"},"content":{"rendered":"<p>Zav\u00edrac\u00ed N\u016f\u017e <strong>Spyderco<\/strong> Paramilitary 2 C81GS2<\/p>\n<p><strong>Paramilitary<\/strong>, p\u016fvodn\u011b navr\u017een\u00fd ke zhu\u0161t\u011bn\u00ed definuj\u00edc\u00edch rys\u016f vojensk\u00e9ho modelu <strong>Spyderco<\/strong> do kompaktn\u011bj\u0161\u00edho form\u00e1tu, vzal sv\u011bt no\u017e\u016f \u00fatokem. Jeho verze druh\u00e9 generace, Paramilitary 2, kraluje jako jeden z nejpopul\u00e1rn\u011bj\u0161\u00edch design\u016f zav\u00edrac\u00edch no\u017e\u016f, kter\u00e9 kdy byly vytvo\u0159eny, a nad\u00e1le inspiruje roz\u0161i\u0159uj\u00edc\u00ed se rodinu variac\u00ed. \u0160t\u00edhl\u00fd design s otev\u0159enou h\u0159betem, vlo\u017een\u00e9 nerezov\u00e9 vlo\u017eky a vysoce pevn\u00fd mechanismus kompresn\u00edho z\u00e1mku t\u00e9to vysoce vyvinut\u00e9 skl\u00e1da\u010dky dopl\u0148uj\u00ed \u010depel s pln\u011b ploch\u00fdm brou\u0161en\u00edm, velk\u00fd kulat\u00fd otvor zna\u010dky Trademark a \u010dty\u0159polohov\u00fd klip. Dohromady synergie t\u011bchto prvk\u016f poskytuje skute\u010dn\u011b p\u0159\u00edkladn\u00fd \u0159ezn\u00fd n\u00e1stroj, kter\u00fd m\u011bl hlubok\u00fd dopad na modern\u00ed design no\u017e\u016f.<\/p>\n<p>Specifikace:<br \/>\nD\u00e9lka \u010depele: 8.55 cm<br \/>\nD\u00e9lka v zav\u0159en\u00e9m stavu: 12.05 cm<br \/>\nCelkov\u00e1 d\u00e9lka: 20.6 cm<br \/>\nMateri\u00e1l \u010depele: CPM-S45VN Nerezov\u00e1 ocel<br \/>\nStyl \u010depele: Clip Point<br \/>\nBrou\u0161en\u00ed \u010depele: Pln\u011b ploch\u00e9<br \/>\nPovrchov\u00e1 \u00faprava \u010depele: sat\u00e9n<br \/>\nOst\u0159\u00ed \u010depele: Vroubkovan\u00e9<br \/>\nMateri\u00e1l rukojeti: G10<br \/>\nBarva rukojeti: \u010cern\u00e1<br \/>\nUzamykac\u00ed mechanismus: Komprese<br \/>\nKapesn\u00ed klip: Vykl\u00e1p\u011bn\u00ed, skl\u00e1p\u011bn\u00ed dol\u016f, no\u0161en\u00ed vlevo\/vpravo<br \/>\n\u010c\u00edslo modelu: C81GS2<br \/>\nN\u00e1zev modelu: Paramilitary 2<br \/>\nHmotnost: 3,81 oz. (108 g.)<br \/>\nVyrobeno v USA<\/p>\n","protected":false},"excerpt":{"rendered":"<p><strong>Paramilitary, p\u016fvodn\u011b navr\u017een\u00fd ke zhu\u0161t\u011bn\u00ed definuj\u00edc\u00edch rys\u016f vojensk\u00e9ho modelu Spyderco do kompaktn\u011bj\u0161\u00edho form\u00e1tu, vzal sv\u011bt no\u017e\u016f \u00fatokem. Jeho verze druh\u00e9 generace, Paramilitary 2, kraluje jako jeden z nejpopul\u00e1rn\u011bj\u0161\u00edch design\u016f zav\u00edrac\u00edch no\u017e\u016f, kter\u00e9 kdy byly vytvo\u0159eny.<\/strong><\/p>\n<p><strong>Doprava zdarma.<\/strong><\/p>\n","protected":false},"featured_media":261618,"comment_status":"open","ping_status":"closed","template":"","meta":[],"pwb-brand":[567],"product_brand":[],"product_cat":[22,17],"product_tag":[3667],"class_list":{"0":"post-261617","1":"product","2":"type-product","3":"status-publish","4":"has-post-thumbnail","6":"pwb-brand-spyderco","7":"product_cat-zaviraci-noze","8":"product_cat-noze","9":"product_tag-b2b","11":"first","12":"outofstock","13":"taxable","14":"shipping-taxable","15":"purchasable","16":"product-type-simple"},"brands":[{"id":567,"name":"Spyderco","slug":"spyderco"}],"_links":{"self":[{"href":"https:\/\/www.moskito.cz\/pl\/wp-json\/wp\/v2\/product\/261617","targetHints":{"allow":["GET"]}}],"collection":[{"href":"https:\/\/www.moskito.cz\/pl\/wp-json\/wp\/v2\/product"}],"about":[{"href":"https:\/\/www.moskito.cz\/pl\/wp-json\/wp\/v2\/types\/product"}],"replies":[{"embeddable":true,"href":"https:\/\/www.moskito.cz\/pl\/wp-json\/wp\/v2\/comments?post=261617"}],"wp:featuredmedia":[{"embeddable":true,"href":"https:\/\/www.moskito.cz\/pl\/wp-json\/wp\/v2\/media\/261618"}],"wp:attachment":[{"href":"https:\/\/www.moskito.cz\/pl\/wp-json\/wp\/v2\/media?parent=261617"}],"wp:term":[{"taxonomy":"pwb-brand","embeddable":true,"href":"https:\/\/www.moskito.cz\/pl\/wp-json\/wp\/v2\/pwb-brand?post=261617"},{"taxonomy":"product_brand","embeddable":true,"href":"https:\/\/www.moskito.cz\/pl\/wp-json\/wp\/v2\/product_brand?post=261617"},{"taxonomy":"product_cat","embeddable":true,"href":"https:\/\/www.moskito.cz\/pl\/wp-json\/wp\/v2\/product_cat?post=261617"},{"taxonomy":"product_tag","embeddable":true,"href":"https:\/\/www.moskito.cz\/pl\/wp-json\/wp\/v2\/product_tag?post=261617"}],"curies":[{"name":"wp","href":"https:\/\/api.w.org\/{rel}","templated":true}]}}