{"id":261757,"date":"2023-12-17T16:16:22","date_gmt":"2023-12-17T15:16:22","guid":{"rendered":"https:\/\/www.moskito.cz\/?post_type=product&#038;p=261757"},"modified":"2025-05-07T10:54:50","modified_gmt":"2025-05-07T09:54:50","slug":"zaviraci-nuz-spyderco-ambitious-lightweight-c148sbk","status":"publish","type":"product","link":"https:\/\/www.moskito.cz\/pl\/produkt\/zaviraci-nuz-spyderco-ambitious-lightweight-c148sbk\/","title":{"rendered":"Zav\u00edrac\u00ed N\u016f\u017e Spyderco Ambitious Lightweight C148SBK"},"content":{"rendered":"<p>Zav\u00edrac\u00ed N\u016f\u017e <strong>Spyderco<\/strong> Ambitious Lightweight C148SBK<\/p>\n<p>Popul\u00e1rn\u00ed rodina no\u017e\u016f Value Folder spole\u010dnosti <strong>Spyderco<\/strong> hrd\u011b nab\u00edz\u00ed v\u0161echny definuj\u00edc\u00ed kvality jejich revolu\u010dn\u00ed platformy CLIPIT, ale ve velmi cenov\u011b dostupn\u00e9m form\u00e1tu. Sd\u00edlen\u00ed spole\u010dn\u00fdch konstruk\u010dn\u00edch prvk\u016f a ergonomie, Value Folders jsou k dispozici v r\u016fzn\u00fdch velikostech, aby vyhovovaly r\u016fzn\u00fdm pot\u0159eb\u00e1m, preferenc\u00edm a omezen\u00edm p\u0159en\u00e1\u0161en\u00ed.<\/p>\n<p>Nejmen\u0161\u00edm \u010dlenem t\u00e9to rodiny je Ambitious . O 24 procent krat\u0161\u00ed ne\u017e vlajkov\u00e1 lo\u010f Spyderco Value Folder, Tenacious , Ambitious byl navr\u017een tak, aby poskytoval stejn\u00e9 dostupn\u00e9 pohodl\u00ed, v\u0161estrannost a s\u00edlu jako jeho v\u011bt\u0161\u00ed bratr, ale ve v\u00fdrazn\u011b kompaktn\u011bj\u0161\u00edm form\u00e1tu. M\u011b\u0159\u00ed pouze 3,58 palce (91 mm) v zav\u0159en\u00e9m stavu a 5,89 palce (150 mm) celkov\u011b a je ide\u00e1ln\u00ed pro u\u017eivatele s men\u0161\u00ed rukou a no\u0161en\u00ed v jurisdikc\u00edch, kter\u00e9 omezuj\u00ed d\u00e9lku \u010depele na 2,5 palce nebo m\u00e9n\u011b. Skv\u011blou volbou je i pro d\u00e1my, perfektn\u011b se toti\u017e hod\u00ed do m\u011blk\u00fdch kapes d\u00e1msk\u00fdch kalhot.<\/p>\n<p>P\u016fvodn\u00ed verze Ambitious, p\u0159edstaven\u00e1 v roce 2011, obsahuje v\u00e1hy s rukojet\u00ed G10 s protiskluzovou slupovac\u00ed texturou. V\u00e1hy jsou podep\u0159eny vlo\u017ekami z nerezov\u00e9 oceli, kter\u00e9 se prodlu\u017euj\u00ed po cel\u00e9 d\u00e9lce a \u0161\u00ed\u0159ce rukojeti a jsou skeletonizovan\u00e9 pro sn\u00ed\u017een\u00ed hmotnosti. Distance z nerezov\u00e9 oceli spojuj\u00ed vlo\u017eky a vytv\u00e1\u0159ej\u00ed styl konstrukce s otev\u0159en\u00fdm h\u0159betem, kter\u00fd minimalizuje hmotnost a umo\u017e\u0148uje extr\u00e9mn\u011b snadn\u00e9 \u010di\u0161t\u011bn\u00ed no\u017ee. Vlo\u017eky tak\u00e9 slou\u017e\u00ed jako z\u00e1klad robustn\u00edho mechanismu LinerLock no\u017ee a poskytuj\u00ed pevnou platformu pro p\u0159ipevn\u011bn\u00ed \u010dty\u0159polohov\u00e9 kapesn\u00ed spony no\u017ee.<\/p>\n<p>2,31palcov\u00fd (59mm) \u010depel Ambitious je vyrobena z nerezov\u00e9 oceli 8Cr13MoV \u2013 odoln\u00e9 a spolehliv\u00e9 \u010depelov\u00e9 oceli, kter\u00e1 poskytuje vynikaj\u00edc\u00ed rovnov\u00e1hu mezi \u0159ezn\u00fdm v\u00fdkonem, odolnost\u00ed proti korozi, hou\u017eevnatost\u00ed a snadn\u00fdm ost\u0159en\u00edm. Jeho \u0161irok\u00fd profil, pln\u011b ploch\u00e9 brou\u0161en\u00ed a sat\u00e9nov\u00fd povrch spole\u010dn\u011b nab\u00edzej\u00ed \u0159ezn\u00fd v\u00fdkon s n\u00edzk\u00fdm t\u0159en\u00edm p\u0159i zachov\u00e1n\u00ed vynikaj\u00edc\u00ed pevnosti za ost\u0159\u00edm. Na rozd\u00edl od v\u011bt\u0161iny zaklada\u010d\u016f Spyderco se ost\u0159\u00ed Ambitious tak\u00e9 roz\u0161i\u0159uje po cel\u00e9 d\u00e9lce \u010depele, \u010d\u00edm\u017e prakticky eliminuje ricasso \u010depele (nezkosen\u00e1 oblast \u010depele v pln\u00e9 tlou\u0161\u0165ce nejbl\u00ed\u017ee k rukojeti). To maximalizuje \u0159ezn\u00fd potenci\u00e1l no\u017ee a poskytuje vynikaj\u00edc\u00ed kontrolu p\u0159i \u0159ez\u00e1n\u00ed v bl\u00edzkosti &#8222;paty&#8221; ost\u0159\u00ed.<\/p>\n<p>Aby bylo zaji\u0161t\u011bno snadn\u00e9 p\u0159en\u00e1\u0161en\u00ed a okam\u017eit\u00fd p\u0159\u00edstup, obsahuje Ambitious odoln\u00fd \u010dty\u0159polohov\u00fd kapesn\u00ed klip se \u0161irokou troj\u00faheln\u00edkovou z\u00e1kladnou. Tento v\u0161estrann\u00fd design klipu, kter\u00fd nab\u00edz\u00ed v\u00fdb\u011br z lev\u00e9 nebo prav\u00e9 strany, p\u0159ekl\u00e1p\u011bn\u00ed nebo skl\u00e1p\u011bn\u00ed, umo\u017e\u0148uje u\u017eivateli snadno nakonfigurovat n\u016f\u017e tak, aby vyhovoval osobn\u00edm preferenc\u00edm no\u0161en\u00ed a taktice nasazen\u00ed. Pro u\u017eivatele, kte\u0159\u00ed si r\u00e1di p\u0159izp\u016fsobuj\u00ed sv\u00e9 no\u017ee pomoc\u00ed \u0161\u0148\u016frek a p\u0159\u00edv\u011bsk\u016f, m\u00e1 rukoje\u0165 tak\u00e9 lemovan\u00fd otvor pro \u0161\u0148\u016frku.<\/p>\n<p>Aby byl Ambitious je\u0161t\u011b dostupn\u011bj\u0161\u00ed a v\u0161estrann\u011bj\u0161\u00ed, Spyderco s hrdost\u00ed p\u0159edstavuje odleh\u010denou verzi designu s vst\u0159ikovan\u00fdmi stupnicemi z nylonu vyztu\u017een\u00e9ho skeln\u00fdm vl\u00e1knem (FRN). Stupnice FRN, tvarovan\u00e9 s jejich typick\u00fdm vzorem Bi-Directional Texture, poskytuj\u00ed zv\u00fd\u0161enou bezpe\u010dnost \u00fachopu ve srovn\u00e1n\u00ed s jemnou strukturou peel-ply G10 a sni\u017euj\u00ed celkovou hmotnost no\u017ee t\u00e9m\u011b\u0159 o sedm procent. V\u0161echny ostatn\u00ed vlastnosti rukojeti, v\u010detn\u011b skeletonizovan\u00fdch celonerezov\u00fdch vlo\u017eek, robustn\u00edho mechanismu LinerLock, konstrukce s otev\u0159enou h\u0159betem, \u010dty\u0159polohov\u00e9 kapesn\u00ed spony a lemovan\u00e9ho otvoru pro \u0161\u0148\u016frku, jsou zcela v\u011brn\u00e9 p\u016fvodn\u00edmu designu.<\/p>\n<p>\u010cepel Ambitious Lightweight je tak\u00e9 celoplo\u0161n\u011b brou\u0161en\u00e1 z nerezov\u00e9 oceli 8Cr13MoV a m\u00e1 hezk\u00fd sat\u00e9nov\u00fd povrch. Pro je\u0161t\u011b v\u011bt\u0161\u00ed rozmanitost a v\u0161estrannost bude nab\u00edzen s mo\u017enost\u00ed v\u00fdb\u011bru mezi PlainEdge nebo pln\u011b zoubkovan\u00fdm SpyderEdge (tento model).<\/p>\n<p>Ambitious je \u00fa\u017easn\u011b schopn\u00fd zav\u00edrac\u00ed n\u016f\u017e, kter\u00fd nab\u00edz\u00ed v\u00fdkon velk\u00e9ho no\u017ee v p\u0159ekvapiv\u011b kompaktn\u00edm balen\u00ed. Jeho lehk\u00e1 verze je je\u0161t\u011b \u0161t\u00edhlej\u0161\u00ed, p\u0159ilnav\u011bj\u0161\u00ed a \u0161etrn\u011bj\u0161\u00ed k va\u0161\u00ed pen\u011b\u017eence \u2013 a nab\u00eddne mo\u017enost pln\u011b zoubkovan\u00e9ho SpyderEdge. Bez ohledu na to, kter\u00fd si vyberete, jsme si jisti, \u017ee dostoj\u00ed sv\u00e9mu jm\u00e9nu.<\/p>\n<p>Specifikace<br \/>\nD\u00e9lka \u010depele: 6.2 cm<br \/>\nD\u00e9lka v zav\u0159en\u00e9m stavu: 9.1 cm<br \/>\nCelkov\u00e1 d\u00e9lka: 14.9 cm<br \/>\nTlou\u0161\u0165ka \u010depele: 0,3 cm<br \/>\nMateri\u00e1l \u010depele: Nerezov\u00e1 ocel 8Cr13MoV<br \/>\nStyl \u010depele: ve tvaru olova<br \/>\nBrou\u0161en\u00ed \u010depele: Pln\u011b ploch\u00e9<br \/>\nPovrchov\u00e1 \u00faprava \u010depele: sat\u00e9n<br \/>\nOst\u0159\u00ed \u010depele: Vroubkovan\u00e9<br \/>\nMateri\u00e1l rukojeti: FRN<br \/>\nBarva rukojeti: \u010cern\u00e1<br \/>\nUzamykac\u00ed mechanismus: Liner Lock<br \/>\nKapesn\u00ed spona: Nerezov\u00e1 ocel (Tip-Up\/Down, Right\/Left carry)<br \/>\n\u010c\u00edslo modelu: C148SBK<br \/>\nN\u00e1zev modelu: Ambitious Lightweight<br \/>\nHmotnost: 2,79 oz. (79 g)<\/p>\n","protected":false},"excerpt":{"rendered":"<p><strong>Popul\u00e1rn\u00ed rodina no\u017e\u016f Value Folder spole\u010dnosti Spyderco hrd\u011b nab\u00edz\u00ed v\u0161echny definuj\u00edc\u00ed kvality jejich revolu\u010dn\u00ed platformy CLIPIT, ale ve velmi cenov\u011b dostupn\u00e9m form\u00e1tu.<\/strong><\/p>\n","protected":false},"featured_media":261758,"comment_status":"open","ping_status":"closed","template":"","meta":[],"pwb-brand":[567],"product_brand":[],"product_cat":[22,17],"product_tag":[3667],"class_list":{"0":"post-261757","1":"product","2":"type-product","3":"status-publish","4":"has-post-thumbnail","6":"pwb-brand-spyderco","7":"product_cat-zaviraci-noze","8":"product_cat-noze","9":"product_tag-b2b","11":"first","12":"instock","13":"taxable","14":"shipping-taxable","15":"purchasable","16":"product-type-simple"},"brands":[{"id":567,"name":"Spyderco","slug":"spyderco"}],"_links":{"self":[{"href":"https:\/\/www.moskito.cz\/pl\/wp-json\/wp\/v2\/product\/261757","targetHints":{"allow":["GET"]}}],"collection":[{"href":"https:\/\/www.moskito.cz\/pl\/wp-json\/wp\/v2\/product"}],"about":[{"href":"https:\/\/www.moskito.cz\/pl\/wp-json\/wp\/v2\/types\/product"}],"replies":[{"embeddable":true,"href":"https:\/\/www.moskito.cz\/pl\/wp-json\/wp\/v2\/comments?post=261757"}],"wp:featuredmedia":[{"embeddable":true,"href":"https:\/\/www.moskito.cz\/pl\/wp-json\/wp\/v2\/media\/261758"}],"wp:attachment":[{"href":"https:\/\/www.moskito.cz\/pl\/wp-json\/wp\/v2\/media?parent=261757"}],"wp:term":[{"taxonomy":"pwb-brand","embeddable":true,"href":"https:\/\/www.moskito.cz\/pl\/wp-json\/wp\/v2\/pwb-brand?post=261757"},{"taxonomy":"product_brand","embeddable":true,"href":"https:\/\/www.moskito.cz\/pl\/wp-json\/wp\/v2\/product_brand?post=261757"},{"taxonomy":"product_cat","embeddable":true,"href":"https:\/\/www.moskito.cz\/pl\/wp-json\/wp\/v2\/product_cat?post=261757"},{"taxonomy":"product_tag","embeddable":true,"href":"https:\/\/www.moskito.cz\/pl\/wp-json\/wp\/v2\/product_tag?post=261757"}],"curies":[{"name":"wp","href":"https:\/\/api.w.org\/{rel}","templated":true}]}}