{"id":262094,"date":"2024-01-01T16:15:07","date_gmt":"2024-01-01T15:15:07","guid":{"rendered":"https:\/\/www.moskito.cz\/?post_type=product&#038;p=262094"},"modified":"2025-05-07T10:54:56","modified_gmt":"2025-05-07T09:54:56","slug":"zaviraci-nuz-spyderco-roadie-c189pbl","status":"publish","type":"product","link":"https:\/\/www.moskito.cz\/pl\/produkt\/zaviraci-nuz-spyderco-roadie-c189pbl\/","title":{"rendered":"Zav\u00edrac\u00ed N\u016f\u017e Spyderco Roadie C189PBL"},"content":{"rendered":"<p>Zav\u00edrac\u00ed N\u016f\u017e <strong>Spyderco<\/strong> Roadie C189PBL<\/p>\n<p>Na za\u010d\u00e1tku roku 2013 ozn\u00e1mila spr\u00e1va bezpe\u010dnosti dopravy pl\u00e1n znovu povolit no\u017ee v letadlech. P\u0159esto\u017ee byl pl\u00e1n pozd\u011bji sta\u017een, <strong>Spyderco<\/strong> na to bylo p\u0159ipraveno s unik\u00e1tn\u00edm nezamykateln\u00fdm designem nazvan\u00fdm Roadie.<\/p>\n<p>Celoplo\u0161n\u011b brou\u0161en\u00e1 \u010depel ve stylu ov\u010d\u00ed nohy m\u00e1 nov\u00fd \u201eDouble Dent\u201c pro snadn\u00e9 otev\u00edr\u00e1n\u00ed ob\u011bma rukama bez neht\u016f. Vylep\u0161en\u00fd mechanismus vroubkovan\u00e9ho kloubu dr\u017e\u00ed \u010depel b\u011bhem pou\u017e\u00edv\u00e1n\u00ed otev\u0159enou a je podlo\u017eena jemn\u00fdm ukazov\u00e1\u010dkem, aby se zabr\u00e1nilo n\u00e1hodn\u00e9mu zav\u0159en\u00ed. Tvarovan\u00e9 stupnice z nylonu vyztu\u017een\u00e9ho skeln\u00fdm vl\u00e1knem (FRN) a strategicky um\u00edst\u011bn\u00e9 dr\u00e1\u017eky na h\u0159betu a h\u0159betu poskytuj\u00ed pohodlnou ergonomii, kter\u00e1 tomuto no\u017ei umo\u017e\u0148uje v\u00fdkon daleko za jeho velikost. Zajist\u00e9 nastavuje nov\u00fd standard v modern\u00edch kapesn\u00edch no\u017e\u00edch, Roadie je k dispozici v r\u016fzn\u00fdch barevn\u00fdch variant\u00e1ch.<\/p>\n<p>Specifikace:<br \/>\nUzav\u0159eno: 7.6 cm<br \/>\nCelkov\u00e1: 12.9 cm<br \/>\n\u010cepel: 5.3 cm<br \/>\nTlou\u0161\u0165ka: 0,29 cm<br \/>\nOcel \u010depele: N690Co<br \/>\nBrou\u0161en\u00ed: Pln\u011b ploch\u00e9<br \/>\nMateri\u00e1l rukojeti: Modr\u00e1 FRN<br \/>\nHmotnost: 1,0 oz. (28 g)<br \/>\nVyrobeno v It\u00e1lii<\/p>\n","protected":false},"excerpt":{"rendered":"<p><strong>Na za\u010d\u00e1tku roku 2013 ozn\u00e1mila spr\u00e1va bezpe\u010dnosti dopravy pl\u00e1n znovu povolit no\u017ee v letadlech. P\u0159esto\u017ee byl pl\u00e1n pozd\u011bji sta\u017een, Spyderco na to bylo p\u0159ipraveno s unik\u00e1tn\u00edm nezamykateln\u00fdm designem nazvan\u00fdm Roadie.\u00a0<\/strong><\/p>\n","protected":false},"featured_media":262095,"comment_status":"open","ping_status":"closed","template":"","meta":[],"pwb-brand":[567],"product_brand":[],"product_cat":[22,17],"product_tag":[3667],"class_list":{"0":"post-262094","1":"product","2":"type-product","3":"status-publish","4":"has-post-thumbnail","6":"pwb-brand-spyderco","7":"product_cat-zaviraci-noze","8":"product_cat-noze","9":"product_tag-b2b","11":"first","12":"instock","13":"taxable","14":"shipping-taxable","15":"purchasable","16":"product-type-simple"},"brands":[{"id":567,"name":"Spyderco","slug":"spyderco"}],"_links":{"self":[{"href":"https:\/\/www.moskito.cz\/pl\/wp-json\/wp\/v2\/product\/262094","targetHints":{"allow":["GET"]}}],"collection":[{"href":"https:\/\/www.moskito.cz\/pl\/wp-json\/wp\/v2\/product"}],"about":[{"href":"https:\/\/www.moskito.cz\/pl\/wp-json\/wp\/v2\/types\/product"}],"replies":[{"embeddable":true,"href":"https:\/\/www.moskito.cz\/pl\/wp-json\/wp\/v2\/comments?post=262094"}],"wp:featuredmedia":[{"embeddable":true,"href":"https:\/\/www.moskito.cz\/pl\/wp-json\/wp\/v2\/media\/262095"}],"wp:attachment":[{"href":"https:\/\/www.moskito.cz\/pl\/wp-json\/wp\/v2\/media?parent=262094"}],"wp:term":[{"taxonomy":"pwb-brand","embeddable":true,"href":"https:\/\/www.moskito.cz\/pl\/wp-json\/wp\/v2\/pwb-brand?post=262094"},{"taxonomy":"product_brand","embeddable":true,"href":"https:\/\/www.moskito.cz\/pl\/wp-json\/wp\/v2\/product_brand?post=262094"},{"taxonomy":"product_cat","embeddable":true,"href":"https:\/\/www.moskito.cz\/pl\/wp-json\/wp\/v2\/product_cat?post=262094"},{"taxonomy":"product_tag","embeddable":true,"href":"https:\/\/www.moskito.cz\/pl\/wp-json\/wp\/v2\/product_tag?post=262094"}],"curies":[{"name":"wp","href":"https:\/\/api.w.org\/{rel}","templated":true}]}}