{"id":262130,"date":"2024-01-01T16:55:36","date_gmt":"2024-01-01T15:55:36","guid":{"rendered":"https:\/\/www.moskito.cz\/?post_type=product&#038;p=262130"},"modified":"2025-05-07T10:54:58","modified_gmt":"2025-05-07T09:54:58","slug":"zaviraci-nuz-spyderco-ambitious-c148gp","status":"publish","type":"product","link":"https:\/\/www.moskito.cz\/pl\/produkt\/zaviraci-nuz-spyderco-ambitious-c148gp\/","title":{"rendered":"Zav\u00edrac\u00ed N\u016f\u017e Spyderco Ambitious C148GP"},"content":{"rendered":"<p>Zav\u00edrac\u00ed N\u016f\u017e <strong>Spyderco<\/strong> Ambitious C148GP<\/p>\n<p>Hou\u017eevnatost , vytrvalost , odolnost a ambici\u00f3znost jsou vlastnosti, o kter\u00e9 usilujeme, kdy\u017e \u010del\u00edme v\u00fdzv\u00e1m. Tyto vlastnosti jsou ve Spydercu ct\u011bny a proto jsme po nich pojmenovali na\u0161i \u0159adu hodnotov\u00fdch no\u017e\u016f. Na\u0161\u00edm c\u00edlem je nab\u00edzet cenov\u011b dostupn\u00e9 slo\u017eky s p\u011btihv\u011bzdi\u010dkov\u00fdmi funkcemi: rukojeti G-10, z\u00e1mky Walker LinerLocks, lemov\u00e1n\u00ed, lemovan\u00e9 otvory pro \u0161\u0148\u016frky a skeletonizovan\u00e9 vnit\u0159n\u00ed vlo\u017eky po cel\u00e9 d\u00e9lce. Vlastnosti-for-feature, dolar-za-dolar, v\u00fdkon-za-v\u00fdkon, <strong>Spyderco<\/strong> Value Folders p\u0159edstavuj\u00ed nejlep\u0161\u00ed n\u00e1kup v odv\u011btv\u00ed no\u017e\u016f.<\/p>\n<p>C148 Ambici\u00f3zn\u00ed<br \/>\nAmbitious je mal\u00fd d\u0159\u00ed\u010d o velikosti dlan\u011b, kter\u00fd nab\u00edz\u00ed velk\u00fd v\u00fdkon v kompaktn\u00edm balen\u00ed.<\/p>\n<p>Funkce:<br \/>\n\u010cty\u0159cestn\u00e1 spona p\u0159es\u00fdpac\u00edch hodin: Tip nahoru\/dol\u016f, lev\u00e1\/prav\u00e1 ruka<br \/>\n\u0160roubov\u00e1 konstrukce<br \/>\nPodlo\u017eky z fosforov\u00e9ho bronzu<br \/>\nSkeletizovan\u00e9 ocelov\u00e9 vlo\u017eky<br \/>\nZv\u011bt\u0161en\u00fd otev\u00edrac\u00ed otvor<br \/>\nPo\u0161kozov\u00e1n\u00ed p\u00e1te\u0159e a vlo\u017eky<br \/>\nPloch\u00e1 \u010depel<\/p>\n<p>Specifikace:<br \/>\nD\u00e9lka \u010depele: 5.7 cm<br \/>\nD\u00e9lka v zav\u0159en\u00e9m stavu: 9.1 cm<br \/>\nCelkov\u00e1 d\u00e9lka: 14.8 cm<br \/>\nOcel: Nerezov\u00e1 ocel 8cr13MoV<br \/>\nHmotnost: 3,3 oz. (93 g)<br \/>\nTyp okraje: Hladk\u00fd<\/p>\n","protected":false},"excerpt":{"rendered":"<p><strong>Hou\u017eevnatost , vytrvalost , odolnost a ambici\u00f3znost jsou vlastnosti, o kter\u00e9 usilujeme, kdy\u017e \u010del\u00edme v\u00fdzv\u00e1m. Tyto vlastnosti jsou ve Spydercu ct\u011bny a proto jsme po nich pojmenovali na\u0161i \u0159adu hodnotov\u00fdch no\u017e\u016f.<\/strong><\/p>\n","protected":false},"featured_media":262131,"comment_status":"open","ping_status":"closed","template":"","meta":[],"pwb-brand":[567],"product_brand":[],"product_cat":[22,17],"product_tag":[3667],"class_list":{"0":"post-262130","1":"product","2":"type-product","3":"status-publish","4":"has-post-thumbnail","6":"pwb-brand-spyderco","7":"product_cat-zaviraci-noze","8":"product_cat-noze","9":"product_tag-b2b","11":"first","12":"outofstock","13":"taxable","14":"shipping-taxable","15":"purchasable","16":"product-type-simple"},"brands":[{"id":567,"name":"Spyderco","slug":"spyderco"}],"_links":{"self":[{"href":"https:\/\/www.moskito.cz\/pl\/wp-json\/wp\/v2\/product\/262130","targetHints":{"allow":["GET"]}}],"collection":[{"href":"https:\/\/www.moskito.cz\/pl\/wp-json\/wp\/v2\/product"}],"about":[{"href":"https:\/\/www.moskito.cz\/pl\/wp-json\/wp\/v2\/types\/product"}],"replies":[{"embeddable":true,"href":"https:\/\/www.moskito.cz\/pl\/wp-json\/wp\/v2\/comments?post=262130"}],"wp:featuredmedia":[{"embeddable":true,"href":"https:\/\/www.moskito.cz\/pl\/wp-json\/wp\/v2\/media\/262131"}],"wp:attachment":[{"href":"https:\/\/www.moskito.cz\/pl\/wp-json\/wp\/v2\/media?parent=262130"}],"wp:term":[{"taxonomy":"pwb-brand","embeddable":true,"href":"https:\/\/www.moskito.cz\/pl\/wp-json\/wp\/v2\/pwb-brand?post=262130"},{"taxonomy":"product_brand","embeddable":true,"href":"https:\/\/www.moskito.cz\/pl\/wp-json\/wp\/v2\/product_brand?post=262130"},{"taxonomy":"product_cat","embeddable":true,"href":"https:\/\/www.moskito.cz\/pl\/wp-json\/wp\/v2\/product_cat?post=262130"},{"taxonomy":"product_tag","embeddable":true,"href":"https:\/\/www.moskito.cz\/pl\/wp-json\/wp\/v2\/product_tag?post=262130"}],"curies":[{"name":"wp","href":"https:\/\/api.w.org\/{rel}","templated":true}]}}