{"id":263679,"date":"2024-01-17T15:53:39","date_gmt":"2024-01-17T14:53:39","guid":{"rendered":"https:\/\/www.moskito.cz\/?post_type=product&#038;p=263679"},"modified":"2025-05-07T10:55:04","modified_gmt":"2025-05-07T09:55:04","slug":"vrhaci-nuz-s-pouzdrem","status":"publish","type":"product","link":"https:\/\/www.moskito.cz\/pl\/produkt\/vrhaci-nuz-s-pouzdrem\/","title":{"rendered":"Vrhac\u00ed N\u016f\u017e s Pouzdrem"},"content":{"rendered":"<p>Vrhac\u00ed N\u016f\u017e s Pouzdrem.<\/p>\n<p>Vrhac\u00ed n\u016f\u017e z obou stran brou\u0161en\u00fd, celkov\u00e1 d\u00e9lka 22 cm.<\/p>\n","protected":false},"excerpt":{"rendered":"<p><strong>Vrhac\u00ed n\u016f\u017e z obou stran brou\u0161en\u00fd.<\/strong><\/p>\n","protected":false},"featured_media":263680,"comment_status":"open","ping_status":"closed","template":"","meta":[],"pwb-brand":[170],"product_brand":[],"product_cat":[29,17],"product_tag":[],"class_list":{"0":"post-263679","1":"product","2":"type-product","3":"status-publish","4":"has-post-thumbnail","6":"pwb-brand-china","7":"product_cat-vrhaci-noze","8":"product_cat-noze","10":"first","11":"instock","12":"taxable","13":"shipping-taxable","14":"purchasable","15":"product-type-simple"},"brands":[{"id":170,"name":"China","slug":"china"}],"_links":{"self":[{"href":"https:\/\/www.moskito.cz\/pl\/wp-json\/wp\/v2\/product\/263679","targetHints":{"allow":["GET"]}}],"collection":[{"href":"https:\/\/www.moskito.cz\/pl\/wp-json\/wp\/v2\/product"}],"about":[{"href":"https:\/\/www.moskito.cz\/pl\/wp-json\/wp\/v2\/types\/product"}],"replies":[{"embeddable":true,"href":"https:\/\/www.moskito.cz\/pl\/wp-json\/wp\/v2\/comments?post=263679"}],"wp:featuredmedia":[{"embeddable":true,"href":"https:\/\/www.moskito.cz\/pl\/wp-json\/wp\/v2\/media\/263680"}],"wp:attachment":[{"href":"https:\/\/www.moskito.cz\/pl\/wp-json\/wp\/v2\/media?parent=263679"}],"wp:term":[{"taxonomy":"pwb-brand","embeddable":true,"href":"https:\/\/www.moskito.cz\/pl\/wp-json\/wp\/v2\/pwb-brand?post=263679"},{"taxonomy":"product_brand","embeddable":true,"href":"https:\/\/www.moskito.cz\/pl\/wp-json\/wp\/v2\/product_brand?post=263679"},{"taxonomy":"product_cat","embeddable":true,"href":"https:\/\/www.moskito.cz\/pl\/wp-json\/wp\/v2\/product_cat?post=263679"},{"taxonomy":"product_tag","embeddable":true,"href":"https:\/\/www.moskito.cz\/pl\/wp-json\/wp\/v2\/product_tag?post=263679"}],"curies":[{"name":"wp","href":"https:\/\/api.w.org\/{rel}","templated":true}]}}