{"id":264438,"date":"2024-02-02T17:05:24","date_gmt":"2024-02-05T09:22:22","guid":{"rendered":"https:\/\/www.moskito.cz\/produkt\/noz-santoku-7-178-mm-dellinger-classic-drewno-sandalowe\/"},"modified":"2025-05-07T10:55:06","modified_gmt":"2025-05-07T09:55:06","slug":"noz-santoku-7-178-mm-dellinger-classic-drewno-sandalowe","status":"publish","type":"product","link":"https:\/\/www.moskito.cz\/pl\/produkt\/noz-santoku-7-178-mm-dellinger-classic-drewno-sandalowe\/","title":{"rendered":"N\u00f3\u017c Santoku 7&#8243; (178 mm) Dellinger CLASSIC Drewno sanda\u0142owe"},"content":{"rendered":"<p>Santoku 7&#8243; Dellinger CLASSIC N\u00f3\u017c szefa kuchni z drewna sanda\u0142owego i warzyw oraz n\u00f3\u017c szefa kuchni i niemieckiej stali DIN 1.4116 oraz r\u0119koje\u015b\u0107 z zachodniego drzewa sanda\u0142owego i d\u0142ugo\u015b\u0107 ostrza 178 mm oraz k\u0105t szlifowania 15 stopni<\/p>\n","protected":false},"excerpt":{"rendered":"<p>Santoku 7&#8243; Dellinger CLASSIC N\u00f3\u017c szefa kuchni z drewna sanda\u0142owego i warzyw oraz n\u00f3\u017c szefa kuchni i niemieckiej stali DIN 1.4116 oraz r\u0119koje\u015b\u0107 z zachodniego drzewa sanda\u0142owego i d\u0142ugo\u015b\u0107 ostrza 178 mm oraz k\u0105t szlifowania 15 stopni<\/p>\n","protected":false},"featured_media":0,"comment_status":"closed","ping_status":"open","template":"","meta":[],"pwb-brand":[],"product_brand":[],"product_cat":[3881],"product_tag":[],"class_list":{"0":"post-264438","1":"product","2":"type-product","3":"status-publish","5":"product_cat-przyprawa","7":"first","8":"instock","9":"purchasable","10":"product-type-simple"},"brands":[],"_links":{"self":[{"href":"https:\/\/www.moskito.cz\/pl\/wp-json\/wp\/v2\/product\/264438","targetHints":{"allow":["GET"]}}],"collection":[{"href":"https:\/\/www.moskito.cz\/pl\/wp-json\/wp\/v2\/product"}],"about":[{"href":"https:\/\/www.moskito.cz\/pl\/wp-json\/wp\/v2\/types\/product"}],"replies":[{"embeddable":true,"href":"https:\/\/www.moskito.cz\/pl\/wp-json\/wp\/v2\/comments?post=264438"}],"wp:attachment":[{"href":"https:\/\/www.moskito.cz\/pl\/wp-json\/wp\/v2\/media?parent=264438"}],"wp:term":[{"taxonomy":"pwb-brand","embeddable":true,"href":"https:\/\/www.moskito.cz\/pl\/wp-json\/wp\/v2\/pwb-brand?post=264438"},{"taxonomy":"product_brand","embeddable":true,"href":"https:\/\/www.moskito.cz\/pl\/wp-json\/wp\/v2\/product_brand?post=264438"},{"taxonomy":"product_cat","embeddable":true,"href":"https:\/\/www.moskito.cz\/pl\/wp-json\/wp\/v2\/product_cat?post=264438"},{"taxonomy":"product_tag","embeddable":true,"href":"https:\/\/www.moskito.cz\/pl\/wp-json\/wp\/v2\/product_tag?post=264438"}],"curies":[{"name":"wp","href":"https:\/\/api.w.org\/{rel}","templated":true}]}}