{"id":264462,"date":"2024-01-29T17:06:33","date_gmt":"2024-02-05T09:41:43","guid":{"rendered":"https:\/\/www.moskito.cz\/produkt\/noz-do-trybowania-boning-6-160-mm-dellinger-rose-wood-damascus\/"},"modified":"2025-05-07T10:55:07","modified_gmt":"2025-05-07T09:55:07","slug":"noz-do-trybowania-boning-6-160-mm-dellinger-rose-wood-damascus","status":"publish","type":"product","link":"https:\/\/www.moskito.cz\/pl\/produkt\/noz-do-trybowania-boning-6-160-mm-dellinger-rose-wood-damascus\/","title":{"rendered":"n\u00f3\u017c do trybowania Boning 6&#8243; (160 mm) Dellinger Rose-Wood Damascus"},"content":{"rendered":"<p>n\u00f3\u017c do trybowania Odkostnianie 6&#8243; (160 mm)<\/p>\n","protected":false},"excerpt":{"rendered":"<p>n\u00f3\u017c do trybowania Odkostnianie 6&#8243; (160 mm)<\/p>\n","protected":false},"featured_media":0,"comment_status":"closed","ping_status":"open","template":"","meta":[],"pwb-brand":[],"product_brand":[],"product_cat":[3881],"product_tag":[],"class_list":{"0":"post-264462","1":"product","2":"type-product","3":"status-publish","5":"product_cat-przyprawa","7":"first","8":"instock","9":"purchasable","10":"product-type-simple"},"brands":[],"_links":{"self":[{"href":"https:\/\/www.moskito.cz\/pl\/wp-json\/wp\/v2\/product\/264462","targetHints":{"allow":["GET"]}}],"collection":[{"href":"https:\/\/www.moskito.cz\/pl\/wp-json\/wp\/v2\/product"}],"about":[{"href":"https:\/\/www.moskito.cz\/pl\/wp-json\/wp\/v2\/types\/product"}],"replies":[{"embeddable":true,"href":"https:\/\/www.moskito.cz\/pl\/wp-json\/wp\/v2\/comments?post=264462"}],"wp:attachment":[{"href":"https:\/\/www.moskito.cz\/pl\/wp-json\/wp\/v2\/media?parent=264462"}],"wp:term":[{"taxonomy":"pwb-brand","embeddable":true,"href":"https:\/\/www.moskito.cz\/pl\/wp-json\/wp\/v2\/pwb-brand?post=264462"},{"taxonomy":"product_brand","embeddable":true,"href":"https:\/\/www.moskito.cz\/pl\/wp-json\/wp\/v2\/product_brand?post=264462"},{"taxonomy":"product_cat","embeddable":true,"href":"https:\/\/www.moskito.cz\/pl\/wp-json\/wp\/v2\/product_cat?post=264462"},{"taxonomy":"product_tag","embeddable":true,"href":"https:\/\/www.moskito.cz\/pl\/wp-json\/wp\/v2\/product_tag?post=264462"}],"curies":[{"name":"wp","href":"https:\/\/api.w.org\/{rel}","templated":true}]}}