{"id":264463,"date":"2024-02-05T20:34:10","date_gmt":"2024-02-05T09:41:43","guid":{"rendered":"https:\/\/www.moskito.cz\/produkt\/noz-mysliwski-dellinger-waldmann-full-damascus-nr-5\/"},"modified":"2025-05-07T10:55:07","modified_gmt":"2025-05-07T09:55:07","slug":"noz-mysliwski-dellinger-waldmann-full-damascus-nr-5","status":"publish","type":"product","link":"https:\/\/www.moskito.cz\/pl\/produkt\/noz-mysliwski-dellinger-waldmann-full-damascus-nr-5\/","title":{"rendered":"n\u00f3\u017c my\u015bliwski Dellinger Waldmann Full Damascus Nr.5"},"content":{"rendered":"<p>N\u00f3\u017c my\u015bliwski Dellinger Waldmann Full Damascus i 110 warstw stali damasce\u0144skiej, w tym sk\u00f3rzana pochwa<\/p>\n","protected":false},"excerpt":{"rendered":"<p>N\u00f3\u017c my\u015bliwski Dellinger Waldmann Full Damascus i 110 warstw stali damasce\u0144skiej, w tym sk\u00f3rzana pochwa<\/p>\n","protected":false},"featured_media":0,"comment_status":"closed","ping_status":"open","template":"","meta":[],"pwb-brand":[],"product_brand":[],"product_cat":[3881],"product_tag":[],"class_list":{"0":"post-264463","1":"product","2":"type-product","3":"status-publish","5":"product_cat-przyprawa","7":"first","8":"instock","9":"purchasable","10":"product-type-simple"},"brands":[],"_links":{"self":[{"href":"https:\/\/www.moskito.cz\/pl\/wp-json\/wp\/v2\/product\/264463","targetHints":{"allow":["GET"]}}],"collection":[{"href":"https:\/\/www.moskito.cz\/pl\/wp-json\/wp\/v2\/product"}],"about":[{"href":"https:\/\/www.moskito.cz\/pl\/wp-json\/wp\/v2\/types\/product"}],"replies":[{"embeddable":true,"href":"https:\/\/www.moskito.cz\/pl\/wp-json\/wp\/v2\/comments?post=264463"}],"wp:attachment":[{"href":"https:\/\/www.moskito.cz\/pl\/wp-json\/wp\/v2\/media?parent=264463"}],"wp:term":[{"taxonomy":"pwb-brand","embeddable":true,"href":"https:\/\/www.moskito.cz\/pl\/wp-json\/wp\/v2\/pwb-brand?post=264463"},{"taxonomy":"product_brand","embeddable":true,"href":"https:\/\/www.moskito.cz\/pl\/wp-json\/wp\/v2\/product_brand?post=264463"},{"taxonomy":"product_cat","embeddable":true,"href":"https:\/\/www.moskito.cz\/pl\/wp-json\/wp\/v2\/product_cat?post=264463"},{"taxonomy":"product_tag","embeddable":true,"href":"https:\/\/www.moskito.cz\/pl\/wp-json\/wp\/v2\/product_tag?post=264463"}],"curies":[{"name":"wp","href":"https:\/\/api.w.org\/{rel}","templated":true}]}}