{"id":264472,"date":"2024-01-27T17:05:42","date_gmt":"2024-02-05T09:41:46","guid":{"rendered":"https:\/\/www.moskito.cz\/produkt\/kombinowany-ruszt-ze-stali-nierdzewnej-z-kamieniem-do-pizzy-do-18\/"},"modified":"2025-05-07T10:55:08","modified_gmt":"2025-05-07T09:55:08","slug":"kombinowany-ruszt-ze-stali-nierdzewnej-z-kamieniem-do-pizzy-do-18","status":"publish","type":"product","link":"https:\/\/www.moskito.cz\/pl\/produkt\/kombinowany-ruszt-ze-stali-nierdzewnej-z-kamieniem-do-pizzy-do-18\/","title":{"rendered":"kombinowany ruszt ze stali nierdzewnej z kamieniem do pizzy do 18&#8243;"},"content":{"rendered":"<p>kombinowany ruszt i doskona\u0142a regulacja ciep\u0142a wewn\u0105trz grilla oraz konstrukcja ze stali nierdzewnej i \u015brednica 38 cm, odpowiednie do grilla 18&#8243;<\/p>\n","protected":false},"excerpt":{"rendered":"<p>kombinowany ruszt i doskona\u0142a regulacja ciep\u0142a wewn\u0105trz grilla oraz konstrukcja ze stali nierdzewnej i \u015brednica 38 cm, odpowiednie do grilla 18&#8243;<\/p>\n","protected":false},"featured_media":0,"comment_status":"closed","ping_status":"open","template":"","meta":[],"pwb-brand":[],"product_brand":[],"product_cat":[3881],"product_tag":[],"class_list":{"0":"post-264472","1":"product","2":"type-product","3":"status-publish","5":"product_cat-przyprawa","7":"first","8":"instock","9":"purchasable","10":"product-type-simple"},"brands":[],"_links":{"self":[{"href":"https:\/\/www.moskito.cz\/pl\/wp-json\/wp\/v2\/product\/264472","targetHints":{"allow":["GET"]}}],"collection":[{"href":"https:\/\/www.moskito.cz\/pl\/wp-json\/wp\/v2\/product"}],"about":[{"href":"https:\/\/www.moskito.cz\/pl\/wp-json\/wp\/v2\/types\/product"}],"replies":[{"embeddable":true,"href":"https:\/\/www.moskito.cz\/pl\/wp-json\/wp\/v2\/comments?post=264472"}],"wp:attachment":[{"href":"https:\/\/www.moskito.cz\/pl\/wp-json\/wp\/v2\/media?parent=264472"}],"wp:term":[{"taxonomy":"pwb-brand","embeddable":true,"href":"https:\/\/www.moskito.cz\/pl\/wp-json\/wp\/v2\/pwb-brand?post=264472"},{"taxonomy":"product_brand","embeddable":true,"href":"https:\/\/www.moskito.cz\/pl\/wp-json\/wp\/v2\/product_brand?post=264472"},{"taxonomy":"product_cat","embeddable":true,"href":"https:\/\/www.moskito.cz\/pl\/wp-json\/wp\/v2\/product_cat?post=264472"},{"taxonomy":"product_tag","embeddable":true,"href":"https:\/\/www.moskito.cz\/pl\/wp-json\/wp\/v2\/product_tag?post=264472"}],"curies":[{"name":"wp","href":"https:\/\/api.w.org\/{rel}","templated":true}]}}