{"id":264486,"date":"2024-01-31T17:06:26","date_gmt":"2024-02-05T09:41:50","guid":{"rendered":"https:\/\/www.moskito.cz\/produkt\/noz-steak-5-niemiecki-1-4116-drewno-pakka\/"},"modified":"2025-05-07T10:55:09","modified_gmt":"2025-05-07T09:55:09","slug":"noz-steak-5-niemiecki-1-4116-drewno-pakka","status":"publish","type":"product","link":"https:\/\/www.moskito.cz\/pl\/produkt\/noz-steak-5-niemiecki-1-4116-drewno-pakka\/","title":{"rendered":"n\u00f3\u017c Steak 5&#8243; niemiecki 1.4116 &#8211; drewno pakka"},"content":{"rendered":"<p>N\u00f3\u017c do stek\u00f3w z serii German Pakka z drewna i ostrza wykonanego z niemieckiej stali 1.4116 oraz r\u0119koje\u015bci<\/p>\n","protected":false},"excerpt":{"rendered":"<p>N\u00f3\u017c do stek\u00f3w z serii German Pakka z drewna i ostrza wykonanego z niemieckiej stali 1.4116 oraz r\u0119koje\u015bci<\/p>\n","protected":false},"featured_media":0,"comment_status":"closed","ping_status":"open","template":"","meta":[],"pwb-brand":[],"product_brand":[],"product_cat":[3881],"product_tag":[],"class_list":{"0":"post-264486","1":"product","2":"type-product","3":"status-publish","5":"product_cat-przyprawa","7":"first","8":"instock","9":"purchasable","10":"product-type-simple"},"brands":[],"_links":{"self":[{"href":"https:\/\/www.moskito.cz\/pl\/wp-json\/wp\/v2\/product\/264486","targetHints":{"allow":["GET"]}}],"collection":[{"href":"https:\/\/www.moskito.cz\/pl\/wp-json\/wp\/v2\/product"}],"about":[{"href":"https:\/\/www.moskito.cz\/pl\/wp-json\/wp\/v2\/types\/product"}],"replies":[{"embeddable":true,"href":"https:\/\/www.moskito.cz\/pl\/wp-json\/wp\/v2\/comments?post=264486"}],"wp:attachment":[{"href":"https:\/\/www.moskito.cz\/pl\/wp-json\/wp\/v2\/media?parent=264486"}],"wp:term":[{"taxonomy":"pwb-brand","embeddable":true,"href":"https:\/\/www.moskito.cz\/pl\/wp-json\/wp\/v2\/pwb-brand?post=264486"},{"taxonomy":"product_brand","embeddable":true,"href":"https:\/\/www.moskito.cz\/pl\/wp-json\/wp\/v2\/product_brand?post=264486"},{"taxonomy":"product_cat","embeddable":true,"href":"https:\/\/www.moskito.cz\/pl\/wp-json\/wp\/v2\/product_cat?post=264486"},{"taxonomy":"product_tag","embeddable":true,"href":"https:\/\/www.moskito.cz\/pl\/wp-json\/wp\/v2\/product_tag?post=264486"}],"curies":[{"name":"wp","href":"https:\/\/api.w.org\/{rel}","templated":true}]}}