{"id":264503,"date":"2024-01-27T17:06:00","date_gmt":"2024-02-05T09:41:55","guid":{"rendered":"https:\/\/www.moskito.cz\/produkt\/bazar-mysliwski-noz-skladany-damascenski-dellinger-ragnhild-clip\/"},"modified":"2025-05-07T10:55:11","modified_gmt":"2025-05-07T09:55:11","slug":"bazar-mysliwski-noz-skladany-damascenski-dellinger-ragnhild-clip","status":"publish","type":"product","link":"https:\/\/www.moskito.cz\/pl\/produkt\/bazar-mysliwski-noz-skladany-damascenski-dellinger-ragnhild-clip\/","title":{"rendered":"BAZAR &#8211; My\u015bliwski n\u00f3\u017c sk\u0142adany damasce\u0144ski Dellinger RAGNHILD Clip"},"content":{"rendered":"<p>BAZAR &#8211; vik\u00e1 se &#8211; N\u00f3\u017c my\u015bliwski sk\u0142adany damasce\u0144ski Dellinger RAGNHILD Clip w komplecie ze sk\u00f3rzanym etui<\/p>\n","protected":false},"excerpt":{"rendered":"<p>BAZAR &#8211; vik\u00e1 se &#8211; N\u00f3\u017c my\u015bliwski sk\u0142adany damasce\u0144ski Dellinger RAGNHILD Clip w komplecie ze sk\u00f3rzanym etui<\/p>\n","protected":false},"featured_media":0,"comment_status":"closed","ping_status":"open","template":"","meta":[],"pwb-brand":[],"product_brand":[],"product_cat":[3881],"product_tag":[],"class_list":{"0":"post-264503","1":"product","2":"type-product","3":"status-publish","5":"product_cat-przyprawa","7":"first","8":"outofstock","9":"purchasable","10":"product-type-simple"},"brands":[],"_links":{"self":[{"href":"https:\/\/www.moskito.cz\/pl\/wp-json\/wp\/v2\/product\/264503","targetHints":{"allow":["GET"]}}],"collection":[{"href":"https:\/\/www.moskito.cz\/pl\/wp-json\/wp\/v2\/product"}],"about":[{"href":"https:\/\/www.moskito.cz\/pl\/wp-json\/wp\/v2\/types\/product"}],"replies":[{"embeddable":true,"href":"https:\/\/www.moskito.cz\/pl\/wp-json\/wp\/v2\/comments?post=264503"}],"wp:attachment":[{"href":"https:\/\/www.moskito.cz\/pl\/wp-json\/wp\/v2\/media?parent=264503"}],"wp:term":[{"taxonomy":"pwb-brand","embeddable":true,"href":"https:\/\/www.moskito.cz\/pl\/wp-json\/wp\/v2\/pwb-brand?post=264503"},{"taxonomy":"product_brand","embeddable":true,"href":"https:\/\/www.moskito.cz\/pl\/wp-json\/wp\/v2\/product_brand?post=264503"},{"taxonomy":"product_cat","embeddable":true,"href":"https:\/\/www.moskito.cz\/pl\/wp-json\/wp\/v2\/product_cat?post=264503"},{"taxonomy":"product_tag","embeddable":true,"href":"https:\/\/www.moskito.cz\/pl\/wp-json\/wp\/v2\/product_tag?post=264503"}],"curies":[{"name":"wp","href":"https:\/\/api.w.org\/{rel}","templated":true}]}}