{"id":264523,"date":"2024-01-27T17:05:35","date_gmt":"2024-02-05T09:42:17","guid":{"rendered":"https:\/\/www.moskito.cz\/produkt\/bazar-noz-do-krojenia-japonskiego-szefa-kuchni-9-225mm-dellinger-okami-3-warstwy-aus10\/"},"modified":"2025-05-07T10:55:12","modified_gmt":"2025-05-07T09:55:12","slug":"bazar-noz-do-krojenia-japonskiego-szefa-kuchni-9-225mm-dellinger-okami-3-warstwy-aus10","status":"publish","type":"product","link":"https:\/\/www.moskito.cz\/pl\/produkt\/bazar-noz-do-krojenia-japonskiego-szefa-kuchni-9-225mm-dellinger-okami-3-warstwy-aus10\/","title":{"rendered":"BAZAR &#8211; N\u00f3\u017c do krojenia japo\u0144skiego szefa kuchni 9&#8243; (225mm) Dellinger Okami 3 warstwy AUS10"},"content":{"rendered":"<p>BAZAR &#8211; ma\u0142e p\u0119kni\u0119cie na ostrzu Japo\u0144ski n\u00f3\u017c do krojenia 9&#8243; (225 mm) Dellinger Okami 3 warstwy AUS10 &amp; Japo\u0144ski n\u00f3\u017c szefa kuchni<\/p>\n","protected":false},"excerpt":{"rendered":"<p>BAZAR &#8211; ma\u0142e p\u0119kni\u0119cie na ostrzu Japo\u0144ski n\u00f3\u017c do krojenia 9&#8243; (225 mm) Dellinger Okami 3 warstwy AUS10 &amp; Japo\u0144ski n\u00f3\u017c szefa kuchni<\/p>\n","protected":false},"featured_media":0,"comment_status":"closed","ping_status":"open","template":"","meta":[],"pwb-brand":[],"product_brand":[],"product_cat":[3881],"product_tag":[],"class_list":{"0":"post-264523","1":"product","2":"type-product","3":"status-publish","5":"product_cat-przyprawa","7":"first","8":"instock","9":"purchasable","10":"product-type-simple"},"brands":[],"_links":{"self":[{"href":"https:\/\/www.moskito.cz\/pl\/wp-json\/wp\/v2\/product\/264523","targetHints":{"allow":["GET"]}}],"collection":[{"href":"https:\/\/www.moskito.cz\/pl\/wp-json\/wp\/v2\/product"}],"about":[{"href":"https:\/\/www.moskito.cz\/pl\/wp-json\/wp\/v2\/types\/product"}],"replies":[{"embeddable":true,"href":"https:\/\/www.moskito.cz\/pl\/wp-json\/wp\/v2\/comments?post=264523"}],"wp:attachment":[{"href":"https:\/\/www.moskito.cz\/pl\/wp-json\/wp\/v2\/media?parent=264523"}],"wp:term":[{"taxonomy":"pwb-brand","embeddable":true,"href":"https:\/\/www.moskito.cz\/pl\/wp-json\/wp\/v2\/pwb-brand?post=264523"},{"taxonomy":"product_brand","embeddable":true,"href":"https:\/\/www.moskito.cz\/pl\/wp-json\/wp\/v2\/product_brand?post=264523"},{"taxonomy":"product_cat","embeddable":true,"href":"https:\/\/www.moskito.cz\/pl\/wp-json\/wp\/v2\/product_cat?post=264523"},{"taxonomy":"product_tag","embeddable":true,"href":"https:\/\/www.moskito.cz\/pl\/wp-json\/wp\/v2\/product_tag?post=264523"}],"curies":[{"name":"wp","href":"https:\/\/api.w.org\/{rel}","templated":true}]}}