{"id":264532,"date":"2024-01-27T17:05:38","date_gmt":"2024-02-05T09:42:20","guid":{"rendered":"https:\/\/www.moskito.cz\/produkt\/bazardellinger-pary-d2-stalowy-siekacz\/"},"modified":"2025-05-07T10:55:12","modified_gmt":"2025-05-07T09:55:12","slug":"bazardellinger-pary-d2-stalowy-siekacz","status":"publish","type":"product","link":"https:\/\/www.moskito.cz\/pl\/produkt\/bazardellinger-pary-d2-stalowy-siekacz\/","title":{"rendered":"BAZAR!!!Dellinger PARY D2 Stalowy siekacz"},"content":{"rendered":"<p>BAZAR!!! &#8211; p\u0119kni\u0119cie na ostrzu patrz zdj\u0119cie, bez sk\u00f3rzanego etui Dellinger Pary Cleaver, w tym sk\u00f3rzane etui i materia\u0142 ostrza &#8211; stal D2 i d\u0142ugo\u015b\u0107 ostrza 215 mm<\/p>\n","protected":false},"excerpt":{"rendered":"<p>BAZAR!!! &#8211; p\u0119kni\u0119cie na ostrzu patrz zdj\u0119cie, bez sk\u00f3rzanego etui Dellinger Pary Cleaver, w tym sk\u00f3rzane etui i materia\u0142 ostrza &#8211; stal D2 i d\u0142ugo\u015b\u0107 ostrza 215 mm<\/p>\n","protected":false},"featured_media":0,"comment_status":"closed","ping_status":"open","template":"","meta":[],"pwb-brand":[],"product_brand":[],"product_cat":[3881],"product_tag":[],"class_list":{"0":"post-264532","1":"product","2":"type-product","3":"status-publish","5":"product_cat-przyprawa","7":"first","8":"instock","9":"purchasable","10":"product-type-simple"},"brands":[],"_links":{"self":[{"href":"https:\/\/www.moskito.cz\/pl\/wp-json\/wp\/v2\/product\/264532","targetHints":{"allow":["GET"]}}],"collection":[{"href":"https:\/\/www.moskito.cz\/pl\/wp-json\/wp\/v2\/product"}],"about":[{"href":"https:\/\/www.moskito.cz\/pl\/wp-json\/wp\/v2\/types\/product"}],"replies":[{"embeddable":true,"href":"https:\/\/www.moskito.cz\/pl\/wp-json\/wp\/v2\/comments?post=264532"}],"wp:attachment":[{"href":"https:\/\/www.moskito.cz\/pl\/wp-json\/wp\/v2\/media?parent=264532"}],"wp:term":[{"taxonomy":"pwb-brand","embeddable":true,"href":"https:\/\/www.moskito.cz\/pl\/wp-json\/wp\/v2\/pwb-brand?post=264532"},{"taxonomy":"product_brand","embeddable":true,"href":"https:\/\/www.moskito.cz\/pl\/wp-json\/wp\/v2\/product_brand?post=264532"},{"taxonomy":"product_cat","embeddable":true,"href":"https:\/\/www.moskito.cz\/pl\/wp-json\/wp\/v2\/product_cat?post=264532"},{"taxonomy":"product_tag","embeddable":true,"href":"https:\/\/www.moskito.cz\/pl\/wp-json\/wp\/v2\/product_tag?post=264532"}],"curies":[{"name":"wp","href":"https:\/\/api.w.org\/{rel}","templated":true}]}}