{"id":264559,"date":"2024-01-25T02:06:56","date_gmt":"2024-02-05T09:43:27","guid":{"rendered":"https:\/\/www.moskito.cz\/produkt\/noz-utility-blue-150-mm-dellinger-resin-future\/"},"modified":"2025-05-07T10:55:15","modified_gmt":"2025-05-07T09:55:15","slug":"noz-utility-blue-150-mm-dellinger-resin-future","status":"publish","type":"product","link":"https:\/\/www.moskito.cz\/pl\/produkt\/noz-utility-blue-150-mm-dellinger-resin-future\/","title":{"rendered":"n\u00f3\u017c Utility Blue 150 mm Dellinger Resin Future"},"content":{"rendered":"<p>N\u00f3\u017c szefa kuchni Blue Utility 150 mm Dellinger Resin Seria Future i n\u00f3\u017c szefa kuchni<\/p>\n","protected":false},"excerpt":{"rendered":"<p>N\u00f3\u017c szefa kuchni Blue Utility 150 mm Dellinger Resin Seria Future i n\u00f3\u017c szefa kuchni<\/p>\n","protected":false},"featured_media":0,"comment_status":"closed","ping_status":"open","template":"","meta":[],"pwb-brand":[],"product_brand":[],"product_cat":[3881],"product_tag":[],"class_list":{"0":"post-264559","1":"product","2":"type-product","3":"status-publish","5":"product_cat-przyprawa","7":"first","8":"instock","9":"purchasable","10":"product-type-simple"},"brands":[],"_links":{"self":[{"href":"https:\/\/www.moskito.cz\/pl\/wp-json\/wp\/v2\/product\/264559","targetHints":{"allow":["GET"]}}],"collection":[{"href":"https:\/\/www.moskito.cz\/pl\/wp-json\/wp\/v2\/product"}],"about":[{"href":"https:\/\/www.moskito.cz\/pl\/wp-json\/wp\/v2\/types\/product"}],"replies":[{"embeddable":true,"href":"https:\/\/www.moskito.cz\/pl\/wp-json\/wp\/v2\/comments?post=264559"}],"wp:attachment":[{"href":"https:\/\/www.moskito.cz\/pl\/wp-json\/wp\/v2\/media?parent=264559"}],"wp:term":[{"taxonomy":"pwb-brand","embeddable":true,"href":"https:\/\/www.moskito.cz\/pl\/wp-json\/wp\/v2\/pwb-brand?post=264559"},{"taxonomy":"product_brand","embeddable":true,"href":"https:\/\/www.moskito.cz\/pl\/wp-json\/wp\/v2\/product_brand?post=264559"},{"taxonomy":"product_cat","embeddable":true,"href":"https:\/\/www.moskito.cz\/pl\/wp-json\/wp\/v2\/product_cat?post=264559"},{"taxonomy":"product_tag","embeddable":true,"href":"https:\/\/www.moskito.cz\/pl\/wp-json\/wp\/v2\/product_tag?post=264559"}],"curies":[{"name":"wp","href":"https:\/\/api.w.org\/{rel}","templated":true}]}}