{"id":264571,"date":"2024-01-25T02:06:56","date_gmt":"2024-02-05T09:43:30","guid":{"rendered":"https:\/\/www.moskito.cz\/produkt\/japonski-noz-szefa-kuchni-uniwersalny-150-mm-dellinger-okami-3-warstwy-aus10\/"},"modified":"2025-05-07T10:55:16","modified_gmt":"2025-05-07T09:55:16","slug":"japonski-noz-szefa-kuchni-uniwersalny-150-mm-dellinger-okami-3-warstwy-aus10","status":"publish","type":"product","link":"https:\/\/www.moskito.cz\/pl\/produkt\/japonski-noz-szefa-kuchni-uniwersalny-150-mm-dellinger-okami-3-warstwy-aus10\/","title":{"rendered":"Japo\u0144ski n\u00f3\u017c szefa kuchni uniwersalny 150 mm Dellinger Okami 3 warstwy AUS10"},"content":{"rendered":"<p>N\u00f3\u017c uniwersalny 150 mm Dellinger Okami 3 warstwy AUS10<\/p>\n","protected":false},"excerpt":{"rendered":"<p>N\u00f3\u017c uniwersalny 150 mm Dellinger Okami 3 warstwy AUS10<\/p>\n","protected":false},"featured_media":0,"comment_status":"closed","ping_status":"open","template":"","meta":[],"pwb-brand":[],"product_brand":[],"product_cat":[3881],"product_tag":[],"class_list":{"0":"post-264571","1":"product","2":"type-product","3":"status-publish","5":"product_cat-przyprawa","7":"first","8":"instock","9":"purchasable","10":"product-type-simple"},"brands":[],"_links":{"self":[{"href":"https:\/\/www.moskito.cz\/pl\/wp-json\/wp\/v2\/product\/264571","targetHints":{"allow":["GET"]}}],"collection":[{"href":"https:\/\/www.moskito.cz\/pl\/wp-json\/wp\/v2\/product"}],"about":[{"href":"https:\/\/www.moskito.cz\/pl\/wp-json\/wp\/v2\/types\/product"}],"replies":[{"embeddable":true,"href":"https:\/\/www.moskito.cz\/pl\/wp-json\/wp\/v2\/comments?post=264571"}],"wp:attachment":[{"href":"https:\/\/www.moskito.cz\/pl\/wp-json\/wp\/v2\/media?parent=264571"}],"wp:term":[{"taxonomy":"pwb-brand","embeddable":true,"href":"https:\/\/www.moskito.cz\/pl\/wp-json\/wp\/v2\/pwb-brand?post=264571"},{"taxonomy":"product_brand","embeddable":true,"href":"https:\/\/www.moskito.cz\/pl\/wp-json\/wp\/v2\/product_brand?post=264571"},{"taxonomy":"product_cat","embeddable":true,"href":"https:\/\/www.moskito.cz\/pl\/wp-json\/wp\/v2\/product_cat?post=264571"},{"taxonomy":"product_tag","embeddable":true,"href":"https:\/\/www.moskito.cz\/pl\/wp-json\/wp\/v2\/product_tag?post=264571"}],"curies":[{"name":"wp","href":"https:\/\/api.w.org\/{rel}","templated":true}]}}