{"id":264639,"date":"2024-07-31T01:06:41","date_gmt":"2024-02-05T09:44:22","guid":{"rendered":"https:\/\/www.moskito.cz\/produkt\/noz-skladany-weknife-mini-malice-heimskringla\/"},"modified":"2025-05-07T10:55:22","modified_gmt":"2025-05-07T09:55:22","slug":"noz-skladany-weknife-mini-malice-heimskringla","status":"publish","type":"product","link":"https:\/\/www.moskito.cz\/pl\/produkt\/noz-skladany-weknife-mini-malice-heimskringla\/","title":{"rendered":"n\u00f3\u017c sk\u0142adany WEKNIFE Mini Malice Heimskringla"},"content":{"rendered":"<p>N\u00f3\u017c sk\u0142adany Mini Malice i n\u00f3\u017c WEKNIFE Mini Malice i n\u00f3\u017c EDC oraz stal damasce\u0144ska Heimskringla<\/p>\n","protected":false},"excerpt":{"rendered":"<p>N\u00f3\u017c sk\u0142adany Mini Malice i n\u00f3\u017c WEKNIFE Mini Malice i n\u00f3\u017c EDC oraz stal damasce\u0144ska Heimskringla<\/p>\n","protected":false},"featured_media":305080,"comment_status":"closed","ping_status":"open","template":"","meta":[],"pwb-brand":[3315],"product_brand":[],"product_cat":[3296,3307],"product_tag":[],"class_list":{"0":"post-264639","1":"product","2":"type-product","3":"status-publish","4":"has-post-thumbnail","6":"pwb-brand-tydzien","7":"product_cat-noze-pl","8":"product_cat-zamykanie-nozy","10":"first","11":"instock","12":"purchasable","13":"product-type-simple"},"brands":[{"id":3315,"name":"TYDZIE\u0143","slug":"tydzien"}],"_links":{"self":[{"href":"https:\/\/www.moskito.cz\/pl\/wp-json\/wp\/v2\/product\/264639","targetHints":{"allow":["GET"]}}],"collection":[{"href":"https:\/\/www.moskito.cz\/pl\/wp-json\/wp\/v2\/product"}],"about":[{"href":"https:\/\/www.moskito.cz\/pl\/wp-json\/wp\/v2\/types\/product"}],"replies":[{"embeddable":true,"href":"https:\/\/www.moskito.cz\/pl\/wp-json\/wp\/v2\/comments?post=264639"}],"wp:featuredmedia":[{"embeddable":true,"href":"https:\/\/www.moskito.cz\/pl\/wp-json\/wp\/v2\/media\/305080"}],"wp:attachment":[{"href":"https:\/\/www.moskito.cz\/pl\/wp-json\/wp\/v2\/media?parent=264639"}],"wp:term":[{"taxonomy":"pwb-brand","embeddable":true,"href":"https:\/\/www.moskito.cz\/pl\/wp-json\/wp\/v2\/pwb-brand?post=264639"},{"taxonomy":"product_brand","embeddable":true,"href":"https:\/\/www.moskito.cz\/pl\/wp-json\/wp\/v2\/product_brand?post=264639"},{"taxonomy":"product_cat","embeddable":true,"href":"https:\/\/www.moskito.cz\/pl\/wp-json\/wp\/v2\/product_cat?post=264639"},{"taxonomy":"product_tag","embeddable":true,"href":"https:\/\/www.moskito.cz\/pl\/wp-json\/wp\/v2\/product_tag?post=264639"}],"curies":[{"name":"wp","href":"https:\/\/api.w.org\/{rel}","templated":true}]}}