{"id":264748,"date":"2024-07-31T01:06:23","date_gmt":"2024-02-05T09:45:37","guid":{"rendered":"https:\/\/www.moskito.cz\/produkt\/noz-skladany-weknife-high-fin-hakkapella\/"},"modified":"2025-05-07T10:55:25","modified_gmt":"2025-05-07T09:55:25","slug":"noz-skladany-weknife-high-fin-hakkapella","status":"publish","type":"product","link":"https:\/\/www.moskito.cz\/pl\/produkt\/noz-skladany-weknife-high-fin-hakkapella\/","title":{"rendered":"n\u00f3\u017c sk\u0142adany WEKNIFE High-Fin Hakkapella"},"content":{"rendered":"<p>n\u00f3\u017c sk\u0142adany i n\u00f3\u017c WEKNIFE High-Fin i EDC oraz Hakkapella<\/p>\n","protected":false},"excerpt":{"rendered":"<p>n\u00f3\u017c sk\u0142adany i n\u00f3\u017c WEKNIFE High-Fin i EDC oraz Hakkapella<\/p>\n","protected":false},"featured_media":304820,"comment_status":"closed","ping_status":"open","template":"","meta":[],"pwb-brand":[3315],"product_brand":[],"product_cat":[3296,3307],"product_tag":[],"class_list":{"0":"post-264748","1":"product","2":"type-product","3":"status-publish","4":"has-post-thumbnail","6":"pwb-brand-tydzien","7":"product_cat-noze-pl","8":"product_cat-zamykanie-nozy","10":"first","11":"instock","12":"purchasable","13":"product-type-simple"},"brands":[{"id":3315,"name":"TYDZIE\u0143","slug":"tydzien"}],"_links":{"self":[{"href":"https:\/\/www.moskito.cz\/pl\/wp-json\/wp\/v2\/product\/264748","targetHints":{"allow":["GET"]}}],"collection":[{"href":"https:\/\/www.moskito.cz\/pl\/wp-json\/wp\/v2\/product"}],"about":[{"href":"https:\/\/www.moskito.cz\/pl\/wp-json\/wp\/v2\/types\/product"}],"replies":[{"embeddable":true,"href":"https:\/\/www.moskito.cz\/pl\/wp-json\/wp\/v2\/comments?post=264748"}],"wp:featuredmedia":[{"embeddable":true,"href":"https:\/\/www.moskito.cz\/pl\/wp-json\/wp\/v2\/media\/304820"}],"wp:attachment":[{"href":"https:\/\/www.moskito.cz\/pl\/wp-json\/wp\/v2\/media?parent=264748"}],"wp:term":[{"taxonomy":"pwb-brand","embeddable":true,"href":"https:\/\/www.moskito.cz\/pl\/wp-json\/wp\/v2\/pwb-brand?post=264748"},{"taxonomy":"product_brand","embeddable":true,"href":"https:\/\/www.moskito.cz\/pl\/wp-json\/wp\/v2\/product_brand?post=264748"},{"taxonomy":"product_cat","embeddable":true,"href":"https:\/\/www.moskito.cz\/pl\/wp-json\/wp\/v2\/product_cat?post=264748"},{"taxonomy":"product_tag","embeddable":true,"href":"https:\/\/www.moskito.cz\/pl\/wp-json\/wp\/v2\/product_tag?post=264748"}],"curies":[{"name":"wp","href":"https:\/\/api.w.org\/{rel}","templated":true}]}}