{"id":264784,"date":"2024-02-05T20:30:59","date_gmt":"2024-02-05T09:45:45","guid":{"rendered":"https:\/\/www.moskito.cz\/produkt\/noz-skladany-weknife-high-fin-stripe\/"},"modified":"2025-05-07T10:55:27","modified_gmt":"2025-05-07T09:55:27","slug":"noz-skladany-weknife-high-fin-stripe","status":"publish","type":"product","link":"https:\/\/www.moskito.cz\/pl\/produkt\/noz-skladany-weknife-high-fin-stripe\/","title":{"rendered":"N\u00f3\u017c sk\u0142adany WEKNIFE High-Fin Stripe"},"content":{"rendered":"<p>n\u00f3\u017c sk\u0142adany i n\u00f3\u017c WEKNIFE High-Fin i EDC oraz stal CPM 20CV<\/p>\n","protected":false},"excerpt":{"rendered":"<p>n\u00f3\u017c sk\u0142adany i n\u00f3\u017c WEKNIFE High-Fin i EDC oraz stal CPM 20CV<\/p>\n","protected":false},"featured_media":0,"comment_status":"closed","ping_status":"open","template":"","meta":[],"pwb-brand":[],"product_brand":[],"product_cat":[3881],"product_tag":[],"class_list":{"0":"post-264784","1":"product","2":"type-product","3":"status-publish","5":"product_cat-przyprawa","7":"first","8":"instock","9":"purchasable","10":"product-type-simple"},"brands":[],"_links":{"self":[{"href":"https:\/\/www.moskito.cz\/pl\/wp-json\/wp\/v2\/product\/264784","targetHints":{"allow":["GET"]}}],"collection":[{"href":"https:\/\/www.moskito.cz\/pl\/wp-json\/wp\/v2\/product"}],"about":[{"href":"https:\/\/www.moskito.cz\/pl\/wp-json\/wp\/v2\/types\/product"}],"replies":[{"embeddable":true,"href":"https:\/\/www.moskito.cz\/pl\/wp-json\/wp\/v2\/comments?post=264784"}],"wp:attachment":[{"href":"https:\/\/www.moskito.cz\/pl\/wp-json\/wp\/v2\/media?parent=264784"}],"wp:term":[{"taxonomy":"pwb-brand","embeddable":true,"href":"https:\/\/www.moskito.cz\/pl\/wp-json\/wp\/v2\/pwb-brand?post=264784"},{"taxonomy":"product_brand","embeddable":true,"href":"https:\/\/www.moskito.cz\/pl\/wp-json\/wp\/v2\/product_brand?post=264784"},{"taxonomy":"product_cat","embeddable":true,"href":"https:\/\/www.moskito.cz\/pl\/wp-json\/wp\/v2\/product_cat?post=264784"},{"taxonomy":"product_tag","embeddable":true,"href":"https:\/\/www.moskito.cz\/pl\/wp-json\/wp\/v2\/product_tag?post=264784"}],"curies":[{"name":"wp","href":"https:\/\/api.w.org\/{rel}","templated":true}]}}