{"id":264805,"date":"2024-07-31T01:06:13","date_gmt":"2024-02-05T09:45:51","guid":{"rendered":"https:\/\/www.moskito.cz\/produkt\/noz-skladany-weknife-reiver-black-edycja-limitowana-310-szt\/"},"modified":"2025-05-07T10:55:28","modified_gmt":"2025-05-07T09:55:28","slug":"noz-skladany-weknife-reiver-black-edycja-limitowana-310-szt","status":"publish","type":"product","link":"https:\/\/www.moskito.cz\/pl\/produkt\/noz-skladany-weknife-reiver-black-edycja-limitowana-310-szt\/","title":{"rendered":"n\u00f3\u017c sk\u0142adany WEKNIFE Reiver Black Edycja Limitowana 310 szt"},"content":{"rendered":"<p>n\u00f3\u017c sk\u0142adany i Reiver Black Limited Edition 310 szt. oraz n\u00f3\u017c EDC i CPM &#8211; stal S35VN<\/p>\n","protected":false},"excerpt":{"rendered":"<p>n\u00f3\u017c sk\u0142adany i Reiver Black Limited Edition 310 szt. oraz n\u00f3\u017c EDC i CPM &#8211; stal S35VN<\/p>\n","protected":false},"featured_media":304664,"comment_status":"closed","ping_status":"open","template":"","meta":[],"pwb-brand":[3315],"product_brand":[],"product_cat":[3296,3307],"product_tag":[],"class_list":{"0":"post-264805","1":"product","2":"type-product","3":"status-publish","4":"has-post-thumbnail","6":"pwb-brand-tydzien","7":"product_cat-noze-pl","8":"product_cat-zamykanie-nozy","10":"first","11":"instock","12":"purchasable","13":"product-type-simple"},"brands":[{"id":3315,"name":"TYDZIE\u0143","slug":"tydzien"}],"_links":{"self":[{"href":"https:\/\/www.moskito.cz\/pl\/wp-json\/wp\/v2\/product\/264805","targetHints":{"allow":["GET"]}}],"collection":[{"href":"https:\/\/www.moskito.cz\/pl\/wp-json\/wp\/v2\/product"}],"about":[{"href":"https:\/\/www.moskito.cz\/pl\/wp-json\/wp\/v2\/types\/product"}],"replies":[{"embeddable":true,"href":"https:\/\/www.moskito.cz\/pl\/wp-json\/wp\/v2\/comments?post=264805"}],"wp:featuredmedia":[{"embeddable":true,"href":"https:\/\/www.moskito.cz\/pl\/wp-json\/wp\/v2\/media\/304664"}],"wp:attachment":[{"href":"https:\/\/www.moskito.cz\/pl\/wp-json\/wp\/v2\/media?parent=264805"}],"wp:term":[{"taxonomy":"pwb-brand","embeddable":true,"href":"https:\/\/www.moskito.cz\/pl\/wp-json\/wp\/v2\/pwb-brand?post=264805"},{"taxonomy":"product_brand","embeddable":true,"href":"https:\/\/www.moskito.cz\/pl\/wp-json\/wp\/v2\/product_brand?post=264805"},{"taxonomy":"product_cat","embeddable":true,"href":"https:\/\/www.moskito.cz\/pl\/wp-json\/wp\/v2\/product_cat?post=264805"},{"taxonomy":"product_tag","embeddable":true,"href":"https:\/\/www.moskito.cz\/pl\/wp-json\/wp\/v2\/product_tag?post=264805"}],"curies":[{"name":"wp","href":"https:\/\/api.w.org\/{rel}","templated":true}]}}