{"id":264825,"date":"2024-02-05T20:24:54","date_gmt":"2024-02-05T09:46:15","guid":{"rendered":"https:\/\/www.moskito.cz\/produkt\/noz-zvostra-indyjskie-pioro\/"},"modified":"2025-05-07T10:55:29","modified_gmt":"2025-05-07T09:55:29","slug":"noz-zvostra-indyjskie-pioro","status":"publish","type":"product","link":"https:\/\/www.moskito.cz\/pl\/produkt\/noz-zvostra-indyjskie-pioro\/","title":{"rendered":"N\u00f3\u017c zVostra Indyjskie Pi\u00f3ro"},"content":{"rendered":"<p>zVostra Indyjskie pi\u00f3ro i japo\u0144ska r\u0119koje\u015b\u0107 ze stali damasce\u0144skiej VG10 i hebanu<\/p>\n","protected":false},"excerpt":{"rendered":"<p>zVostra Indyjskie pi\u00f3ro i japo\u0144ska r\u0119koje\u015b\u0107 ze stali damasce\u0144skiej VG10 i hebanu<\/p>\n","protected":false},"featured_media":0,"comment_status":"closed","ping_status":"open","template":"","meta":[],"pwb-brand":[],"product_brand":[],"product_cat":[3881],"product_tag":[],"class_list":{"0":"post-264825","1":"product","2":"type-product","3":"status-publish","5":"product_cat-przyprawa","7":"first","8":"outofstock","9":"purchasable","10":"product-type-simple"},"brands":[],"_links":{"self":[{"href":"https:\/\/www.moskito.cz\/pl\/wp-json\/wp\/v2\/product\/264825","targetHints":{"allow":["GET"]}}],"collection":[{"href":"https:\/\/www.moskito.cz\/pl\/wp-json\/wp\/v2\/product"}],"about":[{"href":"https:\/\/www.moskito.cz\/pl\/wp-json\/wp\/v2\/types\/product"}],"replies":[{"embeddable":true,"href":"https:\/\/www.moskito.cz\/pl\/wp-json\/wp\/v2\/comments?post=264825"}],"wp:attachment":[{"href":"https:\/\/www.moskito.cz\/pl\/wp-json\/wp\/v2\/media?parent=264825"}],"wp:term":[{"taxonomy":"pwb-brand","embeddable":true,"href":"https:\/\/www.moskito.cz\/pl\/wp-json\/wp\/v2\/pwb-brand?post=264825"},{"taxonomy":"product_brand","embeddable":true,"href":"https:\/\/www.moskito.cz\/pl\/wp-json\/wp\/v2\/product_brand?post=264825"},{"taxonomy":"product_cat","embeddable":true,"href":"https:\/\/www.moskito.cz\/pl\/wp-json\/wp\/v2\/product_cat?post=264825"},{"taxonomy":"product_tag","embeddable":true,"href":"https:\/\/www.moskito.cz\/pl\/wp-json\/wp\/v2\/product_tag?post=264825"}],"curies":[{"name":"wp","href":"https:\/\/api.w.org\/{rel}","templated":true}]}}