{"id":305806,"date":"2024-02-05T20:31:32","date_gmt":"2024-02-05T19:46:13","guid":{"rendered":"https:\/\/www.moskito.cz\/produkt\/noz-skladany-dellinger-d2-kizama-wenge-z-grawerami\/"},"modified":"2025-05-07T10:55:33","modified_gmt":"2025-05-07T09:55:33","slug":"noz-skladany-dellinger-d2-kizama-wenge-z-grawerami","status":"publish","type":"product","link":"https:\/\/www.moskito.cz\/pl\/produkt\/noz-skladany-dellinger-d2-kizama-wenge-z-grawerami\/","title":{"rendered":"N\u00f3\u017c sk\u0142adany Dellinger D2 Kizama Wenge z grawerami"},"content":{"rendered":"<p>n\u00f3\u017c sk\u0142adany Dellinger D2 Kizama ze sk\u00f3rzan\u0105 pochw\u0105 i materia\u0142em ostrza &#8211; stal D2 i d\u0142ugo\u015b\u0107 ostrza 90 mm oraz r\u0119cznie grawerowane ozdoby<\/p>\n","protected":false},"excerpt":{"rendered":"<p>n\u00f3\u017c sk\u0142adany Dellinger D2 Kizama ze sk\u00f3rzan\u0105 pochw\u0105 i materia\u0142em ostrza &#8211; stal D2 i d\u0142ugo\u015b\u0107 ostrza 90 mm oraz r\u0119cznie grawerowane ozdoby<\/p>\n","protected":false},"featured_media":304952,"comment_status":"closed","ping_status":"open","template":"","meta":[],"pwb-brand":[],"product_brand":[],"product_cat":[3881],"product_tag":[],"class_list":{"0":"post-305806","1":"product","2":"type-product","3":"status-publish","4":"has-post-thumbnail","6":"product_cat-przyprawa","8":"first","9":"instock","10":"purchasable","11":"product-type-simple"},"brands":[],"_links":{"self":[{"href":"https:\/\/www.moskito.cz\/pl\/wp-json\/wp\/v2\/product\/305806","targetHints":{"allow":["GET"]}}],"collection":[{"href":"https:\/\/www.moskito.cz\/pl\/wp-json\/wp\/v2\/product"}],"about":[{"href":"https:\/\/www.moskito.cz\/pl\/wp-json\/wp\/v2\/types\/product"}],"replies":[{"embeddable":true,"href":"https:\/\/www.moskito.cz\/pl\/wp-json\/wp\/v2\/comments?post=305806"}],"wp:featuredmedia":[{"embeddable":true,"href":"https:\/\/www.moskito.cz\/pl\/wp-json\/wp\/v2\/media\/304952"}],"wp:attachment":[{"href":"https:\/\/www.moskito.cz\/pl\/wp-json\/wp\/v2\/media?parent=305806"}],"wp:term":[{"taxonomy":"pwb-brand","embeddable":true,"href":"https:\/\/www.moskito.cz\/pl\/wp-json\/wp\/v2\/pwb-brand?post=305806"},{"taxonomy":"product_brand","embeddable":true,"href":"https:\/\/www.moskito.cz\/pl\/wp-json\/wp\/v2\/product_brand?post=305806"},{"taxonomy":"product_cat","embeddable":true,"href":"https:\/\/www.moskito.cz\/pl\/wp-json\/wp\/v2\/product_cat?post=305806"},{"taxonomy":"product_tag","embeddable":true,"href":"https:\/\/www.moskito.cz\/pl\/wp-json\/wp\/v2\/product_tag?post=305806"}],"curies":[{"name":"wp","href":"https:\/\/api.w.org\/{rel}","templated":true}]}}