{"id":306022,"date":"2017-07-11T14:10:05","date_gmt":"2024-02-05T20:15:18","guid":{"rendered":"https:\/\/www.moskito.cz\/produkt\/noz-walter-white-staly-karambit\/"},"modified":"2025-07-11T07:48:01","modified_gmt":"2025-07-11T06:48:01","slug":"noz-walter-white-staly-karambit","status":"publish","type":"product","link":"https:\/\/www.moskito.cz\/pl\/produkt\/noz-walter-white-staly-karambit\/","title":{"rendered":"N\u00f3\u017c Walter White Sta\u0142y Karambit"},"content":{"rendered":"<p>N\u00f3\u017c Walter White Sta\u0142y Karambit.<br \/>\nKr\u00f3tko m\u00f3wi\u0105c, Karambit mo\u017cna okre\u015bli\u0107 jako niezwyk\u0142y n\u00f3\u017c wielofunkcyjny zaprojektowany z my\u015bl\u0105 o bezpiecze\u0144stwie, precyzji i wydajno\u015bci. N\u00f3\u017c posiada zakrzywione lub zagi\u0119te ostrze, ergonomiczn\u0105 r\u0119koje\u015b\u0107 i zazwyczaj posiada przynajmniej jeden pier\u015bcie\u0144 zabezpieczaj\u0105cy. Poprzednik wsp\u00f3\u0142czesnego karambitu pojawi\u0142 si\u0119 po raz pierwszy w Indonezji w XI wieku. wieku jako narz\u0119dzie stosowane w rolnictwie lub jako ostre ostrze funkcjonalne o uniwersalnym zastosowaniu.<br \/>\nMateria\u0142 ostrza to CPM-154, d\u0142ugo\u015b\u0107 ostrza 60mm, d\u0142ugo\u015b\u0107 ca\u0142kowita: 192mm, n\u00f3\u017c posiada pochw\u0119 termoplastyczn\u0105, wyprodukowan\u0105 w USA.<\/p>\n","protected":false},"excerpt":{"rendered":"<p>Materia\u0142 ostrza to CPM-154, d\u0142ugo\u015b\u0107 ostrza 60mm, d\u0142ugo\u015b\u0107 ca\u0142kowita: 192mm, n\u00f3\u017c posiada pochw\u0119 termoplastyczn\u0105, wyprodukowan\u0105 w USA.<\/p>\n","protected":false},"featured_media":45742,"comment_status":"open","ping_status":"closed","template":"","meta":[],"pwb-brand":[3358],"product_brand":[],"product_cat":[3359,3296],"product_tag":[],"class_list":{"0":"post-306022","1":"product","2":"type-product","3":"status-publish","4":"has-post-thumbnail","6":"pwb-brand-kwatermistrz","7":"product_cat-karambity-pl","8":"product_cat-noze-pl","10":"first","11":"outofstock","12":"taxable","13":"shipping-taxable","14":"purchasable","15":"product-type-simple"},"brands":[{"id":3358,"name":"Kwatermistrz","slug":"kwatermistrz"}],"_links":{"self":[{"href":"https:\/\/www.moskito.cz\/pl\/wp-json\/wp\/v2\/product\/306022","targetHints":{"allow":["GET"]}}],"collection":[{"href":"https:\/\/www.moskito.cz\/pl\/wp-json\/wp\/v2\/product"}],"about":[{"href":"https:\/\/www.moskito.cz\/pl\/wp-json\/wp\/v2\/types\/product"}],"replies":[{"embeddable":true,"href":"https:\/\/www.moskito.cz\/pl\/wp-json\/wp\/v2\/comments?post=306022"}],"wp:featuredmedia":[{"embeddable":true,"href":"https:\/\/www.moskito.cz\/pl\/wp-json\/wp\/v2\/media\/45742"}],"wp:attachment":[{"href":"https:\/\/www.moskito.cz\/pl\/wp-json\/wp\/v2\/media?parent=306022"}],"wp:term":[{"taxonomy":"pwb-brand","embeddable":true,"href":"https:\/\/www.moskito.cz\/pl\/wp-json\/wp\/v2\/pwb-brand?post=306022"},{"taxonomy":"product_brand","embeddable":true,"href":"https:\/\/www.moskito.cz\/pl\/wp-json\/wp\/v2\/product_brand?post=306022"},{"taxonomy":"product_cat","embeddable":true,"href":"https:\/\/www.moskito.cz\/pl\/wp-json\/wp\/v2\/product_cat?post=306022"},{"taxonomy":"product_tag","embeddable":true,"href":"https:\/\/www.moskito.cz\/pl\/wp-json\/wp\/v2\/product_tag?post=306022"}],"curies":[{"name":"wp","href":"https:\/\/api.w.org\/{rel}","templated":true}]}}