{"id":306074,"date":"2018-10-15T17:51:05","date_gmt":"2024-02-05T20:16:09","guid":{"rendered":"https:\/\/www.moskito.cz\/produkt\/latarka-led-mag-lite-ml25lt\/"},"modified":"2025-07-11T07:48:03","modified_gmt":"2025-07-11T06:48:03","slug":"latarka-led-mag-lite-ml25lt","status":"publish","type":"product","link":"https:\/\/www.moskito.cz\/pl\/produkt\/latarka-led-mag-lite-ml25lt\/","title":{"rendered":"Latarka LED Mag-Lite ML25LT"},"content":{"rendered":"<p>D\u0142ugo\u015b\u0107 ca\u0142kowita 26 cm, wodoodporno\u015b\u0107, wstrz\u0105soodporno\u015b\u0107, g\u0142owica obrotowa, w\u0142\u0105czanie\/wy\u0142\u0105czanie i ustawianie ostro\u015bci, zr\u00f3wnowa\u017cona optyka, funkcja \u015bwiecy, zasi\u0119g 309 m, 173 lumeny przy 18 godzinach dzia\u0142ania, wymaga 3 baterii C (brak w zestawie). korpus aluminiowy.<\/p>\n<p>Og\u00f3lnie 8,6 cala. Wodoodporny. Odporny na uderzenia. Przekr\u0119\u0107 g\u0142ow\u0119, w\u0142\u0105cz\/wy\u0142\u0105cz i ustaw ostro\u015b\u0107. Zr\u00f3wnowa\u017cona optyka. Zawiera tryb \u015bwiecy. Odleg\u0142o\u015b\u0107 wi\u0105zki 309 m. 173 lumeny przy 18 godzinach pracy. Wymaga (3) baterii typu C (brak w zestawie). Korpus z czarnego aluminium. Zapakowane.<\/p>\n","protected":false},"excerpt":{"rendered":"<p>Latarka LED Mag-Lite ML25LT<\/p>\n","protected":false},"featured_media":123762,"comment_status":"open","ping_status":"closed","template":"","meta":[],"pwb-brand":[3401],"product_brand":[],"product_cat":[3372,3373],"product_tag":[],"class_list":{"0":"post-306074","1":"product","2":"type-product","3":"status-publish","4":"has-post-thumbnail","6":"pwb-brand-mag-lite-pl","7":"product_cat-kemping","8":"product_cat-lampy","10":"first","11":"outofstock","12":"taxable","13":"shipping-taxable","14":"purchasable","15":"product-type-simple"},"brands":[{"id":3401,"name":"Mag-Lite","slug":"mag-lite-pl"}],"_links":{"self":[{"href":"https:\/\/www.moskito.cz\/pl\/wp-json\/wp\/v2\/product\/306074","targetHints":{"allow":["GET"]}}],"collection":[{"href":"https:\/\/www.moskito.cz\/pl\/wp-json\/wp\/v2\/product"}],"about":[{"href":"https:\/\/www.moskito.cz\/pl\/wp-json\/wp\/v2\/types\/product"}],"replies":[{"embeddable":true,"href":"https:\/\/www.moskito.cz\/pl\/wp-json\/wp\/v2\/comments?post=306074"}],"wp:featuredmedia":[{"embeddable":true,"href":"https:\/\/www.moskito.cz\/pl\/wp-json\/wp\/v2\/media\/123762"}],"wp:attachment":[{"href":"https:\/\/www.moskito.cz\/pl\/wp-json\/wp\/v2\/media?parent=306074"}],"wp:term":[{"taxonomy":"pwb-brand","embeddable":true,"href":"https:\/\/www.moskito.cz\/pl\/wp-json\/wp\/v2\/pwb-brand?post=306074"},{"taxonomy":"product_brand","embeddable":true,"href":"https:\/\/www.moskito.cz\/pl\/wp-json\/wp\/v2\/product_brand?post=306074"},{"taxonomy":"product_cat","embeddable":true,"href":"https:\/\/www.moskito.cz\/pl\/wp-json\/wp\/v2\/product_cat?post=306074"},{"taxonomy":"product_tag","embeddable":true,"href":"https:\/\/www.moskito.cz\/pl\/wp-json\/wp\/v2\/product_tag?post=306074"}],"curies":[{"name":"wp","href":"https:\/\/api.w.org\/{rel}","templated":true}]}}