{"id":306090,"date":"2019-02-02T17:02:51","date_gmt":"2024-02-05T20:16:14","guid":{"rendered":"https:\/\/www.moskito.cz\/produkt\/noz-strzelecki-microtech-ultratech-bayonet-120-1t\/"},"modified":"2025-07-11T07:48:06","modified_gmt":"2025-07-11T06:48:06","slug":"noz-strzelecki-microtech-ultratech-bayonet-120-1t","status":"publish","type":"product","link":"https:\/\/www.moskito.cz\/pl\/produkt\/noz-strzelecki-microtech-ultratech-bayonet-120-1t\/","title":{"rendered":"N\u00f3\u017c strzelecki Microtech Ultratech Bayonet 120-1T"},"content":{"rendered":"<p><span class=\"tlid-translation translation\"><span class=\"\" title=\"\">N\u00f3\u017c strzelecki <strong>Microtech Ultratech<\/strong> Bayonet 120-1T<\/span><\/span><\/p>\n<p><span class=\"tlid-translation translation\"><span class=\"\" title=\"\">Z przodu n\u00f3\u017c strzelecki Bayonet OTF.<br \/>\n<\/span><\/span><\/p>\n<p><span class=\"tlid-translation translation\"><span class=\"\" title=\"\">N\u00f3\u017c strzelecki <strong>Microtech<\/strong> Ultratech Bayonet 120-1T wyposa\u017cony jest w czarne ostrze bagnetowe o g\u0142adkiej kraw\u0119dzi.<\/span> <span title=\"\">R\u0119koje\u015b\u0107 wykonana jest z profilowanego, anodyzowanego na czarno aluminium 6061-T6 z czarnym wyko\u0144czeniem, zbijakiem do szk\u0142a i klipsem ze stali nierdzewnej.<\/span><\/span><\/p>\n<p><span class=\"\" title=\"\"><strong>Microtech<\/strong> wyposa\u017cy\u0142 t\u0119 wersj\u0119 niezwykle popularnego Ultratech D\/A OTF w g\u0142adko wyprofilowan\u0105 konstrukcj\u0119 r\u0119koje\u015bci, kt\u00f3ra zwi\u0119ksza komfort u\u017cytkowania.<\/span> <span class=\"\" title=\"\">Ten zaktualizowany model zapewnia te same wymiary, osprz\u0119t i trwa\u0142o\u015b\u0107, co wariant \u201eTri-Grip\u201d, ale \u0142atwiej mie\u015bci si\u0119 w d\u0142oni i kieszeni.<\/span><\/p>\n<p><span title=\"\">Dla nieobeznanych z Ultratechem jest to n\u00f3\u017c w pe\u0142ni automatyczny z mechanizmem podw\u00f3jnego dzia\u0142ania, co oznacza, \u017ce \u200b\u200bostrze sk\u0142ada si\u0119 i chowa kciukiem.<\/span> <span title=\"\">N\u00f3\u017c Ultratech firmy <strong>Microtech<\/strong> wyznaczy\u0142 poprzeczk\u0119 dla wszystkich no\u017cy OTF.<\/span><\/p>\n<p><span class=\"tlid-translation translation\"><span title=\"\">D\u0142ugo\u015b\u0107 ca\u0142kowita: 20,9 cm<\/span><br \/>\n<span class=\"\" title=\"\">D\u0142ugo\u015b\u0107 ostrza: 8,42 cm<\/span><br \/>\n<span title=\"\">Kraw\u0119d\u017a tn\u0105ca: 7,8 cm<\/span><br \/>\n<span title=\"\">Grubo\u015b\u0107 ostrza: 0,32 cm<\/span><br \/>\n<span title=\"\">Materia\u0142 ostrza: Elmax<\/span><br \/>\n<span title=\"\">Styl ostrza: bagnet<\/span><br \/>\n<span class=\"\" title=\"\">Wstawki: p\u0142askie<\/span><br \/>\n<span title=\"\">Wyko\u0144czenie: czarne<\/span><br \/>\n<span title=\"\">Typ obramowania: Zwyk\u0142y<\/span><br \/>\n<span title=\"\">D\u0142ugo\u015b\u0107 r\u0105czki: 12,5 cm<\/span><br \/>\n<span title=\"\">Grubo\u015b\u0107 r\u0105czki: 1,17 cm<\/span><br \/>\n<span class=\"\" title=\"\">Materia\u0142 r\u0119koje\u015bci: aluminium<\/span><br \/>\n<span title=\"\">czarny kolor<\/span><br \/>\n<span class=\"\" title=\"\">Waga: 3,37 uncji<\/span><br \/>\n<span title=\"\">U\u017cytkownik: Prawa r\u0119ka<\/span><br \/>\n<span title=\"\">Klips kieszonkowy: sk\u0142adany w d\u00f3\u0142<\/span><br \/>\n<span title=\"\">Typ no\u017ca: Automatyczny OTF Double Action<\/span><br \/>\n<span title=\"\">Otwieracz: kciuk<\/span><br \/>\n<span title=\"\">Marka: Microtech<\/span><br \/>\n<span title=\"\">Model: Ultratech<\/span><br \/>\n<span title=\"\">Numer modelu: 121-1TCC<\/span><br \/>\n<span title=\"\">Kraj pochodzenia: USA<\/span><br \/>\n<span title=\"\">Najlepsze zastosowanie: codziennie<\/span><\/span><\/p>\n<p><iframe title=\"Microtech Combat Troodon Torture Test\" width=\"800\" height=\"450\" src=\"https:\/\/www.youtube.com\/embed\/xE9TeOFYEjg?feature=oembed\" frameborder=\"0\" allow=\"accelerometer; autoplay; clipboard-write; encrypted-media; gyroscope; picture-in-picture; web-share\" allowfullscreen><\/iframe><\/p>\n<p>&nbsp;<\/p>\n","protected":false},"excerpt":{"rendered":"<p>Przez lata <strong>Microtech\u00ae Knives<\/strong> wype\u0142nia\u0142 no\u017ce pasj\u0105 i umiej\u0119tno\u015bciami, aby stworzy\u0107 niemal dzie\u0142a sztuki, kt\u00f3re s\u0105 szczytem funkcjonalno\u015bci.Wszystkie cz\u0119\u015bci s\u0105 produkowane w USA.<br \/>\n<strong>Wszystkie no\u017ce Microtech obj\u0119te s\u0105 do\u017cywotni\u0105 gwarancj\u0105.<\/strong><\/p>\n","protected":false},"featured_media":209346,"comment_status":"open","ping_status":"closed","template":"","meta":[],"pwb-brand":[3279],"product_brand":[],"product_cat":[3296,3344],"product_tag":[3671],"class_list":{"0":"post-306090","1":"product","2":"type-product","3":"status-publish","4":"has-post-thumbnail","6":"pwb-brand-microtech-pl","7":"product_cat-noze-pl","8":"product_cat-noze-strzeleckie","9":"product_tag-b2b-pl","11":"first","12":"instock","13":"taxable","14":"shipping-taxable","15":"purchasable","16":"product-type-simple"},"brands":[{"id":3279,"name":"Microtech","slug":"microtech-pl"}],"_links":{"self":[{"href":"https:\/\/www.moskito.cz\/pl\/wp-json\/wp\/v2\/product\/306090","targetHints":{"allow":["GET"]}}],"collection":[{"href":"https:\/\/www.moskito.cz\/pl\/wp-json\/wp\/v2\/product"}],"about":[{"href":"https:\/\/www.moskito.cz\/pl\/wp-json\/wp\/v2\/types\/product"}],"replies":[{"embeddable":true,"href":"https:\/\/www.moskito.cz\/pl\/wp-json\/wp\/v2\/comments?post=306090"}],"wp:featuredmedia":[{"embeddable":true,"href":"https:\/\/www.moskito.cz\/pl\/wp-json\/wp\/v2\/media\/209346"}],"wp:attachment":[{"href":"https:\/\/www.moskito.cz\/pl\/wp-json\/wp\/v2\/media?parent=306090"}],"wp:term":[{"taxonomy":"pwb-brand","embeddable":true,"href":"https:\/\/www.moskito.cz\/pl\/wp-json\/wp\/v2\/pwb-brand?post=306090"},{"taxonomy":"product_brand","embeddable":true,"href":"https:\/\/www.moskito.cz\/pl\/wp-json\/wp\/v2\/product_brand?post=306090"},{"taxonomy":"product_cat","embeddable":true,"href":"https:\/\/www.moskito.cz\/pl\/wp-json\/wp\/v2\/product_cat?post=306090"},{"taxonomy":"product_tag","embeddable":true,"href":"https:\/\/www.moskito.cz\/pl\/wp-json\/wp\/v2\/product_tag?post=306090"}],"curies":[{"name":"wp","href":"https:\/\/api.w.org\/{rel}","templated":true}]}}