{"id":306124,"date":"2022-04-21T11:20:21","date_gmt":"2024-02-05T20:18:35","guid":{"rendered":"https:\/\/www.moskito.cz\/produkt\/noz-strzelecki-microtech-ultratech-stonewashed-123-10bl\/"},"modified":"2025-05-07T10:55:44","modified_gmt":"2025-05-07T09:55:44","slug":"noz-strzelecki-microtech-ultratech-stonewashed-123-10bl","status":"publish","type":"product","link":"https:\/\/www.moskito.cz\/pl\/produkt\/noz-strzelecki-microtech-ultratech-stonewashed-123-10bl\/","title":{"rendered":"N\u00f3\u017c strzelecki Microtech Ultratech Stonewashed 123-10BL"},"content":{"rendered":"<p>N\u00f3\u017c strzelecki <strong>Microtech<\/strong> Ultratech Stonewashed 123-10BL<\/p>\n<p>Przedni automatyczny n\u00f3\u017c Ultratech Dual Action firmy Microtech wyznacza standardy w tej kategorii. Ta wersja ma anodowan\u0105 na niebiesko i formowan\u0105 r\u0119koje\u015b\u0107 oraz satynowe wyko\u0144czenie, CTS-204P, obosieczne ostrze.<\/p>\n<p>Zupe\u0142nie nowy, bezpo\u015brednio od Microtech Knives. Wykonane w USA.<\/p>\n<p>Ostrze ma majestatyczne satynowe wyko\u0144czenie i podw\u00f3jnie g\u0142adkie standardowe kraw\u0119dzie tn\u0105ce na g\u00f3rze i na dole. Ostrze o drobnym szpicu wykonane zosta\u0142o z najwy\u017cszej jako\u015bci ameryka\u0144skiej stali nierdzewnej CTS-204P. Ostrze o d\u0142ugo\u015bci 3,44 cala ma mechanizm otwierania i zamykania o podw\u00f3jnym dzia\u0142aniu. Wystarczy przesun\u0105\u0107 suwak kciuka z boku uchwytu w g\u00f3r\u0119, aby roz\u0142o\u017cy\u0107, lub w d\u00f3\u0142, aby go schowa\u0107. Wewn\u0119trzna spr\u0119\u017cyna pozostaje nieruchoma zar\u00f3wno w pozycji otwartej, jak i zamkni\u0119tej, aby zmniejszy\u0107 zu\u017cycie. Akcja jest p\u0142ynna i szybka.<\/p>\n<p>R\u0119koje\u015b\u0107: G\u0142adkie, anodowane na niebiesko aluminium 6061-T6 ma wyprofilowane kraw\u0119dzie, kt\u00f3re zapewniaj\u0105 nie tylko wygodne czucie w d\u0142oni, ale tak\u017ce p\u0142ynne wchodzenie i wychodzenie z kieszeni. Na zewn\u0119trznej stronie znajduje si\u0119 kilka obszar\u00f3w o maszynowo rowkowanej teksturze, kt\u00f3re poprawiaj\u0105 przyczepno\u015b\u0107. Ten l\u017cejszy i bardziej ergonomiczny uchwyt jest przyjemny dla d\u0142oni i oczu. Konstrukcj\u0119 r\u0119koje\u015bci uzupe\u0142niaj\u0105 opatentowane przez firm\u0119 Microtech okucia, ko\u0144c\u00f3wka do t\u0142uczenia szk\u0142a oraz wybijany klips kieszeniowy z indywidualnym numerem seryjnym\/dat\u0105 produkcji.<\/p>\n<p>Nosi si\u0119 go w prawej r\u0119ce, klips przy kieszeni jest tylko wysuwany.<\/p>\n<p>CTS-204P: Stal narz\u0119dziowa wykonana metod\u0105 metalurgii proszk\u00f3w o wysokiej wytrzyma\u0142o\u015bci. Stal zawiera du\u017c\u0105 ilo\u015b\u0107 niezwykle twardych w\u0119glik\u00f3w wanadu, kt\u00f3re zapewniaj\u0105 doskona\u0142\u0105 odporno\u015b\u0107 na zu\u017cycie. CTS-204P ma jedn\u0105 z najwy\u017cszych obecnie dost\u0119pnych zawarto\u015bci chromu w stalach nierdzewnych o wysokiej zawarto\u015bci wanadu. Bogata w chrom matryca zapewnia doskona\u0142\u0105 odporno\u015b\u0107 na korozj\u0119. Analogi do CTS-204P obejmuj\u0105 CPM-20CV i Bohler M390.<\/p>\n<p>Nale\u017cy pami\u0119ta\u0107, \u017ce nie mo\u017cna okre\u015bli\u0107 stali ostrza, poniewa\u017c mo\u017ce si\u0119 ona r\u00f3\u017cni\u0107 w zale\u017cno\u015bci od dost\u0119pno\u015bci (informacje od Microtech)<\/p>\n<p>D\u0142ugo\u015b\u0107 ca\u0142kowita: 22 cm<br \/>\nD\u0142ugo\u015b\u0107 ostrza: 8,6 cm<br \/>\nMateria\u0142 ostrza: Stonewashed CTS-204P<br \/>\nStyl ostrza: Tanto<br \/>\nWstawki: p\u0142askie<br \/>\nTyp obramowania: Zwyk\u0142y<br \/>\nMateria\u0142 r\u0119koje\u015bci: aluminium<br \/>\nWaga: 3,60 uncji<br \/>\nU\u017cytkownik: Prawa r\u0119ka<br \/>\nKlips kieszonkowy: sk\u0142adany w d\u00f3\u0142<br \/>\nTyp no\u017ca: Automatyczny OTF Double Action<br \/>\nOtwieracz: kciuk<br \/>\nMarka: Microtech<br \/>\nModel: Ultratech<\/p>\n<p><iframe title=\"Microtech Combat Troodon Torture Test\" width=\"800\" height=\"450\" src=\"https:\/\/www.youtube.com\/embed\/xE9TeOFYEjg?feature=oembed\" frameborder=\"0\" allow=\"accelerometer; autoplay; clipboard-write; encrypted-media; gyroscope; picture-in-picture; web-share\" allowfullscreen><\/iframe><\/p>\n<p>&nbsp;<\/p>\n<p>&nbsp;<\/p>\n","protected":false},"excerpt":{"rendered":"<div class=\"elementor-element elementor-element-bbb542b elementor-widget elementor-widget-woocommerce-product-short-description\" data-id=\"bbb542b\" data-element_type=\"widget\" data-widget_type=\"woocommerce-product-short-description.default\">\n<div class=\"elementor-widget-container\">\n<div class=\"woocommerce-product-details__short-description\">\n<p>Przez lata <strong>Microtech\u00ae<\/strong> Knives wype\u0142nia\u0142 no\u017ce pasj\u0105 i umiej\u0119tno\u015bciami, aby tworzy\u0107 niemal dzie\u0142a sztuki, kt\u00f3re s\u0105 szczytem funkcjonalno\u015bci.Wszystkie cz\u0119\u015bci s\u0105 produkowane w USA.<br \/>\n<strong>Wszystkie no\u017ce Microtech obj\u0119te s\u0105 do\u017cywotni\u0105 gwarancj\u0105.<\/strong><\/p>\n<p><strong>Bezp\u0142atny transport.<\/strong><\/p>\n<\/div>\n<\/div>\n<\/div>\n","protected":false},"featured_media":306133,"comment_status":"open","ping_status":"closed","template":"","meta":[],"pwb-brand":[3279],"product_brand":[],"product_cat":[3296,3344],"product_tag":[3671],"class_list":{"0":"post-306124","1":"product","2":"type-product","3":"status-publish","4":"has-post-thumbnail","6":"pwb-brand-microtech-pl","7":"product_cat-noze-pl","8":"product_cat-noze-strzeleckie","9":"product_tag-b2b-pl","11":"first","12":"instock","13":"taxable","14":"shipping-taxable","15":"purchasable","16":"product-type-simple"},"brands":[{"id":3279,"name":"Microtech","slug":"microtech-pl"}],"_links":{"self":[{"href":"https:\/\/www.moskito.cz\/pl\/wp-json\/wp\/v2\/product\/306124","targetHints":{"allow":["GET"]}}],"collection":[{"href":"https:\/\/www.moskito.cz\/pl\/wp-json\/wp\/v2\/product"}],"about":[{"href":"https:\/\/www.moskito.cz\/pl\/wp-json\/wp\/v2\/types\/product"}],"replies":[{"embeddable":true,"href":"https:\/\/www.moskito.cz\/pl\/wp-json\/wp\/v2\/comments?post=306124"}],"wp:featuredmedia":[{"embeddable":true,"href":"https:\/\/www.moskito.cz\/pl\/wp-json\/wp\/v2\/media\/306133"}],"wp:attachment":[{"href":"https:\/\/www.moskito.cz\/pl\/wp-json\/wp\/v2\/media?parent=306124"}],"wp:term":[{"taxonomy":"pwb-brand","embeddable":true,"href":"https:\/\/www.moskito.cz\/pl\/wp-json\/wp\/v2\/pwb-brand?post=306124"},{"taxonomy":"product_brand","embeddable":true,"href":"https:\/\/www.moskito.cz\/pl\/wp-json\/wp\/v2\/product_brand?post=306124"},{"taxonomy":"product_cat","embeddable":true,"href":"https:\/\/www.moskito.cz\/pl\/wp-json\/wp\/v2\/product_cat?post=306124"},{"taxonomy":"product_tag","embeddable":true,"href":"https:\/\/www.moskito.cz\/pl\/wp-json\/wp\/v2\/product_tag?post=306124"}],"curies":[{"name":"wp","href":"https:\/\/api.w.org\/{rel}","templated":true}]}}