{"id":306127,"date":"2019-02-09T11:27:29","date_gmt":"2024-02-05T20:18:38","guid":{"rendered":"https:\/\/www.moskito.cz\/produkt\/skladany-noz-damascenski-boker-scout-amboina\/"},"modified":"2025-07-11T07:48:12","modified_gmt":"2025-07-11T06:48:12","slug":"skladany-noz-damascenski-boker-scout-amboina","status":"publish","type":"product","link":"https:\/\/www.moskito.cz\/pl\/produkt\/skladany-noz-damascenski-boker-scout-amboina\/","title":{"rendered":"Sk\u0142adany n\u00f3\u017c damasce\u0144ski B\u00f6ker Scout Amboina"},"content":{"rendered":"<p>Sk\u0142adany n\u00f3\u017c damasce\u0144ski <strong>B\u00f6ker<\/strong> Scout Amboina.<\/p>\n<p>B\u00f6ker Solingen Manufaktur kontynuuje niemieck\u0105 tradycj\u0119 s\u0142ynnych no\u017cy od 1869 roku. Ta marka premium produkuje r\u0119cznie no\u017ce my\u015bliwskie, obronne, do noszenia na co dzie\u0144, a tak\u017ce wojskowe specjalne, przeznaczone do najci\u0119\u017cszych warunk\u00f3w.<\/p>\n<p>D\u0142ugo\u015b\u0107 ca\u0142kowita: 18 cm<br \/>\nD\u0142ugo\u015b\u0107 ostrza: 7,8 cm<br \/>\nGrubo\u015b\u0107 ostrza: 3 mm<br \/>\nWaga: 508 g<br \/>\nMateria\u0142 ostrza: Damaszek<br \/>\nMateria\u0142 r\u0119koje\u015bci: Amboina<\/p>\n","protected":false},"excerpt":{"rendered":"<p>N\u00f3\u017c zamykaj\u0105cy <strong>Ama\u0161ka<\/strong> .<\/p>\n","protected":false},"featured_media":190052,"comment_status":"open","ping_status":"closed","template":"","meta":[],"pwb-brand":[3423],"product_brand":[],"product_cat":[3296,3421],"product_tag":[],"class_list":{"0":"post-306127","1":"product","2":"type-product","3":"status-publish","4":"has-post-thumbnail","6":"pwb-brand-bokera","7":"product_cat-noze-pl","8":"product_cat-noze-damascenskie","10":"first","11":"onbackorder","12":"taxable","13":"shipping-taxable","14":"purchasable","15":"product-type-simple"},"brands":[{"id":3423,"name":"Bokera","slug":"bokera"}],"_links":{"self":[{"href":"https:\/\/www.moskito.cz\/pl\/wp-json\/wp\/v2\/product\/306127","targetHints":{"allow":["GET"]}}],"collection":[{"href":"https:\/\/www.moskito.cz\/pl\/wp-json\/wp\/v2\/product"}],"about":[{"href":"https:\/\/www.moskito.cz\/pl\/wp-json\/wp\/v2\/types\/product"}],"replies":[{"embeddable":true,"href":"https:\/\/www.moskito.cz\/pl\/wp-json\/wp\/v2\/comments?post=306127"}],"wp:featuredmedia":[{"embeddable":true,"href":"https:\/\/www.moskito.cz\/pl\/wp-json\/wp\/v2\/media\/190052"}],"wp:attachment":[{"href":"https:\/\/www.moskito.cz\/pl\/wp-json\/wp\/v2\/media?parent=306127"}],"wp:term":[{"taxonomy":"pwb-brand","embeddable":true,"href":"https:\/\/www.moskito.cz\/pl\/wp-json\/wp\/v2\/pwb-brand?post=306127"},{"taxonomy":"product_brand","embeddable":true,"href":"https:\/\/www.moskito.cz\/pl\/wp-json\/wp\/v2\/product_brand?post=306127"},{"taxonomy":"product_cat","embeddable":true,"href":"https:\/\/www.moskito.cz\/pl\/wp-json\/wp\/v2\/product_cat?post=306127"},{"taxonomy":"product_tag","embeddable":true,"href":"https:\/\/www.moskito.cz\/pl\/wp-json\/wp\/v2\/product_tag?post=306127"}],"curies":[{"name":"wp","href":"https:\/\/api.w.org\/{rel}","templated":true}]}}