{"id":306136,"date":"2019-02-09T10:35:58","date_gmt":"2024-02-05T20:18:39","guid":{"rendered":"https:\/\/www.moskito.cz\/produkt\/spirograf-boker-special-run-classic\/"},"modified":"2025-07-11T07:48:12","modified_gmt":"2025-07-11T06:48:12","slug":"spirograf-boker-special-run-classic","status":"publish","type":"product","link":"https:\/\/www.moskito.cz\/pl\/produkt\/spirograf-boker-special-run-classic\/","title":{"rendered":"Spirograf B\u00f6ker Special Run Classic"},"content":{"rendered":"<p>Spirograf B\u00f6ker <strong>Special Run<\/strong> Classic.<br \/>\n<span class=\"tlid-translation translation\">Wyprodukowany w Solingen w Niemczech scyzoryk Hunter Lockback jest wykonany ze stali damasce\u0144skiej i r\u0119koje\u015bci z drewna Grenadill.  <\/span><\/p>\n<p>D\u0142ugo\u015b\u0107 ca\u0142kowita: 21cm<\/p>\n<p>D\u0142ugo\u015b\u0107 ostrza: 8,5 cm<\/p>\n<p><span class=\"tlid-translation translation\">Limitowana seria 199 szt.<\/span><\/p>\n","protected":false},"excerpt":{"rendered":"<p>N\u00f3\u017c sk\u0142adany <strong>damasce\u0144ski<\/strong> .<\/p>\n","protected":false},"featured_media":190067,"comment_status":"open","ping_status":"closed","template":"","meta":[],"pwb-brand":[3423],"product_brand":[],"product_cat":[3296,3421],"product_tag":[3671],"class_list":{"0":"post-306136","1":"product","2":"type-product","3":"status-publish","4":"has-post-thumbnail","6":"pwb-brand-bokera","7":"product_cat-noze-pl","8":"product_cat-noze-damascenskie","9":"product_tag-b2b-pl","11":"first","12":"outofstock","13":"taxable","14":"shipping-taxable","15":"purchasable","16":"product-type-simple"},"brands":[{"id":3423,"name":"Bokera","slug":"bokera"}],"_links":{"self":[{"href":"https:\/\/www.moskito.cz\/pl\/wp-json\/wp\/v2\/product\/306136","targetHints":{"allow":["GET"]}}],"collection":[{"href":"https:\/\/www.moskito.cz\/pl\/wp-json\/wp\/v2\/product"}],"about":[{"href":"https:\/\/www.moskito.cz\/pl\/wp-json\/wp\/v2\/types\/product"}],"replies":[{"embeddable":true,"href":"https:\/\/www.moskito.cz\/pl\/wp-json\/wp\/v2\/comments?post=306136"}],"wp:featuredmedia":[{"embeddable":true,"href":"https:\/\/www.moskito.cz\/pl\/wp-json\/wp\/v2\/media\/190067"}],"wp:attachment":[{"href":"https:\/\/www.moskito.cz\/pl\/wp-json\/wp\/v2\/media?parent=306136"}],"wp:term":[{"taxonomy":"pwb-brand","embeddable":true,"href":"https:\/\/www.moskito.cz\/pl\/wp-json\/wp\/v2\/pwb-brand?post=306136"},{"taxonomy":"product_brand","embeddable":true,"href":"https:\/\/www.moskito.cz\/pl\/wp-json\/wp\/v2\/product_brand?post=306136"},{"taxonomy":"product_cat","embeddable":true,"href":"https:\/\/www.moskito.cz\/pl\/wp-json\/wp\/v2\/product_cat?post=306136"},{"taxonomy":"product_tag","embeddable":true,"href":"https:\/\/www.moskito.cz\/pl\/wp-json\/wp\/v2\/product_tag?post=306136"}],"curies":[{"name":"wp","href":"https:\/\/api.w.org\/{rel}","templated":true}]}}