{"id":306156,"date":"2019-02-09T10:22:18","date_gmt":"2024-02-05T20:18:43","guid":{"rendered":"https:\/\/www.moskito.cz\/produkt\/solidny-noz-boker-amico-damascus\/"},"modified":"2025-07-11T07:48:11","modified_gmt":"2025-07-11T06:48:11","slug":"solidny-noz-boker-amico-damascus","status":"publish","type":"product","link":"https:\/\/www.moskito.cz\/pl\/produkt\/solidny-noz-boker-amico-damascus\/","title":{"rendered":"Solidny n\u00f3\u017c BOKER AMICO DAMASCUS"},"content":{"rendered":"<p>N\u00f3\u017c solidny BOKER AMICO <strong>DAMASCUS<\/strong> .  <\/p>\n<p>B\u00d6KER\u00ae to niemiecka firma produkuj\u0105ca no\u017ce najwy\u017cszej jako\u015bci. No\u017ce ze sta\u0142ym ostrzem, no\u017ce sk\u0142adane, no\u017ce kuchenne i stojaki, ze wzgl\u0119du na swoj\u0105 wyj\u0105tkow\u0105 jako\u015b\u0107, pokocha\u0142o wielu klient\u00f3w z ca\u0142ego \u015bwiata. Wszystkie no\u017ce wykonane s\u0105 z najlepszych, trwa\u0142ych materia\u0142\u00f3w i b\u0119d\u0105 niezast\u0105pionym pomocnikiem w domu, w warsztacie, na polowaniu i na wycieczce na \u0142ono natury. B\u0119d\u0105 \u015bwietnym prezentem dla Twoich bliskich i partner\u00f3w biznesowych. B\u0105d\u017a oryginalny, skorzystaj z mo\u017cliwo\u015bci graweru i dodaj na no\u017cu logo swojej firmy lub imi\u0119 odbiorcy.<\/p>\n<p><span class=\"tlid-translation translation\"><span class=\"\" title=\"\">Materia\u0142 ostrza: stal damasce\u0144ska<\/span><br \/>\n<span class=\"\" title=\"\">Materia\u0142 r\u0119koje\u015bci: drewno obrzynane<\/span><br \/>\n<span class=\"\" title=\"\">D\u0142ugo\u015b\u0107 no\u017ca: 16,25 cm (ca\u0142kowita)<\/span><br \/>\n<span class=\"\" title=\"\">Kraj producenta: Niemcy<\/span><br \/>\n<span class=\"\" title=\"\">Zawiera: drewniane pude\u0142ko wystawowe Boker, czarne sk\u00f3rzane etui.<\/span><\/span><\/p>\n","protected":false},"excerpt":{"rendered":"<p>Solidny n\u00f3\u017c <strong>damasce\u0144ski<\/strong> z pochw\u0105.<\/p>\n","protected":false},"featured_media":190070,"comment_status":"open","ping_status":"closed","template":"","meta":[],"pwb-brand":[3423],"product_brand":[],"product_cat":[3296,3421],"product_tag":[3671],"class_list":{"0":"post-306156","1":"product","2":"type-product","3":"status-publish","4":"has-post-thumbnail","6":"pwb-brand-bokera","7":"product_cat-noze-pl","8":"product_cat-noze-damascenskie","9":"product_tag-b2b-pl","11":"first","12":"instock","13":"taxable","14":"shipping-taxable","15":"purchasable","16":"product-type-simple"},"brands":[{"id":3423,"name":"Bokera","slug":"bokera"}],"_links":{"self":[{"href":"https:\/\/www.moskito.cz\/pl\/wp-json\/wp\/v2\/product\/306156","targetHints":{"allow":["GET"]}}],"collection":[{"href":"https:\/\/www.moskito.cz\/pl\/wp-json\/wp\/v2\/product"}],"about":[{"href":"https:\/\/www.moskito.cz\/pl\/wp-json\/wp\/v2\/types\/product"}],"replies":[{"embeddable":true,"href":"https:\/\/www.moskito.cz\/pl\/wp-json\/wp\/v2\/comments?post=306156"}],"wp:featuredmedia":[{"embeddable":true,"href":"https:\/\/www.moskito.cz\/pl\/wp-json\/wp\/v2\/media\/190070"}],"wp:attachment":[{"href":"https:\/\/www.moskito.cz\/pl\/wp-json\/wp\/v2\/media?parent=306156"}],"wp:term":[{"taxonomy":"pwb-brand","embeddable":true,"href":"https:\/\/www.moskito.cz\/pl\/wp-json\/wp\/v2\/pwb-brand?post=306156"},{"taxonomy":"product_brand","embeddable":true,"href":"https:\/\/www.moskito.cz\/pl\/wp-json\/wp\/v2\/product_brand?post=306156"},{"taxonomy":"product_cat","embeddable":true,"href":"https:\/\/www.moskito.cz\/pl\/wp-json\/wp\/v2\/product_cat?post=306156"},{"taxonomy":"product_tag","embeddable":true,"href":"https:\/\/www.moskito.cz\/pl\/wp-json\/wp\/v2\/product_tag?post=306156"}],"curies":[{"name":"wp","href":"https:\/\/api.w.org\/{rel}","templated":true}]}}