{"id":306162,"date":"2019-02-09T09:49:31","date_gmt":"2024-02-05T20:18:44","guid":{"rendered":"https:\/\/www.moskito.cz\/produkt\/noz-zamykajacy-special-run-explosionsdamast\/"},"modified":"2025-07-11T07:48:10","modified_gmt":"2025-07-11T06:48:10","slug":"noz-zamykajacy-special-run-explosionsdamast","status":"publish","type":"product","link":"https:\/\/www.moskito.cz\/pl\/produkt\/noz-zamykajacy-special-run-explosionsdamast\/","title":{"rendered":"N\u00f3\u017c zamykaj\u0105cy Special Run Explosionsdamast"},"content":{"rendered":"<p><span class=\"tlid-translation translation\"><span class=\"\" title=\"\">Zamykaj\u0105cy n\u00f3\u017c <strong>specjalny Run<\/strong> Explosionsdamast.<\/span><\/span><\/p>\n<p><span class=\"tlid-translation translation\"><span class=\"\" title=\"\">Popularna seria B\u00f6ker 3000, kt\u00f3ra sprawdzi\u0142a si\u0119 w \u017cyciu codziennym i na polowaniu, zosta\u0142a wzbogacona o ekskluzywn\u0105, limitowan\u0105 edycj\u0119.<\/span><\/span><\/p>\n<p><span class=\"\" title=\"\">R\u0119cznie kuty n\u00f3\u017c damasce\u0144ski marki Andreas Henrichs osadzony jest w r\u0119koje\u015bci ze szczotkowanej stali nierdzewnej.<\/span> <span class=\"\" title=\"\">R\u0119koje\u015b\u0107 wykonana jest z r\u0119cznie zbieranego drewna macassar i nadaje temu specjalnemu przedmiotowi kolekcjonerskiemu ekskluzywny charakter i harmonizuje z jego s\u0142ojami w spos\u00f3b niepor\u00f3wnywalny z ekspresowym damasce\u0144skim.<\/span><\/p>\n<p><span title=\"\">Scyzoryk jest limitowany do 199 egzemplarzy na ca\u0142ym \u015bwiecie.<\/span><br \/>\n<span title=\"\">Dostawa odbywa si\u0119 w ekskluzywnym pude\u0142ku kolekcjonerskim i wraz z certyfikatem autentyczno\u015bci scyzoryka B\u00f6ker.<\/span><\/p>\n<p><span title=\"\"><span class=\"tlid-translation translation\"><span class=\"\" title=\"\">N\u00f3\u017c zamykaj\u0105cy Special Run Explosionsdamast<\/span><\/span><\/span><\/p>\n<p><span title=\"\">D\u0142ugo\u015b\u0107 ca\u0142kowita 20 cm.<\/span> <span title=\"\">Ostrze 8,5 cm.<\/span> <span title=\"\">Waga 165 g.<\/span><\/p>\n","protected":false},"excerpt":{"rendered":"<p><span class=\"tlid-translation translation\"><span class=\"\" title=\"\">Limitowana edycja scyzoryka <strong>B\u00f6ker<\/strong> z serii 3000.<br \/>\n<\/span><\/span><\/p>\n","protected":false},"featured_media":190076,"comment_status":"open","ping_status":"closed","template":"","meta":[],"pwb-brand":[3423],"product_brand":[],"product_cat":[3296,3421],"product_tag":[3671],"class_list":{"0":"post-306162","1":"product","2":"type-product","3":"status-publish","4":"has-post-thumbnail","6":"pwb-brand-bokera","7":"product_cat-noze-pl","8":"product_cat-noze-damascenskie","9":"product_tag-b2b-pl","11":"first","12":"instock","13":"taxable","14":"shipping-taxable","15":"purchasable","16":"product-type-simple"},"brands":[{"id":3423,"name":"Bokera","slug":"bokera"}],"_links":{"self":[{"href":"https:\/\/www.moskito.cz\/pl\/wp-json\/wp\/v2\/product\/306162","targetHints":{"allow":["GET"]}}],"collection":[{"href":"https:\/\/www.moskito.cz\/pl\/wp-json\/wp\/v2\/product"}],"about":[{"href":"https:\/\/www.moskito.cz\/pl\/wp-json\/wp\/v2\/types\/product"}],"replies":[{"embeddable":true,"href":"https:\/\/www.moskito.cz\/pl\/wp-json\/wp\/v2\/comments?post=306162"}],"wp:featuredmedia":[{"embeddable":true,"href":"https:\/\/www.moskito.cz\/pl\/wp-json\/wp\/v2\/media\/190076"}],"wp:attachment":[{"href":"https:\/\/www.moskito.cz\/pl\/wp-json\/wp\/v2\/media?parent=306162"}],"wp:term":[{"taxonomy":"pwb-brand","embeddable":true,"href":"https:\/\/www.moskito.cz\/pl\/wp-json\/wp\/v2\/pwb-brand?post=306162"},{"taxonomy":"product_brand","embeddable":true,"href":"https:\/\/www.moskito.cz\/pl\/wp-json\/wp\/v2\/product_brand?post=306162"},{"taxonomy":"product_cat","embeddable":true,"href":"https:\/\/www.moskito.cz\/pl\/wp-json\/wp\/v2\/product_cat?post=306162"},{"taxonomy":"product_tag","embeddable":true,"href":"https:\/\/www.moskito.cz\/pl\/wp-json\/wp\/v2\/product_tag?post=306162"}],"curies":[{"name":"wp","href":"https:\/\/api.w.org\/{rel}","templated":true}]}}