{"id":306171,"date":"2019-02-09T09:25:13","date_gmt":"2024-02-05T20:18:46","guid":{"rendered":"https:\/\/www.moskito.cz\/produkt\/noz-skladany-boker-special-run-thorn-mokuti-113210\/"},"modified":"2025-07-11T07:48:10","modified_gmt":"2025-07-11T06:48:10","slug":"noz-skladany-boker-special-run-thorn-mokuti-113210","status":"publish","type":"product","link":"https:\/\/www.moskito.cz\/pl\/produkt\/noz-skladany-boker-special-run-thorn-mokuti-113210\/","title":{"rendered":"N\u00f3\u017c sk\u0142adany Boker Special Run Thorn Mokuti 113210"},"content":{"rendered":"<p>N\u00f3\u017c sk\u0142adany Boker Special Run Thorn Mokuti 113210.<\/p>\n<p><span class=\"tlid-translation translation\">Po bardzo udanym Ans\u00f8 67 Mokuti, kt\u00f3ry pojawi\u0142 si\u0119 w 2012 roku w limitowanej ma\u0142ej serii i wyprzeda\u0142 si\u0119 w ci\u0105gu kilku dni, z Thorne Mokuti (Design Jim Burke z Mississippi \/ USA) chcieliby\u015bmy zaprezentowa\u0107 wszystkim kolekcjonerom nowy projekt, kt\u00f3ry nurkuje jeszcze g\u0142\u0119biej w \u201eMokuti\u201d. Chad Nichols, r\u00f3wnie\u017c pochodz\u0105cy z Mississippi, posiadaj\u0105cy damaszek ze stali nierdzewnej, kt\u00f3rego u\u017cywali\u015bmy ju\u017c w niekt\u00f3rych naszych no\u017cach damasce\u0144skich, jest jednym z niewielu kowali, kt\u00f3rzy na ca\u0142ym \u015bwiecie opanowali produkcj\u0119 tego damasce\u0144skiego kompozytu dw\u00f3ch stop\u00f3w tytanu. W bardzo z\u0142o\u017conym procesie kucia z dw\u00f3ch r\u00f3\u017cnych stop\u00f3w tytanu powstaje materia\u0142, kt\u00f3ry jest nie tylko bardzo ekskluzywny, ale tak\u017ce niezwykle trwa\u0142y. Z tego innowacyjnego i unikalnego materia\u0142u, kt\u00f3ry w przeciwnym razie by\u0142by u\u017cywany wy\u0142\u0105cznie w wysokiej jako\u015bci no\u017cach na zam\u00f3wienie, B\u00f6ker produkuje wy\u0142\u0105cznie kompletny n\u00f3\u017c ramowy w ramach seryjnej produkcji no\u017cy w B\u00f6ker Manufaktur Solingen. Aby zwi\u0119kszy\u0107 poziom wyrafinowania i ekskluzywno\u015bci w stosunku do pierwszego modelu Mokuti, Thorn Mokuti oferuje kompletny uchwyt wykonany ze szlachetnego materia\u0142u. Tylna pokrywa r\u00f3wnie\u017c jest wykonana z Mokuti i ma konstrukcj\u0119 tytanowego zamka, podobnie jak model standardowy. Odka\u017cony klips zapewnia dodatkowe podkre\u015blenie tylnej cz\u0119\u015bci r\u0119koje\u015bci. Je\u015bli chodzi o ostrze, aby osi\u0105gn\u0105\u0107 wysoki poziom tego ekskluzywnego no\u017ca kolekcjonerskiego, wybrali\u015bmy stal proszkow\u0105 CPM S35-VN, kt\u00f3ra wyznacza nowe standardy w zakresie utrzymywania kraw\u0119dzi tn\u0105cej i innych w\u0142a\u015bciwo\u015bci. Drobno szlifowane ostrze wyr\u00f3\u017cnia si\u0119 dwukolorow\u0105 powierzchni\u0105, kt\u00f3ra zapewnia dynamiczny, a jednocze\u015bnie harmonijny szlif. Zapewnia to przeniesienie zamierzonej ekskluzywno\u015bci tego projektu z r\u0119koje\u015bci na ostrze. Wyprodukowano jedynie 199 no\u017cy w dw\u00f3ch \u015bci\u015ble limitowanych seriach, jednej na Europ\u0119 i drugiej na USA, ka\u017cdy z odpowiednim, zakodowanym numerem seryjnym. W zestawie z certyfikatem i w wysokiej jako\u015bci pude\u0142ku kolekcjonerskim.<br \/>\nDane techniczne<\/span><\/p>\n<p>D\u0142ugo\u015b\u0107 ca\u0142kowita: 15,9 cm<br \/>\nD\u0142ugo\u015b\u0107 ostrza: 6,6 cm<br \/>\nWaga: 87 g<br \/>\nGrubo\u015b\u0107 ostrza: 3,5 mm<br \/>\nMateria\u0142 ostrza: CPM S-35VN<br \/>\nMateria\u0142 r\u0119koje\u015bci: tytan<br \/>\nProjektant: Jim Burke<\/p>\n<p>&nbsp;<\/p>\n","protected":false},"excerpt":{"rendered":"<p>N\u00f3\u017c blokuj\u0105cy z bezpiecznikiem.<\/p>\n","protected":false},"featured_media":198642,"comment_status":"open","ping_status":"closed","template":"","meta":[],"pwb-brand":[3423],"product_brand":[],"product_cat":[3296,3307],"product_tag":[3671],"class_list":{"0":"post-306171","1":"product","2":"type-product","3":"status-publish","4":"has-post-thumbnail","6":"pwb-brand-bokera","7":"product_cat-noze-pl","8":"product_cat-zamykanie-nozy","9":"product_tag-b2b-pl","11":"first","12":"instock","13":"taxable","14":"shipping-taxable","15":"purchasable","16":"product-type-simple"},"brands":[{"id":3423,"name":"Bokera","slug":"bokera"}],"_links":{"self":[{"href":"https:\/\/www.moskito.cz\/pl\/wp-json\/wp\/v2\/product\/306171","targetHints":{"allow":["GET"]}}],"collection":[{"href":"https:\/\/www.moskito.cz\/pl\/wp-json\/wp\/v2\/product"}],"about":[{"href":"https:\/\/www.moskito.cz\/pl\/wp-json\/wp\/v2\/types\/product"}],"replies":[{"embeddable":true,"href":"https:\/\/www.moskito.cz\/pl\/wp-json\/wp\/v2\/comments?post=306171"}],"wp:featuredmedia":[{"embeddable":true,"href":"https:\/\/www.moskito.cz\/pl\/wp-json\/wp\/v2\/media\/198642"}],"wp:attachment":[{"href":"https:\/\/www.moskito.cz\/pl\/wp-json\/wp\/v2\/media?parent=306171"}],"wp:term":[{"taxonomy":"pwb-brand","embeddable":true,"href":"https:\/\/www.moskito.cz\/pl\/wp-json\/wp\/v2\/pwb-brand?post=306171"},{"taxonomy":"product_brand","embeddable":true,"href":"https:\/\/www.moskito.cz\/pl\/wp-json\/wp\/v2\/product_brand?post=306171"},{"taxonomy":"product_cat","embeddable":true,"href":"https:\/\/www.moskito.cz\/pl\/wp-json\/wp\/v2\/product_cat?post=306171"},{"taxonomy":"product_tag","embeddable":true,"href":"https:\/\/www.moskito.cz\/pl\/wp-json\/wp\/v2\/product_tag?post=306171"}],"curies":[{"name":"wp","href":"https:\/\/api.w.org\/{rel}","templated":true}]}}