{"id":306182,"date":"2019-02-09T11:55:47","date_gmt":"2024-02-05T20:18:49","guid":{"rendered":"https:\/\/www.moskito.cz\/produkt\/noz-zamykajacy-boker-epicenter-01bo170\/"},"modified":"2025-07-11T07:48:13","modified_gmt":"2025-07-11T06:48:13","slug":"noz-zamykajacy-boker-epicenter-01bo170","status":"publish","type":"product","link":"https:\/\/www.moskito.cz\/pl\/produkt\/noz-zamykajacy-boker-epicenter-01bo170\/","title":{"rendered":"N\u00f3\u017c zamykaj\u0105cy B\u00f6ker Epicenter 01BO170"},"content":{"rendered":"<p>N\u00f3\u017c zamykaj\u0105cy <strong>B\u00f6ker<\/strong> Epicenter 01BO170.<\/p>\n<p>B\u00d6KER\u00ae to niemiecka firma produkuj\u0105ca no\u017ce najwy\u017cszej jako\u015bci. No\u017ce ze sta\u0142ym ostrzem, no\u017ce sk\u0142adane, no\u017ce kuchenne i stojaki, ze wzgl\u0119du na swoj\u0105 wyj\u0105tkow\u0105 jako\u015b\u0107, pokocha\u0142o wielu klient\u00f3w z ca\u0142ego \u015bwiata. Wszystkie no\u017ce wykonane s\u0105 z najlepszych, trwa\u0142ych materia\u0142\u00f3w i b\u0119d\u0105 niezast\u0105pionym pomocnikiem w domu, w warsztacie, na polowaniu i na wycieczce na \u0142ono natury. B\u0119d\u0105 \u015bwietnym prezentem dla Twoich bliskich i partner\u00f3w biznesowych. B\u0105d\u017a oryginalny, skorzystaj z mo\u017cliwo\u015bci graweru i dodaj na no\u017cu logo swojej firmy lub imi\u0119 odbiorcy.<\/p>\n<p>N\u00f3\u017c zamykaj\u0105cy B\u00f6ker Epicenter 01BO170:<\/p>\n<p>Blokada no\u017ca z bezpiecznikiem<br \/>\nD\u0142ugo\u015b\u0107 ca\u0142kowita: 21,2 cm.<br \/>\nD\u0142ugo\u015b\u0107 ostrza: 8,9 cm.<br \/>\nWaga: 200 g.<br \/>\nGrubo\u015b\u0107 ostrza: 4,0 mm.<br \/>\nMateria\u0142 ostrza: VG10.<br \/>\nMateria\u0142 r\u0119koje\u015bci: tytan.<\/p>\n","protected":false},"excerpt":{"rendered":"<p>N\u00f3\u017c blokowany z zabezpieczeniem i tytanow\u0105 r\u0119koje\u015bci\u0105.<\/p>\n","protected":false},"featured_media":198639,"comment_status":"open","ping_status":"closed","template":"","meta":[],"pwb-brand":[3423],"product_brand":[],"product_cat":[3296,3307],"product_tag":[],"class_list":{"0":"post-306182","1":"product","2":"type-product","3":"status-publish","4":"has-post-thumbnail","6":"pwb-brand-bokera","7":"product_cat-noze-pl","8":"product_cat-zamykanie-nozy","10":"first","11":"outofstock","12":"taxable","13":"shipping-taxable","14":"purchasable","15":"product-type-simple"},"brands":[{"id":3423,"name":"Bokera","slug":"bokera"}],"_links":{"self":[{"href":"https:\/\/www.moskito.cz\/pl\/wp-json\/wp\/v2\/product\/306182","targetHints":{"allow":["GET"]}}],"collection":[{"href":"https:\/\/www.moskito.cz\/pl\/wp-json\/wp\/v2\/product"}],"about":[{"href":"https:\/\/www.moskito.cz\/pl\/wp-json\/wp\/v2\/types\/product"}],"replies":[{"embeddable":true,"href":"https:\/\/www.moskito.cz\/pl\/wp-json\/wp\/v2\/comments?post=306182"}],"wp:featuredmedia":[{"embeddable":true,"href":"https:\/\/www.moskito.cz\/pl\/wp-json\/wp\/v2\/media\/198639"}],"wp:attachment":[{"href":"https:\/\/www.moskito.cz\/pl\/wp-json\/wp\/v2\/media?parent=306182"}],"wp:term":[{"taxonomy":"pwb-brand","embeddable":true,"href":"https:\/\/www.moskito.cz\/pl\/wp-json\/wp\/v2\/pwb-brand?post=306182"},{"taxonomy":"product_brand","embeddable":true,"href":"https:\/\/www.moskito.cz\/pl\/wp-json\/wp\/v2\/product_brand?post=306182"},{"taxonomy":"product_cat","embeddable":true,"href":"https:\/\/www.moskito.cz\/pl\/wp-json\/wp\/v2\/product_cat?post=306182"},{"taxonomy":"product_tag","embeddable":true,"href":"https:\/\/www.moskito.cz\/pl\/wp-json\/wp\/v2\/product_tag?post=306182"}],"curies":[{"name":"wp","href":"https:\/\/api.w.org\/{rel}","templated":true}]}}